{"id":9987,"date":"2020-09-29T14:32:41","date_gmt":"2020-09-29T12:32:41","guid":{"rendered":"https:\/\/itacpro.develacq.startgoconnection.es\/descargas\/"},"modified":"2026-01-14T18:51:21","modified_gmt":"2026-01-14T16:51:21","slug":"zasoby","status":"publish","type":"page","link":"https:\/\/www.itac-professional.com\/pl\/zasoby\/","title":{"rendered":"MATERIA\u0141Y DO POBRANIA"},"content":{"rendered":"<div class=\"wpb-content-wrapper\"><p>[vc_row][vc_column][vc_column_text]<\/p>\n<h1 style=\"text-align: center;\">ZASOBY<\/h1>\n<p>[\/vc_column_text][\/vc_column][\/vc_row][vc_row el_class=\u00bbrecursos-menu-anclas\u00bb][vc_column][vc_column_text]<\/p>\n<ul style=\"text-align: center;\">\n<li><a href=\"#przemysl\">PRZEMYS\u0141<\/a><\/li>\n<li><a href=\"#handel-detaliczny\">HANDEL DETALICZNY<\/a><\/li>\n<li><a href=\"#ebooki\">EBOOKI I RAPORTY<\/a><\/li>\n<\/ul>\n<p>[\/vc_column_text][\/vc_column][\/vc_row][vc_row disable_element=\u00bbyes\u00bb el_id=\u00bbfood-service\u00bb el_class=\u00bbtitular-recursos\u00bb][vc_column][vc_column_text]<\/p>\n<h2 style=\"font-size: 25px; text-align: left;\">ZASOBY<\/h2>\n<p>[\/vc_column_text][\/vc_column][\/vc_row][vc_row disable_element=\u00bbyes\u00bb el_class=\u00bbfila_recursos_descargas\u00bb][vc_column width=\u00bb1\/3&#8243; el_class=\u00bbdescargas_item\u00bb][vc_single_image image=\u00bb23274&#8243; img_size=\u00bbfull\u00bb][vc_wp_text]<\/p>\n<h3>HOTELARSTWO<\/h3>\n<p>Wszelkie rozwi\u0105zania w zakresie naszych produkt\u00f3w dla bran\u017cy restauracyjnej.[\/vc_wp_text][vc_column_text]<a class=\"dt-btn-s dt-btn post-details details-type-btn cat\" style=\"margin-left: 0%;\" href=\"https:\/\/www.itac-professional.com\/wp-content\/uploads\/2018\/10\/cat%C3%A1logo-horeca_digital.pdf\" target=\"_blank\" rel=\"noopener noreferrer\">POBIERZ<\/a>[\/vc_column_text][\/vc_column][vc_column width=\u00bb1\/3&#8243; el_class=\u00bbdescargas_item\u00bb][vc_single_image image=\u00bb9941&#8243; img_size=\u00bbfull\u00bb][vc_wp_text]<\/p>\n<h3>ZIARNA<\/h3>\n<p>Odkryj nowe produkty typu superfood do samodzielnego spo\u017cycia lub jako sk\u0142adniki innych potraw. Mog\u0105 by\u0107 stosowane w dietach wega\u0144skich i wegetaria\u0144skich.[\/vc_wp_text][vc_column_text]<a class=\"dt-btn-s dt-btn post-details details-type-btn cat\" style=\"margin-left: 0%;\" href=\"https:\/\/www.itac-professional.com\/wp-content\/uploads\/2018\/10\/catalogo_semillas_digital.pdf\" target=\"_blank\" rel=\"noopener noreferrer\">POBIERZ<\/a>[\/vc_column_text][\/vc_column][\/vc_row][vc_row el_id=\u00bbprzemysl\u00bb el_class=\u00bbtitular-recursos\u00bb][vc_column][vc_column_text]<\/p>\n<h2 style=\"font-size: 25px; text-align: left;\">PRZEMYS\u0141<\/h2>\n<p>[\/vc_column_text][\/vc_column][\/vc_row][vc_row equal_height=\u00bbyes\u00bb el_class=\u00bbfila_recursos_descargas\u00bb][vc_column width=\u00bb1\/3&#8243; el_class=\u00bbdescargas_item\u00bb][vc_single_image image=\u00bb9881&#8243; img_size=\u00bbfull\u00bb][vc_wp_text]<\/p>\n<h3>PRZEMYS\u0141 SPO\u017bYWCZY<\/h3>\n<p>Katalog produkt\u00f3w dla przemys\u0142u spo\u017cywczego.[\/vc_wp_text][vc_column_text]<a class=\"dt-btn-s dt-btn post-details details-type-btn cat\" style=\"margin-left: 0%;\" href=\"https:\/\/www.itac-professional.com\/wp-content\/uploads\/2018\/12\/Cat%C3%A1logo-industria_EN_digital.pdf\" target=\"_blank\" rel=\"noopener noreferrer\">POBIERZ<\/a>[\/vc_column_text][\/vc_column][vc_column width=\u00bb1\/3&#8243; el_class=\u00bbdescargas_item\u00bb][vc_single_image image=\u00bb23277&#8243; img_size=\u00bbfull\u00bb][vc_wp_text]<\/p>\n<h3>Katalog migda\u0142owy<\/h3>\n<p>Ca\u0142a kolekcja naszych migda\u0142\u00f3w w ca\u0142o\u015bci i przetworzonych.[\/vc_wp_text][vc_column_text]<a class=\"dt-btn-s dt-btn post-details details-type-btn cat\" style=\"margin-left: 0%;\" href=\"https:\/\/importaco.itac-professional.com\/pl\/pobieranie-migda%C5%82y-katalog\" target=\"_blank\" rel=\"noopener noreferrer\">POBIERZ<\/a>[\/vc_column_text][\/vc_column][vc_column width=\u00bb1\/3&#8243; el_class=\u00bbdescargas_item\u00bb][vc_single_image image=\u00bb9887&#8243; img_size=\u00bbfull\u00bb][vc_wp_text]<\/p>\n<h3>Migda\u0142owy<\/h3>\n<p>Nasze szerokie portfolio ca\u0142ych i przetworzonych migda\u0142\u00f3w.[\/vc_wp_text][vc_column_text]<a class=\"dt-btn-s dt-btn post-details details-type-btn cat\" style=\"margin-left: 0%;\" href=\"https:\/\/www.itac-professional.com\/wp-content\/uploads\/2019\/09\/Ficha_Filiprim_AAFF_poland_compressed.pdf\" target=\"_blank\" rel=\"noopener noreferrer\">POBIERZ<\/a>[\/vc_column_text][\/vc_column][\/vc_row][vc_row el_id=\u00bbhandel-detaliczny\u00bb el_class=\u00bbtitular-recursos\u00bb][vc_column][vc_column_text]<\/p>\n<h2 style=\"font-size: 25px; text-align: left;\">HANDEL DETALICZNY<\/h2>\n<p>[\/vc_column_text][\/vc_column][\/vc_row][vc_row el_class=\u00bbfila_recursos_descargas\u00bb][vc_column width=\u00bb1\/3&#8243; el_class=\u00bbdescargas_item\u00bb][vc_single_image image=\u00bb10019&#8243; img_size=\u00bbfull\u00bb][vc_wp_text]<\/p>\n<h3>Katalog produkt\u00f3w Itac 2020<\/h3>\n<p>Wszystkie nasze propozycje produktowe i ich opakowania dla handlu detalicznego.[\/vc_wp_text][vc_column_text]<a class=\"dt-btn-s dt-btn post-details details-type-btn cat\" style=\"margin-left: 0%;\" href=\"https:\/\/importaco.itac-professional.com\/pl\/odkryj-nowy-katalog-oferty-detalicznej-2020\" target=\"_blank\" rel=\"noopener noreferrer\">POBIERZ<\/a>[\/vc_column_text][\/vc_column][\/vc_row][vc_row el_class=\u00bbtitular-recursos\u00bb el_id=\u00bbebooki\u00bb][vc_column][vc_column_text]<\/p>\n<h2 style=\"font-size: 25px; text-align: left;\">EBOOKI I RAPORTY<\/h2>\n<p>[\/vc_column_text][\/vc_column][\/vc_row][vc_row equal_height=\u00bbyes\u00bb el_class=\u00bbfila_recursos_descargas\u00bb][vc_column width=\u00bb1\/3&#8243; el_class=\u00bbdescargas_item\u00bb][vc_single_image image=\u00bb12472&#8243; img_size=\u00bbfull\u00bb][vc_wp_text]<\/p>\n<h3>Migda\u0142y i orzeszki ziemne w rozwoju nowych produkt\u00f3w<\/h3>\n<p>Przyk\u0142ady ostatnio wprowadzonych produkt\u00f3w zawieraj\u0105cych migda\u0142y i orzeszki ziemne.<br \/>\nPobierz teraz.[\/vc_wp_text][vc_column_text css=\u00bb.vc_custom_1699014712169{padding-top: 25px !important;}\u00bb]<a class=\"dt-btn-s dt-btn post-details details-type-btn cat\" style=\"margin-left: 0%;\" href=\"https:\/\/importaco.itac-professional.com\/pl\/raport-migdaly-orzeszki-rozwoj-nowych-produktow\" target=\"_blank\" rel=\"noopener noreferrer\">POBIERZ<\/a>[\/vc_column_text][\/vc_column][vc_column width=\u00bb1\/3&#8243; el_class=\u00bbdescargas_item\u00bb][\/vc_column][vc_column width=\u00bb1\/3&#8243; el_class=\u00bbdescargas_item\u00bb][\/vc_column][\/vc_row][vc_row][vc_column][vc_raw_js]JTNDc2NyaXB0JTNFJTBBJTIwJTIwaWYlMjAlMjhsb2NhdGlvbi5oYXNoJTI5JTIwJTdCJTBBJTIwJTIwJTIwJTIwJTIwJTIwJTIwY29uc29sZS5sb2clMjhsb2NhdGlvbi5oYXNoJTI5JTNCJTBBJTIwJTIwJTIwJTIwJTIwJTIwJTIwdmFyJTIwcG9zaXRpb24lMjAlM0QlMjBqUXVlcnklMjglMjBsb2NhdGlvbi5oYXNoJTIwJTI5LnBvc2l0aW9uJTI4JTI5LnRvcCUzQiUwQSUyMCUyMCUyMCUyMCUyMCUyMCUyMGpRdWVyeSUyOCUyMmh0bWwlMkMlMjBib2R5JTIyJTI5LmFuaW1hdGUlMjglN0IlMjBzY3JvbGxUb3AlM0ElMjBwb3NpdGlvbiUyMCUyQiUyMDQzJTdEJTJDJTIwODAwJTI5JTNCJTIwJTBBJTIwJTIwJTdEJTBBJTBBJTIwJTIwalF1ZXJ5JTI4JTI3LnJlY3Vyc29zLW1lbnUtYW5jbGFzJTIwYSUyNyUyOS5jbGljayUyOGZ1bmN0aW9uJTI4ZSUyOSUyMCU3QiUwQSUyMCUyMCUyMCUyMCUyMCUyMCUyMCUyMGUucHJldmVudERlZmF1bHQlMjglMjklM0IlMEElMjAlMjAlMjAlMjAlMDl2YXIlMjB1cmwlMjAlM0QlMjBqUXVlcnklMjglMjB0aGlzJTIwJTI5LmF0dHIlMjglMjdocmVmJTI3JTI5JTNCJTBBJTIwJTIwJTIwJTIwJTA5dmFyJTIwcG9zaXRpb24lMjAlM0QlMjBqUXVlcnklMjglMjB1cmwlMjAlMjkucG9zaXRpb24lMjglMjkudG9wJTNCJTBBJTIwJTIwJTIwJTIwJTIwJTIwJTIwJTIwJTBBJTIwJTIwJTIwJTIwJTIwJTIwJTIwJTIwalF1ZXJ5JTI4JTIyaHRtbCUyQyUyMGJvZHklMjIlMjkuYW5pbWF0ZSUyOCU3QiUyMHNjcm9sbFRvcCUzQSUyMHBvc2l0aW9uJTIwJTJCJTIwNDMlN0QlMkMlMjA4MDAlMjklM0IlMjAlMjAlMEElMjAlMjAlMjAlMjAlN0QlMjklM0IlMEElM0MlMkZzY3JpcHQlM0U=[\/vc_raw_js][\/vc_column][\/vc_row]<\/p>\n<\/div>","protected":false},"excerpt":{"rendered":"<p>[vc_row][vc_column][vc_column_text] ZASOBY [\/vc_column_text][\/vc_column][\/vc_row][vc_row el_class=\u00bbrecursos-menu-anclas\u00bb][vc_column][vc_column_text] PRZEMYS\u0141 HANDEL DETALICZNY EBOOKI I RAPORTY [\/vc_column_text][\/vc_column][\/vc_row][vc_row disable_element=\u00bbyes\u00bb el_id=\u00bbfood-service\u00bb el_class=\u00bbtitular-recursos\u00bb][vc_column][vc_column_text] ZASOBY [\/vc_column_text][\/vc_column][\/vc_row][vc_row disable_element=\u00bbyes\u00bb el_class=\u00bbfila_recursos_descargas\u00bb][vc_column width=\u00bb1\/3&#8243; el_class=\u00bbdescargas_item\u00bb][vc_single_image image=\u00bb23274&#8243; img_size=\u00bbfull\u00bb][vc_wp_text] HOTELARSTWO Wszelkie rozwi\u0105zania w zakresie naszych produkt\u00f3w dla bran\u017cy restauracyjnej.[\/vc_wp_text][vc_column_text]POBIERZ[\/vc_column_text][\/vc_column][vc_column width=\u00bb1\/3&#8243; el_class=\u00bbdescargas_item\u00bb][vc_single_image image=\u00bb9941&#8243; img_size=\u00bbfull\u00bb][vc_wp_text] ZIARNA Odkryj nowe produkty typu superfood do samodzielnego spo\u017cycia lub jako sk\u0142adniki innych potraw. Mog\u0105 by\u0107 stosowane w dietach&hellip;<\/p>\n","protected":false},"author":1,"featured_media":0,"parent":0,"menu_order":0,"comment_status":"closed","ping_status":"closed","template":"","meta":{"_acf_changed":false,"content-type":"","footnotes":"","_links_to":"","_links_to_target":""},"class_list":["post-9987","page","type-page","status-publish","hentry"],"acf":[],"yoast_head":"<!-- This site is optimized with the Yoast SEO plugin v27.3 - https:\/\/yoast.com\/product\/yoast-seo-wordpress\/ -->\n<title>MATERIA\u0141Y DO POBRANIA - ITAC PROFESSIONAL<\/title>\n<meta name=\"robots\" content=\"index, follow, max-snippet:-1, max-image-preview:large, max-video-preview:-1\" \/>\n<link rel=\"canonical\" href=\"https:\/\/www.itac-professional.com\/pl\/zasoby\/\" \/>\n<meta property=\"og:locale\" content=\"es_ES\" \/>\n<meta property=\"og:type\" content=\"article\" \/>\n<meta property=\"og:title\" content=\"MATERIA\u0141Y DO POBRANIA - ITAC PROFESSIONAL\" \/>\n<meta property=\"og:description\" content=\"[vc_row][vc_column][vc_column_text] ZASOBY [\/vc_column_text][\/vc_column][\/vc_row][vc_row el_class=\u00bbrecursos-menu-anclas\u00bb][vc_column][vc_column_text] PRZEMYS\u0141 HANDEL DETALICZNY EBOOKI I RAPORTY [\/vc_column_text][\/vc_column][\/vc_row][vc_row disable_element=\u00bbyes\u00bb el_id=\u00bbfood-service\u00bb el_class=\u00bbtitular-recursos\u00bb][vc_column][vc_column_text] ZASOBY [\/vc_column_text][\/vc_column][\/vc_row][vc_row disable_element=\u00bbyes\u00bb el_class=\u00bbfila_recursos_descargas\u00bb][vc_column width=\u00bb1\/3&#8243; el_class=\u00bbdescargas_item\u00bb][vc_single_image image=\u00bb23274&#8243; img_size=\u00bbfull\u00bb][vc_wp_text] HOTELARSTWO Wszelkie rozwi\u0105zania w zakresie naszych produkt\u00f3w dla bran\u017cy restauracyjnej.[\/vc_wp_text][vc_column_text]POBIERZ[\/vc_column_text][\/vc_column][vc_column width=\u00bb1\/3&#8243; el_class=\u00bbdescargas_item\u00bb][vc_single_image image=\u00bb9941&#8243; img_size=\u00bbfull\u00bb][vc_wp_text] ZIARNA Odkryj nowe produkty typu superfood do samodzielnego spo\u017cycia lub jako sk\u0142adniki innych potraw. Mog\u0105 by\u0107 stosowane w dietach&hellip;\" \/>\n<meta property=\"og:url\" content=\"https:\/\/www.itac-professional.com\/pl\/zasoby\/\" \/>\n<meta property=\"og:site_name\" content=\"ITAC PROFESSIONAL\" \/>\n<meta property=\"article:publisher\" content=\"https:\/\/www.facebook.com\/itacpl\/?__tn__=%2cd%2cP-R&amp;amp%3bamp%3bamp%3beid=ARDlbBGdvN1GldNhuRmgHiU6tnbbCAl9fGzcoMdXJtpaDmSPPUWNWMZggUNgE-uhlBECVQWwd8uysOwe\" \/>\n<meta property=\"article:modified_time\" content=\"2026-01-14T16:51:21+00:00\" \/>\n<meta name=\"twitter:card\" content=\"summary_large_image\" \/>\n<meta name=\"twitter:label1\" content=\"Tiempo de lectura\" \/>\n\t<meta name=\"twitter:data1\" content=\"1 minuto\" \/>\n<script type=\"application\/ld+json\" class=\"yoast-schema-graph\">{\"@context\":\"https:\\\/\\\/schema.org\",\"@graph\":[{\"@type\":\"WebPage\",\"@id\":\"https:\\\/\\\/www.itac-professional.com\\\/pl\\\/zasoby\\\/\",\"url\":\"https:\\\/\\\/www.itac-professional.com\\\/pl\\\/zasoby\\\/\",\"name\":\"MATERIA\u0141Y DO POBRANIA - ITAC PROFESSIONAL\",\"isPartOf\":{\"@id\":\"https:\\\/\\\/www.itac-professional.com\\\/pl\\\/#website\"},\"datePublished\":\"2020-09-29T12:32:41+00:00\",\"dateModified\":\"2026-01-14T16:51:21+00:00\",\"breadcrumb\":{\"@id\":\"https:\\\/\\\/www.itac-professional.com\\\/pl\\\/zasoby\\\/#breadcrumb\"},\"inLanguage\":\"es\",\"potentialAction\":[{\"@type\":\"ReadAction\",\"target\":[\"https:\\\/\\\/www.itac-professional.com\\\/pl\\\/zasoby\\\/\"]}]},{\"@type\":\"BreadcrumbList\",\"@id\":\"https:\\\/\\\/www.itac-professional.com\\\/pl\\\/zasoby\\\/#breadcrumb\",\"itemListElement\":[{\"@type\":\"ListItem\",\"position\":1,\"name\":\"Inicio\",\"item\":\"https:\\\/\\\/www.itac-professional.com\\\/pl\\\/\"},{\"@type\":\"ListItem\",\"position\":2,\"name\":\"MATERIA\u0141Y DO POBRANIA\"}]},{\"@type\":\"WebSite\",\"@id\":\"https:\\\/\\\/www.itac-professional.com\\\/pl\\\/#website\",\"url\":\"https:\\\/\\\/www.itac-professional.com\\\/pl\\\/\",\"name\":\"ITAC PROFESSIONAL\",\"description\":\"Frutos secos, frutas desecadas, snacks ...\",\"publisher\":{\"@id\":\"https:\\\/\\\/www.itac-professional.com\\\/pl\\\/#organization\"},\"potentialAction\":[{\"@type\":\"SearchAction\",\"target\":{\"@type\":\"EntryPoint\",\"urlTemplate\":\"https:\\\/\\\/www.itac-professional.com\\\/pl\\\/?s={search_term_string}\"},\"query-input\":{\"@type\":\"PropertyValueSpecification\",\"valueRequired\":true,\"valueName\":\"search_term_string\"}}],\"inLanguage\":\"es\"},{\"@type\":\"Organization\",\"@id\":\"https:\\\/\\\/www.itac-professional.com\\\/pl\\\/#organization\",\"name\":\"Itac Professional\",\"url\":\"https:\\\/\\\/www.itac-professional.com\\\/pl\\\/\",\"logo\":{\"@type\":\"ImageObject\",\"inLanguage\":\"es\",\"@id\":\"https:\\\/\\\/www.itac-professional.com\\\/pl\\\/#\\\/schema\\\/logo\\\/image\\\/\",\"url\":\"https:\\\/\\\/www.itac-professional.com\\\/wp-content\\\/uploads\\\/2018\\\/10\\\/LOGO-ITACPROF-160.png\",\"contentUrl\":\"https:\\\/\\\/www.itac-professional.com\\\/wp-content\\\/uploads\\\/2018\\\/10\\\/LOGO-ITACPROF-160.png\",\"width\":160,\"height\":80,\"caption\":\"Itac Professional\"},\"image\":{\"@id\":\"https:\\\/\\\/www.itac-professional.com\\\/pl\\\/#\\\/schema\\\/logo\\\/image\\\/\"},\"sameAs\":[\"https:\\\/\\\/www.facebook.com\\\/itacpl\\\/?__tn__=,d,P-R&amp;amp;amp;eid=ARDlbBGdvN1GldNhuRmgHiU6tnbbCAl9fGzcoMdXJtpaDmSPPUWNWMZggUNgE-uhlBECVQWwd8uysOwe\",\"https:\\\/\\\/www.linkedin.com\\\/sharing\\\/share-offsite\\\/?url=https:\\\/\\\/www.itac-professional.com\\\/retail\\\/\"]}]}<\/script>\n<!-- \/ Yoast SEO plugin. -->","yoast_head_json":{"title":"MATERIA\u0141Y DO POBRANIA - ITAC PROFESSIONAL","robots":{"index":"index","follow":"follow","max-snippet":"max-snippet:-1","max-image-preview":"max-image-preview:large","max-video-preview":"max-video-preview:-1"},"canonical":"https:\/\/www.itac-professional.com\/pl\/zasoby\/","og_locale":"es_ES","og_type":"article","og_title":"MATERIA\u0141Y DO POBRANIA - ITAC PROFESSIONAL","og_description":"[vc_row][vc_column][vc_column_text] ZASOBY [\/vc_column_text][\/vc_column][\/vc_row][vc_row el_class=\u00bbrecursos-menu-anclas\u00bb][vc_column][vc_column_text] PRZEMYS\u0141 HANDEL DETALICZNY EBOOKI I RAPORTY [\/vc_column_text][\/vc_column][\/vc_row][vc_row disable_element=\u00bbyes\u00bb el_id=\u00bbfood-service\u00bb el_class=\u00bbtitular-recursos\u00bb][vc_column][vc_column_text] ZASOBY [\/vc_column_text][\/vc_column][\/vc_row][vc_row disable_element=\u00bbyes\u00bb el_class=\u00bbfila_recursos_descargas\u00bb][vc_column width=\u00bb1\/3&#8243; el_class=\u00bbdescargas_item\u00bb][vc_single_image image=\u00bb23274&#8243; img_size=\u00bbfull\u00bb][vc_wp_text] HOTELARSTWO Wszelkie rozwi\u0105zania w zakresie naszych produkt\u00f3w dla bran\u017cy restauracyjnej.[\/vc_wp_text][vc_column_text]POBIERZ[\/vc_column_text][\/vc_column][vc_column width=\u00bb1\/3&#8243; el_class=\u00bbdescargas_item\u00bb][vc_single_image image=\u00bb9941&#8243; img_size=\u00bbfull\u00bb][vc_wp_text] ZIARNA Odkryj nowe produkty typu superfood do samodzielnego spo\u017cycia lub jako sk\u0142adniki innych potraw. Mog\u0105 by\u0107 stosowane w dietach&hellip;","og_url":"https:\/\/www.itac-professional.com\/pl\/zasoby\/","og_site_name":"ITAC PROFESSIONAL","article_publisher":"https:\/\/www.facebook.com\/itacpl\/?__tn__=%2cd%2cP-R&amp%3bamp%3bamp%3beid=ARDlbBGdvN1GldNhuRmgHiU6tnbbCAl9fGzcoMdXJtpaDmSPPUWNWMZggUNgE-uhlBECVQWwd8uysOwe","article_modified_time":"2026-01-14T16:51:21+00:00","twitter_card":"summary_large_image","twitter_misc":{"Tiempo de lectura":"1 minuto"},"schema":{"@context":"https:\/\/schema.org","@graph":[{"@type":"WebPage","@id":"https:\/\/www.itac-professional.com\/pl\/zasoby\/","url":"https:\/\/www.itac-professional.com\/pl\/zasoby\/","name":"MATERIA\u0141Y DO POBRANIA - ITAC PROFESSIONAL","isPartOf":{"@id":"https:\/\/www.itac-professional.com\/pl\/#website"},"datePublished":"2020-09-29T12:32:41+00:00","dateModified":"2026-01-14T16:51:21+00:00","breadcrumb":{"@id":"https:\/\/www.itac-professional.com\/pl\/zasoby\/#breadcrumb"},"inLanguage":"es","potentialAction":[{"@type":"ReadAction","target":["https:\/\/www.itac-professional.com\/pl\/zasoby\/"]}]},{"@type":"BreadcrumbList","@id":"https:\/\/www.itac-professional.com\/pl\/zasoby\/#breadcrumb","itemListElement":[{"@type":"ListItem","position":1,"name":"Inicio","item":"https:\/\/www.itac-professional.com\/pl\/"},{"@type":"ListItem","position":2,"name":"MATERIA\u0141Y DO POBRANIA"}]},{"@type":"WebSite","@id":"https:\/\/www.itac-professional.com\/pl\/#website","url":"https:\/\/www.itac-professional.com\/pl\/","name":"ITAC PROFESSIONAL","description":"Frutos secos, frutas desecadas, snacks ...","publisher":{"@id":"https:\/\/www.itac-professional.com\/pl\/#organization"},"potentialAction":[{"@type":"SearchAction","target":{"@type":"EntryPoint","urlTemplate":"https:\/\/www.itac-professional.com\/pl\/?s={search_term_string}"},"query-input":{"@type":"PropertyValueSpecification","valueRequired":true,"valueName":"search_term_string"}}],"inLanguage":"es"},{"@type":"Organization","@id":"https:\/\/www.itac-professional.com\/pl\/#organization","name":"Itac Professional","url":"https:\/\/www.itac-professional.com\/pl\/","logo":{"@type":"ImageObject","inLanguage":"es","@id":"https:\/\/www.itac-professional.com\/pl\/#\/schema\/logo\/image\/","url":"https:\/\/www.itac-professional.com\/wp-content\/uploads\/2018\/10\/LOGO-ITACPROF-160.png","contentUrl":"https:\/\/www.itac-professional.com\/wp-content\/uploads\/2018\/10\/LOGO-ITACPROF-160.png","width":160,"height":80,"caption":"Itac Professional"},"image":{"@id":"https:\/\/www.itac-professional.com\/pl\/#\/schema\/logo\/image\/"},"sameAs":["https:\/\/www.facebook.com\/itacpl\/?__tn__=,d,P-R&amp;amp;amp;eid=ARDlbBGdvN1GldNhuRmgHiU6tnbbCAl9fGzcoMdXJtpaDmSPPUWNWMZggUNgE-uhlBECVQWwd8uysOwe","https:\/\/www.linkedin.com\/sharing\/share-offsite\/?url=https:\/\/www.itac-professional.com\/retail\/"]}]}},"_links":{"self":[{"href":"https:\/\/www.itac-professional.com\/pl\/wp-json\/wp\/v2\/pages\/9987","targetHints":{"allow":["GET"]}}],"collection":[{"href":"https:\/\/www.itac-professional.com\/pl\/wp-json\/wp\/v2\/pages"}],"about":[{"href":"https:\/\/www.itac-professional.com\/pl\/wp-json\/wp\/v2\/types\/page"}],"author":[{"embeddable":true,"href":"https:\/\/www.itac-professional.com\/pl\/wp-json\/wp\/v2\/users\/1"}],"replies":[{"embeddable":true,"href":"https:\/\/www.itac-professional.com\/pl\/wp-json\/wp\/v2\/comments?post=9987"}],"version-history":[{"count":32,"href":"https:\/\/www.itac-professional.com\/pl\/wp-json\/wp\/v2\/pages\/9987\/revisions"}],"predecessor-version":[{"id":26756,"href":"https:\/\/www.itac-professional.com\/pl\/wp-json\/wp\/v2\/pages\/9987\/revisions\/26756"}],"wp:attachment":[{"href":"https:\/\/www.itac-professional.com\/pl\/wp-json\/wp\/v2\/media?parent=9987"}],"curies":[{"name":"wp","href":"https:\/\/api.w.org\/{rel}","templated":true}]}}