{"id":5750,"date":"2019-02-13T11:51:43","date_gmt":"2019-02-13T11:51:43","guid":{"rendered":"https:\/\/itacpro.develacq.startgoconnection.es\/?page_id=5750"},"modified":"2020-06-08T10:06:33","modified_gmt":"2020-06-08T10:06:33","slug":"strategiczny-sojusz-z-siecia-supermarketow-mercadona","status":"publish","type":"page","link":"https:\/\/www.itac-professional.com\/pl\/handel-detaliczny\/strategiczny-sojusz-z-siecia-supermarketow-mercadona\/","title":{"rendered":"STRATEGICZNY SOJUSZ Z SIECI\u0104 SUPERMARKET\u00d3W MERCADONA"},"content":{"rendered":"<div class=\"wpb-content-wrapper\"><p>[vc_row full_width=\u00bbstretch_row\u00bb el_class=\u00bbbackgroundImgDiv\u00bb][vc_column][\/vc_column][\/vc_row][vc_row css=\u00bb.vc_custom_1548930203663{margin-top: 0px !important;margin-bottom: 0px !important;}\u00bb el_class=\u00bbretailPackCab corto\u00bb][vc_column][vc_column_text el_class=\u00bbtextCab\u00bb]<\/p>\n<h1 style=\"text-align: center;\">NIEKT\u00d3RE Z POZYCJI PRODUKOWANE DLA MARKI HACENDADO<\/h1>\n<p>[\/vc_column_text][\/vc_column][\/vc_row][vc_row gap=\u00bb35&#8243; css=\u00bb.vc_custom_1548930876608{margin-top: 0px !important;margin-bottom: 0px !important;}\u00bb el_class=\u00bbretailPackProductos\u00bb][vc_column width=\u00bb1\/2&#8243;][vc_column_text el_class=\u00bbtitTachado\u00bb]<\/p>\n<h3 style=\"text-align: center;\"><strong>PRODUKTY NATURALNE<\/strong><\/h3>\n<p>[\/vc_column_text][vc_row_inner][vc_column_inner width=\u00bb1\/2&#8243;][vc_single_image image=\u00bb5973&#8243; img_size=\u00bbfull\u00bb alignment=\u00bbcenter\u00bb][vc_column_text]<\/p>\n<p style=\"text-align: center;\">MIGDA\u0141Y NATURALNE.<br \/>\nOPAKOWANIE 200 G.<\/p>\n<p>[\/vc_column_text][\/vc_column_inner][vc_column_inner width=\u00bb1\/2&#8243;][vc_single_image image=\u00bb5976&#8243; img_size=\u00bbfull\u00bb alignment=\u00bbcenter\u00bb][vc_column_text]<\/p>\n<p style=\"text-align: center;\">NATURALNA MIESZANKA.<br \/>\nOPAKOWANIE 180 G.<\/p>\n<p>[\/vc_column_text][\/vc_column_inner][\/vc_row_inner][\/vc_column][vc_column width=\u00bb1\/2&#8243;][vc_column_text el_class=\u00bbtitTachado\u00bb]<\/p>\n<h3 style=\"text-align: center;\"><strong>OWOCE<\/strong><\/h3>\n<p>[\/vc_column_text][vc_row_inner][vc_column_inner width=\u00bb1\/2&#8243;][vc_single_image image=\u00bb5979&#8243; img_size=\u00bbfull\u00bb alignment=\u00bbcenter\u00bb][vc_column_text]<\/p>\n<p style=\"text-align: center;\">SUSZONE JAGODY.<br \/>\nOPAKOWANIE 200 G.<\/p>\n<p>[\/vc_column_text][\/vc_column_inner][vc_column_inner width=\u00bb1\/2&#8243;][vc_single_image image=\u00bb5982&#8243; img_size=\u00bbfull\u00bb alignment=\u00bbcenter\u00bb][vc_column_text]<\/p>\n<p style=\"text-align: center;\">SUSZONE MORELE W KAWA\u0141KACH.<br \/>\nOPAKOWANIE 200 G.<\/p>\n<p>[\/vc_column_text][\/vc_column_inner][\/vc_row_inner][\/vc_column][\/vc_row][vc_row gap=\u00bb35&#8243; css=\u00bb.vc_custom_1548930882324{margin-top: 0px !important;margin-bottom: 0px !important;}\u00bb el_class=\u00bbretailPackProductos\u00bb][vc_column width=\u00bb1\/2&#8243;][vc_column_text el_class=\u00bbtitTachado\u00bb]<\/p>\n<h3 style=\"text-align: center;\"><strong>PRODUKTY PRA\u017bONE<\/strong><\/h3>\n<p>[\/vc_column_text][vc_row_inner][vc_column_inner width=\u00bb1\/2&#8243;][vc_single_image image=\u00bb5985&#8243; img_size=\u00bbfull\u00bb alignment=\u00bbcenter\u00bb][vc_column_text]<\/p>\n<p style=\"text-align: center;\">PISTACJE PRA\u017bONE.<br \/>\nOPAKOWANIE 300 G.<\/p>\n<p>[\/vc_column_text][\/vc_column_inner][vc_column_inner width=\u00bb1\/2&#8243;][vc_single_image image=\u00bb5988&#8243; img_size=\u00bbfull\u00bb alignment=\u00bbcenter\u00bb][vc_column_text]<\/p>\n<p style=\"text-align: center;\">SOLONE ZIARNA S\u0141ONECZNIKA XXL.<br \/>\nOPAKOWANIE 200 G.<\/p>\n<p>[\/vc_column_text][\/vc_column_inner][\/vc_row_inner][\/vc_column][vc_column width=\u00bb1\/2&#8243;][vc_column_text el_class=\u00bbtitTachado\u00bb]<\/p>\n<h3 style=\"text-align: center;\"><strong>MIESZANKI<\/strong><\/h3>\n<p>[\/vc_column_text][vc_row_inner][vc_column_inner width=\u00bb1\/2&#8243;][vc_single_image image=\u00bb5991&#8243; img_size=\u00bbfull\u00bb alignment=\u00bbcenter\u00bb][vc_column_text]<\/p>\n<p style=\"text-align: center;\">MIESZANKA RUMBA.<br \/>\nOPAKOWANIE 500 G.<\/p>\n<p>[\/vc_column_text][\/vc_column_inner][vc_column_inner width=\u00bb1\/2&#8243;][vc_single_image image=\u00bb5994&#8243; img_size=\u00bbfull\u00bb alignment=\u00bbcenter\u00bb][vc_column_text]<\/p>\n<p style=\"text-align: center;\">MIESZANKA KOKTAJLOWA.<br \/>\nOPAKOWANIE 300 G.<\/p>\n<p>[\/vc_column_text][\/vc_column_inner][\/vc_row_inner][\/vc_column][\/vc_row][vc_row gap=\u00bb35&#8243; css=\u00bb.vc_custom_1548930887852{margin-top: 0px !important;margin-bottom: 0px !important;}\u00bb el_class=\u00bbretailPackProductos\u00bb][vc_column width=\u00bb1\/2&#8243;][vc_column_text el_class=\u00bbtitTachado\u00bb]<\/p>\n<h3 style=\"text-align: center;\"><strong>PRODUKTY DO WYPIEK\u00d3W<\/strong><\/h3>\n<p>[\/vc_column_text][vc_row_inner][vc_column_inner width=\u00bb1\/2&#8243;][vc_single_image image=\u00bb5997&#8243; img_size=\u00bbfull\u00bb alignment=\u00bbcenter\u00bb][vc_column_text]<\/p>\n<p style=\"text-align: center;\">MIGDA\u0141Y W P\u0141ATKACH.<br \/>\nOPAKOWANIE 125 G.<\/p>\n<p>[\/vc_column_text][\/vc_column_inner][vc_column_inner width=\u00bb1\/2&#8243;][vc_single_image image=\u00bb6000&#8243; img_size=\u00bbfull\u00bb alignment=\u00bbcenter\u00bb][vc_column_text]<\/p>\n<p style=\"text-align: center;\">MIELONE MIGDA\u0141Y.<br \/>\nOPAKOWANIE 125 G.<\/p>\n<p>[\/vc_column_text][\/vc_column_inner][\/vc_row_inner][\/vc_column][vc_column width=\u00bb1\/2&#8243;][vc_column_text el_class=\u00bbtitTachado\u00bb]<\/p>\n<h3 style=\"text-align: center;\"><strong>PRODUKTY W S\u0141ODKICH POLEWACH<\/strong><\/h3>\n<p>[\/vc_column_text][vc_row_inner][vc_column_inner width=\u00bb1\/2&#8243;][vc_single_image image=\u00bb6003&#8243; img_size=\u00bbfull\u00bb alignment=\u00bbcenter\u00bb][vc_column_text]<\/p>\n<p style=\"text-align: center;\">ORZESZKI ZIEMNE PRA\u017bONE Z MIODEM.<br \/>\nOPAKOWANIE 200 G.<\/p>\n<p>[\/vc_column_text][\/vc_column_inner][vc_column_inner width=\u00bb1\/2&#8243;][vc_single_image image=\u00bb6006&#8243; img_size=\u00bbfull\u00bb alignment=\u00bbcenter\u00bb][vc_column_text]<\/p>\n<p style=\"text-align: center;\">ORZECHY NERKOWCA PRA\u017bONE Z MIODEM.<br \/>\nOPAKOWANIE 125 G.<\/p>\n<p>[\/vc_column_text][\/vc_column_inner][\/vc_row_inner][\/vc_column][\/vc_row][vc_row gap=\u00bb35&#8243; css=\u00bb.vc_custom_1548930887852{margin-top: 0px !important;margin-bottom: 0px !important;}\u00bb el_class=\u00bbretailPackProductos\u00bb][vc_column][vc_column_text el_class=\u00bbtitTachado\u00bb]<\/p>\n<h3 style=\"text-align: center;\"><strong>PRODUKTY W POLEWIE CZEKOLADOWEJ<\/strong><\/h3>\n<p>[\/vc_column_text][vc_row_inner equal_height=\u00bbyes\u00bb][vc_column_inner width=\u00bb1\/4&#8243;][vc_single_image image=\u00bb6009&#8243; img_size=\u00bbfull\u00bb alignment=\u00bbcenter\u00bb][vc_column_text]<\/p>\n<p style=\"text-align: center;\">MIGDA\u0141Y W GORZKIEJ CZEKOLADZIE.<br \/>\nOPAKOWANIE 150 G.<\/p>\n<p>[\/vc_column_text][\/vc_column_inner][vc_column_inner width=\u00bb1\/4&#8243;][vc_single_image image=\u00bb6012&#8243; img_size=\u00bbfull\u00bb alignment=\u00bbcenter\u00bb][vc_column_text]<\/p>\n<p style=\"text-align: center;\">ORZECHY W\u0141OSKIE W CZEKOLADZIE MLECZNEJ.<br \/>\nOPAKOWANIE 150 G.<\/p>\n<p>[\/vc_column_text][\/vc_column_inner][vc_column_inner width=\u00bb1\/4&#8243;][vc_single_image image=\u00bb6015&#8243; img_size=\u00bbfull\u00bb alignment=\u00bbcenter\u00bb][vc_column_text]<\/p>\n<p style=\"text-align: center;\">DRA\u017bE Z GORZKIEJ CZEKOLADY Z JAGODAMI I GRANATEM.<br \/>\nOPAKOWANIE 150 G.<\/p>\n<p>[\/vc_column_text][\/vc_column_inner][vc_column_inner width=\u00bb1\/4&#8243;][vc_single_image image=\u00bb6018&#8243; img_size=\u00bbfull\u00bb alignment=\u00bbcenter\u00bb][vc_column_text]<\/p>\n<p style=\"text-align: center;\">KOLOROWE DRA\u017bE CZEKOLADOWE Z ORZESZKAMI ZIEMNYMI.<br \/>\nOPAKOWANIE 180 G.<\/p>\n<p>[\/vc_column_text][\/vc_column_inner][\/vc_row_inner][\/vc_column][\/vc_row]<\/p>\n<\/div>","protected":false},"excerpt":{"rendered":"<p>[vc_row full_width=\u00bbstretch_row\u00bb el_class=\u00bbbackgroundImgDiv\u00bb][vc_column][\/vc_column][\/vc_row][vc_row css=\u00bb.vc_custom_1548930203663{margin-top: 0px !important;margin-bottom: 0px !important;}\u00bb el_class=\u00bbretailPackCab corto\u00bb][vc_column][vc_column_text el_class=\u00bbtextCab\u00bb] NIEKT\u00d3RE Z POZYCJI PRODUKOWANE DLA MARKI HACENDADO [\/vc_column_text][\/vc_column][\/vc_row][vc_row gap=\u00bb35&#8243; css=\u00bb.vc_custom_1548930876608{margin-top: 0px !important;margin-bottom: 0px !important;}\u00bb el_class=\u00bbretailPackProductos\u00bb][vc_column width=\u00bb1\/2&#8243;][vc_column_text el_class=\u00bbtitTachado\u00bb] PRODUKTY NATURALNE [\/vc_column_text][vc_row_inner][vc_column_inner width=\u00bb1\/2&#8243;][vc_single_image image=\u00bb5973&#8243; img_size=\u00bbfull\u00bb alignment=\u00bbcenter\u00bb][vc_column_text] MIGDA\u0141Y NATURALNE. OPAKOWANIE 200 G. [\/vc_column_text][\/vc_column_inner][vc_column_inner width=\u00bb1\/2&#8243;][vc_single_image image=\u00bb5976&#8243; img_size=\u00bbfull\u00bb alignment=\u00bbcenter\u00bb][vc_column_text] NATURALNA MIESZANKA. OPAKOWANIE 180 G. [\/vc_column_text][\/vc_column_inner][\/vc_row_inner][\/vc_column][vc_column width=\u00bb1\/2&#8243;][vc_column_text el_class=\u00bbtitTachado\u00bb] OWOCE [\/vc_column_text][vc_row_inner][vc_column_inner&hellip;<\/p>\n","protected":false},"author":1,"featured_media":0,"parent":5605,"menu_order":0,"comment_status":"closed","ping_status":"closed","template":"","meta":{"_acf_changed":false,"content-type":"","footnotes":"","_links_to":"","_links_to_target":""},"class_list":["post-5750","page","type-page","status-publish","hentry"],"acf":[],"yoast_head":"<!-- This site is optimized with the Yoast SEO plugin v27.5 - https:\/\/yoast.com\/product\/yoast-seo-wordpress\/ -->\n<title>Alianza estrat\u00e9gica | Itac professional<\/title>\n<meta name=\"description\" content=\"S\u0105 to produkty, kt\u00f3re produkujemy dla marki Hacendado.\" \/>\n<meta name=\"robots\" content=\"index, follow, max-snippet:-1, max-image-preview:large, max-video-preview:-1\" \/>\n<link rel=\"canonical\" href=\"https:\/\/www.itac-professional.com\/pl\/handel-detaliczny\/strategiczny-sojusz-z-siecia-supermarketow-mercadona\/\" \/>\n<meta property=\"og:locale\" content=\"es_ES\" \/>\n<meta property=\"og:type\" content=\"article\" \/>\n<meta property=\"og:title\" content=\"Alianza estrat\u00e9gica | Itac professional\" \/>\n<meta property=\"og:description\" content=\"S\u0105 to produkty, kt\u00f3re produkujemy dla marki Hacendado.\" \/>\n<meta property=\"og:url\" content=\"https:\/\/www.itac-professional.com\/pl\/handel-detaliczny\/strategiczny-sojusz-z-siecia-supermarketow-mercadona\/\" \/>\n<meta property=\"og:site_name\" content=\"ITAC PROFESSIONAL\" \/>\n<meta property=\"article:publisher\" content=\"https:\/\/www.facebook.com\/itacpl\/?__tn__=%2cd%2cP-R&amp;amp%3bamp%3bamp%3beid=ARDlbBGdvN1GldNhuRmgHiU6tnbbCAl9fGzcoMdXJtpaDmSPPUWNWMZggUNgE-uhlBECVQWwd8uysOwe\" \/>\n<meta property=\"article:modified_time\" content=\"2020-06-08T10:06:33+00:00\" \/>\n<meta name=\"twitter:card\" content=\"summary_large_image\" \/>\n<meta name=\"twitter:label1\" content=\"Tiempo de lectura\" \/>\n\t<meta name=\"twitter:data1\" content=\"4 minutos\" \/>\n<script type=\"application\/ld+json\" class=\"yoast-schema-graph\">{\"@context\":\"https:\\\/\\\/schema.org\",\"@graph\":[{\"@type\":\"WebPage\",\"@id\":\"https:\\\/\\\/www.itac-professional.com\\\/pl\\\/handel-detaliczny\\\/strategiczny-sojusz-z-siecia-supermarketow-mercadona\\\/\",\"url\":\"https:\\\/\\\/www.itac-professional.com\\\/pl\\\/handel-detaliczny\\\/strategiczny-sojusz-z-siecia-supermarketow-mercadona\\\/\",\"name\":\"Alianza estrat\u00e9gica | Itac professional\",\"isPartOf\":{\"@id\":\"https:\\\/\\\/www.itac-professional.com\\\/pl\\\/#website\"},\"datePublished\":\"2019-02-13T11:51:43+00:00\",\"dateModified\":\"2020-06-08T10:06:33+00:00\",\"description\":\"S\u0105 to produkty, kt\u00f3re produkujemy dla marki Hacendado.\",\"breadcrumb\":{\"@id\":\"https:\\\/\\\/www.itac-professional.com\\\/pl\\\/handel-detaliczny\\\/strategiczny-sojusz-z-siecia-supermarketow-mercadona\\\/#breadcrumb\"},\"inLanguage\":\"es\",\"potentialAction\":[{\"@type\":\"ReadAction\",\"target\":[\"https:\\\/\\\/www.itac-professional.com\\\/pl\\\/handel-detaliczny\\\/strategiczny-sojusz-z-siecia-supermarketow-mercadona\\\/\"]}]},{\"@type\":\"BreadcrumbList\",\"@id\":\"https:\\\/\\\/www.itac-professional.com\\\/pl\\\/handel-detaliczny\\\/strategiczny-sojusz-z-siecia-supermarketow-mercadona\\\/#breadcrumb\",\"itemListElement\":[{\"@type\":\"ListItem\",\"position\":1,\"name\":\"Inicio\",\"item\":\"https:\\\/\\\/www.itac-professional.com\\\/pl\\\/\"},{\"@type\":\"ListItem\",\"position\":2,\"name\":\"HANDEL DETALICZNY\",\"item\":\"https:\\\/\\\/www.itac-professional.com\\\/pl\\\/handel-detaliczny\\\/\"},{\"@type\":\"ListItem\",\"position\":3,\"name\":\"STRATEGICZNY SOJUSZ Z SIECI\u0104 SUPERMARKET\u00d3W MERCADONA\"}]},{\"@type\":\"WebSite\",\"@id\":\"https:\\\/\\\/www.itac-professional.com\\\/pl\\\/#website\",\"url\":\"https:\\\/\\\/www.itac-professional.com\\\/pl\\\/\",\"name\":\"ITAC PROFESSIONAL\",\"description\":\"Frutos secos, frutas desecadas, snacks ...\",\"publisher\":{\"@id\":\"https:\\\/\\\/www.itac-professional.com\\\/pl\\\/#organization\"},\"potentialAction\":[{\"@type\":\"SearchAction\",\"target\":{\"@type\":\"EntryPoint\",\"urlTemplate\":\"https:\\\/\\\/www.itac-professional.com\\\/pl\\\/?s={search_term_string}\"},\"query-input\":{\"@type\":\"PropertyValueSpecification\",\"valueRequired\":true,\"valueName\":\"search_term_string\"}}],\"inLanguage\":\"es\"},{\"@type\":\"Organization\",\"@id\":\"https:\\\/\\\/www.itac-professional.com\\\/pl\\\/#organization\",\"name\":\"Itac Professional\",\"url\":\"https:\\\/\\\/www.itac-professional.com\\\/pl\\\/\",\"logo\":{\"@type\":\"ImageObject\",\"inLanguage\":\"es\",\"@id\":\"https:\\\/\\\/www.itac-professional.com\\\/pl\\\/#\\\/schema\\\/logo\\\/image\\\/\",\"url\":\"https:\\\/\\\/www.itac-professional.com\\\/wp-content\\\/uploads\\\/2018\\\/10\\\/LOGO-ITACPROF-160.png\",\"contentUrl\":\"https:\\\/\\\/www.itac-professional.com\\\/wp-content\\\/uploads\\\/2018\\\/10\\\/LOGO-ITACPROF-160.png\",\"width\":160,\"height\":80,\"caption\":\"Itac Professional\"},\"image\":{\"@id\":\"https:\\\/\\\/www.itac-professional.com\\\/pl\\\/#\\\/schema\\\/logo\\\/image\\\/\"},\"sameAs\":[\"https:\\\/\\\/www.facebook.com\\\/itacpl\\\/?__tn__=,d,P-R&amp;amp;amp;eid=ARDlbBGdvN1GldNhuRmgHiU6tnbbCAl9fGzcoMdXJtpaDmSPPUWNWMZggUNgE-uhlBECVQWwd8uysOwe\",\"https:\\\/\\\/www.linkedin.com\\\/sharing\\\/share-offsite\\\/?url=https:\\\/\\\/www.itac-professional.com\\\/retail\\\/\"]}]}<\/script>\n<!-- \/ Yoast SEO plugin. -->","yoast_head_json":{"title":"Alianza estrat\u00e9gica | Itac professional","description":"S\u0105 to produkty, kt\u00f3re produkujemy dla marki Hacendado.","robots":{"index":"index","follow":"follow","max-snippet":"max-snippet:-1","max-image-preview":"max-image-preview:large","max-video-preview":"max-video-preview:-1"},"canonical":"https:\/\/www.itac-professional.com\/pl\/handel-detaliczny\/strategiczny-sojusz-z-siecia-supermarketow-mercadona\/","og_locale":"es_ES","og_type":"article","og_title":"Alianza estrat\u00e9gica | Itac professional","og_description":"S\u0105 to produkty, kt\u00f3re produkujemy dla marki Hacendado.","og_url":"https:\/\/www.itac-professional.com\/pl\/handel-detaliczny\/strategiczny-sojusz-z-siecia-supermarketow-mercadona\/","og_site_name":"ITAC PROFESSIONAL","article_publisher":"https:\/\/www.facebook.com\/itacpl\/?__tn__=%2cd%2cP-R&amp%3bamp%3bamp%3beid=ARDlbBGdvN1GldNhuRmgHiU6tnbbCAl9fGzcoMdXJtpaDmSPPUWNWMZggUNgE-uhlBECVQWwd8uysOwe","article_modified_time":"2020-06-08T10:06:33+00:00","twitter_card":"summary_large_image","twitter_misc":{"Tiempo de lectura":"4 minutos"},"schema":{"@context":"https:\/\/schema.org","@graph":[{"@type":"WebPage","@id":"https:\/\/www.itac-professional.com\/pl\/handel-detaliczny\/strategiczny-sojusz-z-siecia-supermarketow-mercadona\/","url":"https:\/\/www.itac-professional.com\/pl\/handel-detaliczny\/strategiczny-sojusz-z-siecia-supermarketow-mercadona\/","name":"Alianza estrat\u00e9gica | Itac professional","isPartOf":{"@id":"https:\/\/www.itac-professional.com\/pl\/#website"},"datePublished":"2019-02-13T11:51:43+00:00","dateModified":"2020-06-08T10:06:33+00:00","description":"S\u0105 to produkty, kt\u00f3re produkujemy dla marki Hacendado.","breadcrumb":{"@id":"https:\/\/www.itac-professional.com\/pl\/handel-detaliczny\/strategiczny-sojusz-z-siecia-supermarketow-mercadona\/#breadcrumb"},"inLanguage":"es","potentialAction":[{"@type":"ReadAction","target":["https:\/\/www.itac-professional.com\/pl\/handel-detaliczny\/strategiczny-sojusz-z-siecia-supermarketow-mercadona\/"]}]},{"@type":"BreadcrumbList","@id":"https:\/\/www.itac-professional.com\/pl\/handel-detaliczny\/strategiczny-sojusz-z-siecia-supermarketow-mercadona\/#breadcrumb","itemListElement":[{"@type":"ListItem","position":1,"name":"Inicio","item":"https:\/\/www.itac-professional.com\/pl\/"},{"@type":"ListItem","position":2,"name":"HANDEL DETALICZNY","item":"https:\/\/www.itac-professional.com\/pl\/handel-detaliczny\/"},{"@type":"ListItem","position":3,"name":"STRATEGICZNY SOJUSZ Z SIECI\u0104 SUPERMARKET\u00d3W MERCADONA"}]},{"@type":"WebSite","@id":"https:\/\/www.itac-professional.com\/pl\/#website","url":"https:\/\/www.itac-professional.com\/pl\/","name":"ITAC PROFESSIONAL","description":"Frutos secos, frutas desecadas, snacks ...","publisher":{"@id":"https:\/\/www.itac-professional.com\/pl\/#organization"},"potentialAction":[{"@type":"SearchAction","target":{"@type":"EntryPoint","urlTemplate":"https:\/\/www.itac-professional.com\/pl\/?s={search_term_string}"},"query-input":{"@type":"PropertyValueSpecification","valueRequired":true,"valueName":"search_term_string"}}],"inLanguage":"es"},{"@type":"Organization","@id":"https:\/\/www.itac-professional.com\/pl\/#organization","name":"Itac Professional","url":"https:\/\/www.itac-professional.com\/pl\/","logo":{"@type":"ImageObject","inLanguage":"es","@id":"https:\/\/www.itac-professional.com\/pl\/#\/schema\/logo\/image\/","url":"https:\/\/www.itac-professional.com\/wp-content\/uploads\/2018\/10\/LOGO-ITACPROF-160.png","contentUrl":"https:\/\/www.itac-professional.com\/wp-content\/uploads\/2018\/10\/LOGO-ITACPROF-160.png","width":160,"height":80,"caption":"Itac Professional"},"image":{"@id":"https:\/\/www.itac-professional.com\/pl\/#\/schema\/logo\/image\/"},"sameAs":["https:\/\/www.facebook.com\/itacpl\/?__tn__=,d,P-R&amp;amp;amp;eid=ARDlbBGdvN1GldNhuRmgHiU6tnbbCAl9fGzcoMdXJtpaDmSPPUWNWMZggUNgE-uhlBECVQWwd8uysOwe","https:\/\/www.linkedin.com\/sharing\/share-offsite\/?url=https:\/\/www.itac-professional.com\/retail\/"]}]}},"_links":{"self":[{"href":"https:\/\/www.itac-professional.com\/pl\/wp-json\/wp\/v2\/pages\/5750","targetHints":{"allow":["GET"]}}],"collection":[{"href":"https:\/\/www.itac-professional.com\/pl\/wp-json\/wp\/v2\/pages"}],"about":[{"href":"https:\/\/www.itac-professional.com\/pl\/wp-json\/wp\/v2\/types\/page"}],"author":[{"embeddable":true,"href":"https:\/\/www.itac-professional.com\/pl\/wp-json\/wp\/v2\/users\/1"}],"replies":[{"embeddable":true,"href":"https:\/\/www.itac-professional.com\/pl\/wp-json\/wp\/v2\/comments?post=5750"}],"version-history":[{"count":7,"href":"https:\/\/www.itac-professional.com\/pl\/wp-json\/wp\/v2\/pages\/5750\/revisions"}],"predecessor-version":[{"id":9196,"href":"https:\/\/www.itac-professional.com\/pl\/wp-json\/wp\/v2\/pages\/5750\/revisions\/9196"}],"up":[{"embeddable":true,"href":"https:\/\/www.itac-professional.com\/pl\/wp-json\/wp\/v2\/pages\/5605"}],"wp:attachment":[{"href":"https:\/\/www.itac-professional.com\/pl\/wp-json\/wp\/v2\/media?parent=5750"}],"curies":[{"name":"wp","href":"https:\/\/api.w.org\/{rel}","templated":true}]}}