{"id":5538,"date":"2019-01-24T11:49:14","date_gmt":"2019-01-24T11:49:14","guid":{"rendered":"https:\/\/itacpro.develacq.startgoconnection.es\/?page_id=5538"},"modified":"2019-10-28T16:49:59","modified_gmt":"2019-10-28T16:49:59","slug":"opakowania-i-katalogi","status":"publish","type":"page","link":"https:\/\/www.itac-professional.com\/pl\/food-service\/food-service-katalogi\/opakowania-i-katalogi\/","title":{"rendered":"Opakowania i katalogi"},"content":{"rendered":"<div class=\"wpb-content-wrapper\"><p>[vc_row][vc_column][vc_column_text]<\/p>\n<h1 style=\"text-align: center; font-size: 25px;\">OPAKOWANIA I KATALOGI<\/h1>\n<p>[\/vc_column_text][\/vc_column][\/vc_row][vc_row full_width=\u00bbstretch_row_content_no_spaces\u00bb bg_type=\u00bbimage\u00bb parallax_style=\u00bbvcpb-vz-jquery\u00bb bg_image_new=\u00bbid^759|url^https:\/\/www.itac-professional.com\/wp-content\/uploads\/2018\/09\/catalogo_mini.png|caption^null|alt^null|title^catalogo_mini|description^null\u00bb bg_image_repeat=\u00bbno-repeat\u00bb bg_image_size=\u00bbinitial\u00bb css=\u00bb.vc_custom_1537954238060{background-color: #f5f5f5 !important;}\u00bb][vc_column width=\u00bb1\/6&#8243;][\/vc_column][vc_column width=\u00bb2\/3&#8243; css=\u00bb.vc_custom_1537954363306{background-color: rgba(245,245,245,0.45) !important;*background-color: rgb(245,245,245) !important;}\u00bb][vc_column_text]<\/p>\n<p style=\"text-align: right;\"><a class=\"gris\" href=\"https:\/\/www.itac-professional.com\/pl\/przemysl\/opakowania-i-katalogi-przemysl\/\">&lt;Z POWROTEM<\/a><\/p>\n<h2 class=\"gris\" style=\"text-align: center;\">KATALOGI<\/h2>\n<p>[\/vc_column_text][\/vc_column][vc_column width=\u00bb1\/6&#8243;][\/vc_column][\/vc_row][vc_row full_width=\u00bbstretch_row_content_no_spaces\u00bb content_placement=\u00bbbottom\u00bb parallax=\u00bbcontent-moving\u00bb disable_element=\u00bbyes\u00bb css=\u00bb.vc_custom_1537954293016{padding-top: 10px !important;padding-bottom: 10px !important;background-color: #f5f5f5 !important;background-position: center;background-repeat: no-repeat !important;background-size: contain !important;}\u00bb][vc_column css=\u00bb.vc_custom_1537886939544{padding-top: 0px !important;padding-bottom: 0px !important;background-image: url(https:\/\/www.itac-professional.com\/wp-content\/uploads\/2018\/09\/catalogo_mini.png?id=752) !important;background-position: center !important;background-repeat: no-repeat !important;background-size: contain !important;}\u00bb el_class=\u00bbcatalogo\u00bb][vc_row_inner][vc_column_inner width=\u00bb1\/6&#8243; css=\u00bb.vc_custom_1537887146484{padding-top: 100px !important;padding-bottom: 100px !important;background-color: rgba(245,245,245,0.37) !important;*background-color: rgb(245,245,245) !important;}\u00bb][\/vc_column_inner][vc_column_inner width=\u00bb2\/3&#8243; css=\u00bb.vc_custom_1537891307971{background-color: rgba(245,245,245,0.5) !important;*background-color: rgb(245,245,245) !important;}\u00bb][vc_column_text]<\/p>\n<p style=\"text-align: right;\"><a class=\"gris\" href=\"https:\/\/www.itac-professional.com\/food-service\/catalogos-y-envases-food-service\/\">&lt; VOLVER<\/a><\/p>\n<h2 class=\"gris\" style=\"text-align: center;\">KATALOGI<\/h2>\n<p>[\/vc_column_text][\/vc_column_inner][vc_column_inner width=\u00bb1\/6&#8243;][\/vc_column_inner][\/vc_row_inner][\/vc_column][\/vc_row][vc_row equal_height=\u00bbyes\u00bb content_placement=\u00bbmiddle\u00bb el_class=\u00bbenvasesEspacio\u00bb][vc_column width=\u00bb1\/3&#8243;][vc_single_image image=\u00bb7430&#8243; img_size=\u00bbfull\u00bb][\/vc_column][vc_column width=\u00bb1\/3&#8243; css=\u00bb.vc_custom_1537953948987{padding-right: 20px !important;padding-left: 20px !important;}\u00bb][vc_wp_text el_class=\u00bbcatalogos\u00bb]<\/p>\n<h3>HOTELARSTWO<\/h3>\n<p>Wszelkie rozwi\u0105zania w zakresie naszych produkt\u00f3w dla bran\u017cy restauracyjnej.[\/vc_wp_text][\/vc_column][vc_column width=\u00bb1\/3&#8243;][vc_column_text]<\/p>\n<p style=\"text-align: center;\"><a class=\"dt-btn-s dt-btn post-details details-type-btn cat\" style=\"margin-left: 0%;\" href=\"https:\/\/www.itac-professional.com\/wp-content\/uploads\/2018\/10\/cat\u00e1logo-horeca_digital.pdf\" target=\"_blank\" rel=\"noopener noreferrer\">POBIERZ<\/a><\/p>\n<p>[\/vc_column_text][\/vc_column][\/vc_row][vc_row][vc_column][vc_separator border_width=\u00bb2&#8243; el_width=\u00bb80&#8243;][\/vc_column][\/vc_row][vc_row equal_height=\u00bbyes\u00bb content_placement=\u00bbmiddle\u00bb el_class=\u00bbenvasesEspacio\u00bb][vc_column width=\u00bb1\/3&#8243;][vc_single_image image=\u00bb7429&#8243; img_size=\u00bbfull\u00bb][\/vc_column][vc_column width=\u00bb1\/3&#8243; css=\u00bb.vc_custom_1537953948987{padding-right: 20px !important;padding-left: 20px !important;}\u00bb][vc_wp_text el_class=\u00bbcatalogos\u00bb]<\/p>\n<h3>ZIARNA<\/h3>\n<p>Odkryj nowe produkty typu superfood do samodzielnego spo\u017cycia lub jako sk\u0142adniki innych potraw. Mog\u0105 by\u0107 stosowane w dietach wega\u0144skich i wegetaria\u0144skich.[\/vc_wp_text][\/vc_column][vc_column width=\u00bb1\/3&#8243;][vc_column_text]<\/p>\n<p style=\"text-align: center;\"><a class=\"dt-btn-s dt-btn post-details details-type-btn cat\" style=\"margin-left: 0%;\" href=\"https:\/\/www.itac-professional.com\/wp-content\/uploads\/2018\/10\/catalogo_semillas_digital.pdf\" target=\"_blank\" rel=\"noopener noreferrer\">POBIERZ<\/a><\/p>\n<p>[\/vc_column_text][\/vc_column][\/vc_row]<\/p>\n<\/div>","protected":false},"excerpt":{"rendered":"<p>[vc_row][vc_column][vc_column_text] OPAKOWANIA I KATALOGI [\/vc_column_text][\/vc_column][\/vc_row][vc_row full_width=\u00bbstretch_row_content_no_spaces\u00bb bg_type=\u00bbimage\u00bb parallax_style=\u00bbvcpb-vz-jquery\u00bb bg_image_new=\u00bbid^759|url^https:\/\/www.itac-professional.com\/wp-content\/uploads\/2018\/09\/catalogo_mini.png|caption^null|alt^null|title^catalogo_mini|description^null\u00bb bg_image_repeat=\u00bbno-repeat\u00bb bg_image_size=\u00bbinitial\u00bb css=\u00bb.vc_custom_1537954238060{background-color: #f5f5f5 !important;}\u00bb][vc_column width=\u00bb1\/6&#8243;][\/vc_column][vc_column width=\u00bb2\/3&#8243; css=\u00bb.vc_custom_1537954363306{background-color: rgba(245,245,245,0.45) !important;*background-color: rgb(245,245,245) !important;}\u00bb][vc_column_text] &lt;Z POWROTEM KATALOGI [\/vc_column_text][\/vc_column][vc_column width=\u00bb1\/6&#8243;][\/vc_column][\/vc_row][vc_row full_width=\u00bbstretch_row_content_no_spaces\u00bb content_placement=\u00bbbottom\u00bb parallax=\u00bbcontent-moving\u00bb disable_element=\u00bbyes\u00bb css=\u00bb.vc_custom_1537954293016{padding-top: 10px !important;padding-bottom: 10px !important;background-color: #f5f5f5 !important;background-position: center;background-repeat: no-repeat !important;background-size: contain !important;}\u00bb][vc_column css=\u00bb.vc_custom_1537886939544{padding-top: 0px !important;padding-bottom: 0px !important;background-image: url(https:\/\/www.itac-professional.com\/wp-content\/uploads\/2018\/09\/catalogo_mini.png?id=752) !important;background-position: center !important;background-repeat: no-repeat !important;background-size: contain !important;}\u00bb&hellip;<\/p>\n","protected":false},"author":1,"featured_media":0,"parent":5808,"menu_order":0,"comment_status":"closed","ping_status":"closed","template":"","meta":{"_acf_changed":false,"content-type":"","footnotes":"","_links_to":"","_links_to_target":""},"class_list":["post-5538","page","type-page","status-publish","hentry"],"acf":[],"yoast_head":"<!-- This site is optimized with the Yoast SEO plugin v27.3 - https:\/\/yoast.com\/product\/yoast-seo-wordpress\/ -->\n<title>\u3010Opakowania i katalogi\u3011 | Itac Professional<\/title>\n<meta name=\"description\" content=\"Zobacz wszystkie linie produkt\u00f3w Itac Professional: Ingredienta, Chocolate, Hotels, Seeds, Vending i PLV. Wystarczy klikn\u0105\u0107 tutaj. \u2934\ufe0f\" \/>\n<meta name=\"robots\" content=\"index, follow, max-snippet:-1, max-image-preview:large, max-video-preview:-1\" \/>\n<link rel=\"canonical\" href=\"https:\/\/www.itac-professional.com\/pl\/food-service\/food-service-katalogi\/opakowania-i-katalogi\/\" \/>\n<meta property=\"og:locale\" content=\"es_ES\" \/>\n<meta property=\"og:type\" content=\"article\" \/>\n<meta property=\"og:title\" content=\"\u3010Opakowania i katalogi\u3011 | Itac Professional\" \/>\n<meta property=\"og:description\" content=\"Zobacz wszystkie linie produkt\u00f3w Itac Professional: Ingredienta, Chocolate, Hotels, Seeds, Vending i PLV. Wystarczy klikn\u0105\u0107 tutaj. \u2934\ufe0f\" \/>\n<meta property=\"og:url\" content=\"https:\/\/www.itac-professional.com\/pl\/food-service\/food-service-katalogi\/opakowania-i-katalogi\/\" \/>\n<meta property=\"og:site_name\" content=\"ITAC PROFESSIONAL\" \/>\n<meta property=\"article:publisher\" content=\"https:\/\/www.facebook.com\/itacpl\/?__tn__=%2cd%2cP-R&amp;amp%3bamp%3bamp%3beid=ARDlbBGdvN1GldNhuRmgHiU6tnbbCAl9fGzcoMdXJtpaDmSPPUWNWMZggUNgE-uhlBECVQWwd8uysOwe\" \/>\n<meta property=\"article:modified_time\" content=\"2019-10-28T16:49:59+00:00\" \/>\n<meta name=\"twitter:card\" content=\"summary_large_image\" \/>\n<meta name=\"twitter:label1\" content=\"Tiempo de lectura\" \/>\n\t<meta name=\"twitter:data1\" content=\"2 minutos\" \/>\n<script type=\"application\/ld+json\" class=\"yoast-schema-graph\">{\"@context\":\"https:\\\/\\\/schema.org\",\"@graph\":[{\"@type\":\"WebPage\",\"@id\":\"https:\\\/\\\/www.itac-professional.com\\\/pl\\\/food-service\\\/food-service-katalogi\\\/opakowania-i-katalogi\\\/\",\"url\":\"https:\\\/\\\/www.itac-professional.com\\\/pl\\\/food-service\\\/food-service-katalogi\\\/opakowania-i-katalogi\\\/\",\"name\":\"\u3010Opakowania i katalogi\u3011 | Itac Professional\",\"isPartOf\":{\"@id\":\"https:\\\/\\\/www.itac-professional.com\\\/pl\\\/#website\"},\"datePublished\":\"2019-01-24T11:49:14+00:00\",\"dateModified\":\"2019-10-28T16:49:59+00:00\",\"description\":\"Zobacz wszystkie linie produkt\u00f3w Itac Professional: Ingredienta, Chocolate, Hotels, Seeds, Vending i PLV. Wystarczy klikn\u0105\u0107 tutaj. \u2934\ufe0f\",\"breadcrumb\":{\"@id\":\"https:\\\/\\\/www.itac-professional.com\\\/pl\\\/food-service\\\/food-service-katalogi\\\/opakowania-i-katalogi\\\/#breadcrumb\"},\"inLanguage\":\"es\",\"potentialAction\":[{\"@type\":\"ReadAction\",\"target\":[\"https:\\\/\\\/www.itac-professional.com\\\/pl\\\/food-service\\\/food-service-katalogi\\\/opakowania-i-katalogi\\\/\"]}]},{\"@type\":\"BreadcrumbList\",\"@id\":\"https:\\\/\\\/www.itac-professional.com\\\/pl\\\/food-service\\\/food-service-katalogi\\\/opakowania-i-katalogi\\\/#breadcrumb\",\"itemListElement\":[{\"@type\":\"ListItem\",\"position\":1,\"name\":\"Inicio\",\"item\":\"https:\\\/\\\/www.itac-professional.com\\\/pl\\\/\"},{\"@type\":\"ListItem\",\"position\":2,\"name\":\"Food Service\",\"item\":\"https:\\\/\\\/www.itac-professional.com\\\/pl\\\/food-service\\\/\"},{\"@type\":\"ListItem\",\"position\":3,\"name\":\"Food Service Catalogues\",\"item\":\"https:\\\/\\\/www.itac-professional.com\\\/pl\\\/food-service\\\/food-service-katalogi\\\/\"},{\"@type\":\"ListItem\",\"position\":4,\"name\":\"Opakowania i katalogi\"}]},{\"@type\":\"WebSite\",\"@id\":\"https:\\\/\\\/www.itac-professional.com\\\/pl\\\/#website\",\"url\":\"https:\\\/\\\/www.itac-professional.com\\\/pl\\\/\",\"name\":\"ITAC PROFESSIONAL\",\"description\":\"Frutos secos, frutas desecadas, snacks ...\",\"publisher\":{\"@id\":\"https:\\\/\\\/www.itac-professional.com\\\/pl\\\/#organization\"},\"potentialAction\":[{\"@type\":\"SearchAction\",\"target\":{\"@type\":\"EntryPoint\",\"urlTemplate\":\"https:\\\/\\\/www.itac-professional.com\\\/pl\\\/?s={search_term_string}\"},\"query-input\":{\"@type\":\"PropertyValueSpecification\",\"valueRequired\":true,\"valueName\":\"search_term_string\"}}],\"inLanguage\":\"es\"},{\"@type\":\"Organization\",\"@id\":\"https:\\\/\\\/www.itac-professional.com\\\/pl\\\/#organization\",\"name\":\"Itac Professional\",\"url\":\"https:\\\/\\\/www.itac-professional.com\\\/pl\\\/\",\"logo\":{\"@type\":\"ImageObject\",\"inLanguage\":\"es\",\"@id\":\"https:\\\/\\\/www.itac-professional.com\\\/pl\\\/#\\\/schema\\\/logo\\\/image\\\/\",\"url\":\"https:\\\/\\\/www.itac-professional.com\\\/wp-content\\\/uploads\\\/2018\\\/10\\\/LOGO-ITACPROF-160.png\",\"contentUrl\":\"https:\\\/\\\/www.itac-professional.com\\\/wp-content\\\/uploads\\\/2018\\\/10\\\/LOGO-ITACPROF-160.png\",\"width\":160,\"height\":80,\"caption\":\"Itac Professional\"},\"image\":{\"@id\":\"https:\\\/\\\/www.itac-professional.com\\\/pl\\\/#\\\/schema\\\/logo\\\/image\\\/\"},\"sameAs\":[\"https:\\\/\\\/www.facebook.com\\\/itacpl\\\/?__tn__=,d,P-R&amp;amp;amp;eid=ARDlbBGdvN1GldNhuRmgHiU6tnbbCAl9fGzcoMdXJtpaDmSPPUWNWMZggUNgE-uhlBECVQWwd8uysOwe\",\"https:\\\/\\\/www.linkedin.com\\\/sharing\\\/share-offsite\\\/?url=https:\\\/\\\/www.itac-professional.com\\\/retail\\\/\"]}]}<\/script>\n<!-- \/ Yoast SEO plugin. -->","yoast_head_json":{"title":"\u3010Opakowania i katalogi\u3011 | Itac Professional","description":"Zobacz wszystkie linie produkt\u00f3w Itac Professional: Ingredienta, Chocolate, Hotels, Seeds, Vending i PLV. Wystarczy klikn\u0105\u0107 tutaj. \u2934\ufe0f","robots":{"index":"index","follow":"follow","max-snippet":"max-snippet:-1","max-image-preview":"max-image-preview:large","max-video-preview":"max-video-preview:-1"},"canonical":"https:\/\/www.itac-professional.com\/pl\/food-service\/food-service-katalogi\/opakowania-i-katalogi\/","og_locale":"es_ES","og_type":"article","og_title":"\u3010Opakowania i katalogi\u3011 | Itac Professional","og_description":"Zobacz wszystkie linie produkt\u00f3w Itac Professional: Ingredienta, Chocolate, Hotels, Seeds, Vending i PLV. Wystarczy klikn\u0105\u0107 tutaj. \u2934\ufe0f","og_url":"https:\/\/www.itac-professional.com\/pl\/food-service\/food-service-katalogi\/opakowania-i-katalogi\/","og_site_name":"ITAC PROFESSIONAL","article_publisher":"https:\/\/www.facebook.com\/itacpl\/?__tn__=%2cd%2cP-R&amp%3bamp%3bamp%3beid=ARDlbBGdvN1GldNhuRmgHiU6tnbbCAl9fGzcoMdXJtpaDmSPPUWNWMZggUNgE-uhlBECVQWwd8uysOwe","article_modified_time":"2019-10-28T16:49:59+00:00","twitter_card":"summary_large_image","twitter_misc":{"Tiempo de lectura":"2 minutos"},"schema":{"@context":"https:\/\/schema.org","@graph":[{"@type":"WebPage","@id":"https:\/\/www.itac-professional.com\/pl\/food-service\/food-service-katalogi\/opakowania-i-katalogi\/","url":"https:\/\/www.itac-professional.com\/pl\/food-service\/food-service-katalogi\/opakowania-i-katalogi\/","name":"\u3010Opakowania i katalogi\u3011 | Itac Professional","isPartOf":{"@id":"https:\/\/www.itac-professional.com\/pl\/#website"},"datePublished":"2019-01-24T11:49:14+00:00","dateModified":"2019-10-28T16:49:59+00:00","description":"Zobacz wszystkie linie produkt\u00f3w Itac Professional: Ingredienta, Chocolate, Hotels, Seeds, Vending i PLV. Wystarczy klikn\u0105\u0107 tutaj. \u2934\ufe0f","breadcrumb":{"@id":"https:\/\/www.itac-professional.com\/pl\/food-service\/food-service-katalogi\/opakowania-i-katalogi\/#breadcrumb"},"inLanguage":"es","potentialAction":[{"@type":"ReadAction","target":["https:\/\/www.itac-professional.com\/pl\/food-service\/food-service-katalogi\/opakowania-i-katalogi\/"]}]},{"@type":"BreadcrumbList","@id":"https:\/\/www.itac-professional.com\/pl\/food-service\/food-service-katalogi\/opakowania-i-katalogi\/#breadcrumb","itemListElement":[{"@type":"ListItem","position":1,"name":"Inicio","item":"https:\/\/www.itac-professional.com\/pl\/"},{"@type":"ListItem","position":2,"name":"Food Service","item":"https:\/\/www.itac-professional.com\/pl\/food-service\/"},{"@type":"ListItem","position":3,"name":"Food Service Catalogues","item":"https:\/\/www.itac-professional.com\/pl\/food-service\/food-service-katalogi\/"},{"@type":"ListItem","position":4,"name":"Opakowania i katalogi"}]},{"@type":"WebSite","@id":"https:\/\/www.itac-professional.com\/pl\/#website","url":"https:\/\/www.itac-professional.com\/pl\/","name":"ITAC PROFESSIONAL","description":"Frutos secos, frutas desecadas, snacks ...","publisher":{"@id":"https:\/\/www.itac-professional.com\/pl\/#organization"},"potentialAction":[{"@type":"SearchAction","target":{"@type":"EntryPoint","urlTemplate":"https:\/\/www.itac-professional.com\/pl\/?s={search_term_string}"},"query-input":{"@type":"PropertyValueSpecification","valueRequired":true,"valueName":"search_term_string"}}],"inLanguage":"es"},{"@type":"Organization","@id":"https:\/\/www.itac-professional.com\/pl\/#organization","name":"Itac Professional","url":"https:\/\/www.itac-professional.com\/pl\/","logo":{"@type":"ImageObject","inLanguage":"es","@id":"https:\/\/www.itac-professional.com\/pl\/#\/schema\/logo\/image\/","url":"https:\/\/www.itac-professional.com\/wp-content\/uploads\/2018\/10\/LOGO-ITACPROF-160.png","contentUrl":"https:\/\/www.itac-professional.com\/wp-content\/uploads\/2018\/10\/LOGO-ITACPROF-160.png","width":160,"height":80,"caption":"Itac Professional"},"image":{"@id":"https:\/\/www.itac-professional.com\/pl\/#\/schema\/logo\/image\/"},"sameAs":["https:\/\/www.facebook.com\/itacpl\/?__tn__=,d,P-R&amp;amp;amp;eid=ARDlbBGdvN1GldNhuRmgHiU6tnbbCAl9fGzcoMdXJtpaDmSPPUWNWMZggUNgE-uhlBECVQWwd8uysOwe","https:\/\/www.linkedin.com\/sharing\/share-offsite\/?url=https:\/\/www.itac-professional.com\/retail\/"]}]}},"_links":{"self":[{"href":"https:\/\/www.itac-professional.com\/pl\/wp-json\/wp\/v2\/pages\/5538","targetHints":{"allow":["GET"]}}],"collection":[{"href":"https:\/\/www.itac-professional.com\/pl\/wp-json\/wp\/v2\/pages"}],"about":[{"href":"https:\/\/www.itac-professional.com\/pl\/wp-json\/wp\/v2\/types\/page"}],"author":[{"embeddable":true,"href":"https:\/\/www.itac-professional.com\/pl\/wp-json\/wp\/v2\/users\/1"}],"replies":[{"embeddable":true,"href":"https:\/\/www.itac-professional.com\/pl\/wp-json\/wp\/v2\/comments?post=5538"}],"version-history":[{"count":9,"href":"https:\/\/www.itac-professional.com\/pl\/wp-json\/wp\/v2\/pages\/5538\/revisions"}],"predecessor-version":[{"id":8467,"href":"https:\/\/www.itac-professional.com\/pl\/wp-json\/wp\/v2\/pages\/5538\/revisions\/8467"}],"up":[{"embeddable":true,"href":"https:\/\/www.itac-professional.com\/pl\/wp-json\/wp\/v2\/pages\/5808"}],"wp:attachment":[{"href":"https:\/\/www.itac-professional.com\/pl\/wp-json\/wp\/v2\/media?parent=5538"}],"curies":[{"name":"wp","href":"https:\/\/api.w.org\/{rel}","templated":true}]}}