{"id":5533,"date":"2019-01-24T10:36:04","date_gmt":"2019-01-24T10:36:04","guid":{"rendered":"https:\/\/itacpro.develacq.startgoconnection.es\/?page_id=5533"},"modified":"2020-10-22T09:05:42","modified_gmt":"2020-10-22T07:05:42","slug":"opakowania-i-katalogi-przemysl","status":"publish","type":"page","link":"https:\/\/www.itac-professional.com\/pl\/przemysl\/opakowania-i-katalogi-przemysl\/","title":{"rendered":"Opakowania i katalogi przemysl"},"content":{"rendered":"<div class=\"wpb-content-wrapper\"><p>[vc_row css=\u00bb.vc_custom_1538570440699{margin-top: 0px !important;margin-bottom: 0px !important;}\u00bb][vc_column][vc_column_text]<\/p>\n<h1 style=\"text-align: center;\">OPAKOWANIE I MATERIA\u0141Y DO POBRANIA<\/h1>\n<p>[\/vc_column_text][\/vc_column][\/vc_row][vc_row full_width=\u00bbstretch_row_content_no_spaces\u00bb content_placement=\u00bbbottom\u00bb parallax=\u00bbcontent-moving\u00bb css=\u00bb.vc_custom_1537887082496{padding-top: 10px !important;padding-bottom: 10px !important;background-color: #f5f5f5 !important;background-position: center;background-repeat: no-repeat !important;background-size: contain !important;}\u00bb][vc_column css=\u00bb.vc_custom_1537886939544{padding-top: 0px !important;padding-bottom: 0px !important;background-image: url(https:\/\/www.itac-professional.com\/wp-content\/uploads\/2018\/09\/catalogo_mini.png?id=752) !important;background-position: center !important;background-repeat: no-repeat !important;background-size: contain !important;}\u00bb el_class=\u00bbcatalogo\u00bb][vc_row_inner][vc_column_inner css=\u00bb.vc_custom_1537887146484{padding-top: 100px !important;padding-bottom: 100px !important;background-color: rgba(245,245,245,0.37) !important;*background-color: rgb(245,245,245) !important;}\u00bb][vc_column_text el_class=\u00bbbtnDescargar\u00bb]<\/p>\n<p class=\"cta1 cat\" style=\"text-align: center;\">POBIERZ NASZE<\/p>\n<p class=\"cta2 cat\" style=\"text-align: center;\">E-BOOKI I KATALOGI<\/p>\n<p style=\"text-align: center;\"><a class=\"dt-btn-s dt-btn post-details details-type-btn cat\" style=\"margin-left: 0%;\" href=\"https:\/\/www.itac-professional.com\/pl\/zasoby\/#przemysl\">POBIERZ<\/a><\/p>\n<p>[\/vc_column_text][\/vc_column_inner][\/vc_row_inner][\/vc_column][\/vc_row][vc_row][vc_column][vc_column_text]<\/p>\n<h3 class=\"titulospeq\" style=\"text-align: center;\">DOST\u0118PNE FORMATY OPAKOWA\u0143<\/h3>\n<p>[\/vc_column_text][\/vc_column][\/vc_row][vc_row equal_height=\u00bbyes\u00bb content_placement=\u00bbtop\u00bb css=\u00bb.vc_custom_1539270302397{margin-top: 0px !important;margin-right: 0px !important;margin-bottom: 0px !important;margin-left: 0px !important;padding-top: 0px !important;padding-right: 0px !important;padding-bottom: 0px !important;padding-left: 0px !important;}\u00bb][vc_column width=\u00bb1\/6&#8243; el_id=\u00bbseven\u00bb][vc_column_text]<img decoding=\"async\" class=\"aligncenter wp-image-2376 size-full\" src=\"https:\/\/www.itac-professional.com\/wp-content\/uploads\/2018\/10\/ico-caja.png\" alt=\"\" width=\"75\" height=\"55\" \/><\/p>\n<p style=\"text-align: center;\"><strong>waga:<\/strong><\/p>\n<p style=\"text-align: center;\"><em>5Kg<\/em><\/p>\n<p>[\/vc_column_text][\/vc_column][vc_column width=\u00bb1\/6&#8243; el_id=\u00bbseven\u00bb][vc_column_text]<img decoding=\"async\" class=\"aligncenter wp-image-2376 size-full\" src=\"https:\/\/www.itac-professional.com\/wp-content\/uploads\/2018\/10\/ico-caja.png\" alt=\"\" width=\"75\" height=\"55\" \/><\/p>\n<p style=\"text-align: center;\"><strong>waga:<\/strong><\/p>\n<p style=\"text-align: center;\"><em>10Kg<\/em><\/p>\n<p>[\/vc_column_text][\/vc_column][vc_column width=\u00bb1\/6&#8243; el_id=\u00bbseven\u00bb][vc_column_text]<img decoding=\"async\" class=\"aligncenter wp-image-2376 size-full\" src=\"https:\/\/www.itac-professional.com\/wp-content\/uploads\/2018\/10\/ico-caja.png\" alt=\"\" width=\"75\" height=\"55\" \/><\/p>\n<p style=\"text-align: center;\"><strong>waga:<\/strong><\/p>\n<p style=\"text-align: center;\"><em>12.5Kg<\/em><\/p>\n<p>[\/vc_column_text][\/vc_column][vc_column width=\u00bb1\/6&#8243; el_id=\u00bbseven\u00bb][vc_column_text]<img decoding=\"async\" class=\"wp-image-2378 size-full aligncenter\" src=\"https:\/\/www.itac-professional.com\/wp-content\/uploads\/2018\/10\/ico-saco.png\" alt=\"\" width=\"75\" height=\"55\" \/><\/p>\n<p style=\"text-align: center;\"><strong>waga:<\/strong><\/p>\n<p style=\"text-align: center;\"><em>20 Kg<\/em><\/p>\n<p>[\/vc_column_text][\/vc_column][vc_column width=\u00bb1\/6&#8243; el_id=\u00bbseven\u00bb][vc_column_text]<img decoding=\"async\" class=\"aligncenter wp-image-2376 size-full\" src=\"https:\/\/www.itac-professional.com\/wp-content\/uploads\/2018\/10\/ico-caja.png\" alt=\"\" width=\"75\" height=\"55\" \/><\/p>\n<p style=\"text-align: center;\"><strong>waga:<\/strong><\/p>\n<p style=\"text-align: center;\"><em>22.68 Kg<\/em><\/p>\n<p>[\/vc_column_text][\/vc_column][vc_column width=\u00bb1\/6&#8243; el_id=\u00bbseven\u00bb][vc_column_text]<img decoding=\"async\" class=\"wp-image-2378 size-full aligncenter\" src=\"https:\/\/www.itac-professional.com\/wp-content\/uploads\/2018\/10\/ico-saco.png\" alt=\"\" width=\"75\" height=\"55\" \/><\/p>\n<p style=\"text-align: center;\"><strong>waga:<\/strong><\/p>\n<p style=\"text-align: center;\"><em>25 Kg<\/em><\/p>\n<p>[\/vc_column_text][\/vc_column][vc_column width=\u00bb1\/6&#8243; el_id=\u00bbseven\u00bb][vc_column_text]<img decoding=\"async\" class=\"wp-image-2377 size-full aligncenter\" src=\"https:\/\/www.itac-professional.com\/wp-content\/uploads\/2018\/10\/ico-sacos.png\" alt=\"\" width=\"75\" height=\"55\" \/><\/p>\n<p style=\"text-align: center;\"><strong>waga:<\/strong><\/p>\n<p style=\"text-align: center;\"><em>100 Kg<\/em><\/p>\n<p>[\/vc_column_text][\/vc_column][vc_column width=\u00bb1\/6&#8243; el_id=\u00bbseven\u00bb][vc_column_text]<img decoding=\"async\" class=\"wp-image-2379 size-full aligncenter\" src=\"https:\/\/www.itac-professional.com\/wp-content\/uploads\/2018\/10\/ico-palet.png\" alt=\"\" width=\"75\" height=\"55\" \/><\/p>\n<p style=\"text-align: center;\"><strong>waga:<\/strong><\/p>\n<p style=\"text-align: center;\"><em>520 Kg maksymalna paleta<\/em><\/p>\n<p>[\/vc_column_text][\/vc_column][vc_column width=\u00bb1\/6&#8243; el_id=\u00bbseven\u00bb][vc_column_text]<img decoding=\"async\" class=\"wp-image-2379 size-full aligncenter\" src=\"https:\/\/www.itac-professional.com\/wp-content\/uploads\/2018\/10\/ico-palet.png\" alt=\"\" width=\"75\" height=\"55\" \/><\/p>\n<p style=\"text-align: center;\"><strong>waga:<\/strong><\/p>\n<p style=\"text-align: center;\"><em>720 Kg maksymalna paleta<\/em><\/p>\n<p>[\/vc_column_text][\/vc_column][vc_column width=\u00bb1\/6&#8243; el_id=\u00bbseven\u00bb][vc_column_text]<img decoding=\"async\" class=\"wp-image-2379 size-full aligncenter\" src=\"https:\/\/www.itac-professional.com\/wp-content\/uploads\/2018\/10\/ico-palet.png\" alt=\"\" width=\"75\" height=\"55\" \/><\/p>\n<p style=\"text-align: center;\"><strong>waga:<\/strong><\/p>\n<p style=\"text-align: center;\"><em>800 Kg maksymalna paleta<\/em><\/p>\n<p>[\/vc_column_text][\/vc_column][vc_column width=\u00bb1\/6&#8243; el_id=\u00bbseven\u00bb][vc_column_text]<img decoding=\"async\" class=\"wp-image-2379 size-full aligncenter\" src=\"https:\/\/www.itac-professional.com\/wp-content\/uploads\/2018\/10\/ico-palet.png\" alt=\"\" width=\"75\" height=\"55\" \/><\/p>\n<p style=\"text-align: center;\"><strong>waga:<\/strong><\/p>\n<p style=\"text-align: center;\"><em>500 Kg<\/em><\/p>\n<p>[\/vc_column_text][\/vc_column][vc_column width=\u00bb1\/6&#8243; el_id=\u00bbseven\u00bb][vc_column_text]<img decoding=\"async\" class=\"wp-image-2379 size-full aligncenter\" src=\"https:\/\/www.itac-professional.com\/wp-content\/uploads\/2018\/10\/ico-palet.png\" alt=\"\" width=\"75\" height=\"55\" \/><\/p>\n<p style=\"text-align: center;\"><strong>waga:<\/strong><\/p>\n<p style=\"text-align: center;\"><em>997.92 Kg<\/em><\/p>\n<p>[\/vc_column_text][\/vc_column][vc_column width=\u00bb1\/6&#8243; el_id=\u00bbseven\u00bb][vc_column_text]<img decoding=\"async\" class=\"wp-image-2379 size-full aligncenter\" src=\"https:\/\/www.itac-professional.com\/wp-content\/uploads\/2018\/10\/ico-palet.png\" alt=\"\" width=\"75\" height=\"55\" \/><\/p>\n<p style=\"text-align: center;\"><strong>waga:<\/strong><\/p>\n<p style=\"text-align: center;\"><em>525 Kg<\/em><\/p>\n<p style=\"text-align: center;\"><em>750 Kg<\/em><\/p>\n<p>[\/vc_column_text][\/vc_column][vc_column width=\u00bb1\/6&#8243; el_id=\u00bbseven\u00bb][vc_column_text]<img decoding=\"async\" class=\"wp-image-2379 size-full aligncenter\" src=\"https:\/\/www.itac-professional.com\/wp-content\/uploads\/2018\/10\/ico-palet.png\" alt=\"\" width=\"75\" height=\"55\" \/><\/p>\n<p style=\"text-align: center;\"><strong>waga:<\/strong><\/p>\n<p style=\"text-align: center;\">500, 750, 900, 1.000 kg<\/p>\n<p>[\/vc_column_text][\/vc_column][vc_column width=\u00bb1\/6&#8243;][\/vc_column][vc_column width=\u00bb1\/6&#8243;][\/vc_column][vc_column width=\u00bb1\/6&#8243;][\/vc_column][vc_column width=\u00bb1\/6&#8243;][\/vc_column][\/vc_row][vc_row][vc_column][vc_column_text]<\/p>\n<p style=\"text-align: center;\"><strong>Od 0,100 kg do 1 kg &#8211; <\/strong>Kwadratowy sp\u00f3d, torebka poduszka i DoyStyle<\/p>\n<p>[\/vc_column_text][vc_separator color=\u00bbblack\u00bb style=\u00bbdotted\u00bb][vc_empty_space][\/vc_column][\/vc_row]<\/p>\n<\/div>","protected":false},"excerpt":{"rendered":"<p>[vc_row css=\u00bb.vc_custom_1538570440699{margin-top: 0px !important;margin-bottom: 0px !important;}\u00bb][vc_column][vc_column_text] OPAKOWANIE I MATERIA\u0141Y DO POBRANIA [\/vc_column_text][\/vc_column][\/vc_row][vc_row full_width=\u00bbstretch_row_content_no_spaces\u00bb content_placement=\u00bbbottom\u00bb parallax=\u00bbcontent-moving\u00bb css=\u00bb.vc_custom_1537887082496{padding-top: 10px !important;padding-bottom: 10px !important;background-color: #f5f5f5 !important;background-position: center;background-repeat: no-repeat !important;background-size: contain !important;}\u00bb][vc_column css=\u00bb.vc_custom_1537886939544{padding-top: 0px !important;padding-bottom: 0px !important;background-image: url(https:\/\/www.itac-professional.com\/wp-content\/uploads\/2018\/09\/catalogo_mini.png?id=752) !important;background-position: center !important;background-repeat: no-repeat !important;background-size: contain !important;}\u00bb el_class=\u00bbcatalogo\u00bb][vc_row_inner][vc_column_inner css=\u00bb.vc_custom_1537887146484{padding-top: 100px !important;padding-bottom: 100px !important;background-color: rgba(245,245,245,0.37) !important;*background-color: rgb(245,245,245) !important;}\u00bb][vc_column_text el_class=\u00bbbtnDescargar\u00bb] POBIERZ NASZE E-BOOKI I&hellip;<\/p>\n","protected":false},"author":1,"featured_media":0,"parent":5361,"menu_order":0,"comment_status":"closed","ping_status":"closed","template":"","meta":{"_acf_changed":false,"content-type":"","footnotes":"","_links_to":"","_links_to_target":""},"class_list":["post-5533","page","type-page","status-publish","hentry"],"acf":[],"yoast_head":"<!-- This site is optimized with the Yoast SEO plugin v27.3 - https:\/\/yoast.com\/product\/yoast-seo-wordpress\/ -->\n<title>\u3010Opakowania i katalogi suszonych owoc\u00f3w\u3011 | Itac Professional<\/title>\n<meta name=\"description\" content=\"W Itac Professional posiadamy produkty i opakowania dostosowane do Pa\u0144stwa dzia\u0142alno\u015bci. Pobierz nasz katalog na naszej stronie internetowej. \u2934\ufe0f\" \/>\n<meta name=\"robots\" content=\"index, follow, max-snippet:-1, max-image-preview:large, max-video-preview:-1\" \/>\n<link rel=\"canonical\" href=\"https:\/\/www.itac-professional.com\/pl\/przemysl\/opakowania-i-katalogi-przemysl\/\" \/>\n<meta property=\"og:locale\" content=\"es_ES\" \/>\n<meta property=\"og:type\" content=\"article\" \/>\n<meta property=\"og:title\" content=\"\u3010Opakowania i katalogi suszonych owoc\u00f3w\u3011 | Itac Professional\" \/>\n<meta property=\"og:description\" content=\"W Itac Professional posiadamy produkty i opakowania dostosowane do Pa\u0144stwa dzia\u0142alno\u015bci. Pobierz nasz katalog na naszej stronie internetowej. \u2934\ufe0f\" \/>\n<meta property=\"og:url\" content=\"https:\/\/www.itac-professional.com\/pl\/przemysl\/opakowania-i-katalogi-przemysl\/\" \/>\n<meta property=\"og:site_name\" content=\"ITAC PROFESSIONAL\" \/>\n<meta property=\"article:publisher\" content=\"https:\/\/www.facebook.com\/itacpl\/?__tn__=%2cd%2cP-R&amp;amp%3bamp%3bamp%3beid=ARDlbBGdvN1GldNhuRmgHiU6tnbbCAl9fGzcoMdXJtpaDmSPPUWNWMZggUNgE-uhlBECVQWwd8uysOwe\" \/>\n<meta property=\"article:modified_time\" content=\"2020-10-22T07:05:42+00:00\" \/>\n<meta property=\"og:image\" content=\"https:\/\/www.itac-professional.com\/wp-content\/uploads\/2018\/10\/ico-caja.png\" \/>\n<meta name=\"twitter:card\" content=\"summary_large_image\" \/>\n<meta name=\"twitter:label1\" content=\"Tiempo de lectura\" \/>\n\t<meta name=\"twitter:data1\" content=\"2 minutos\" \/>\n<script type=\"application\/ld+json\" class=\"yoast-schema-graph\">{\"@context\":\"https:\\\/\\\/schema.org\",\"@graph\":[{\"@type\":\"WebPage\",\"@id\":\"https:\\\/\\\/www.itac-professional.com\\\/pl\\\/przemysl\\\/opakowania-i-katalogi-przemysl\\\/\",\"url\":\"https:\\\/\\\/www.itac-professional.com\\\/pl\\\/przemysl\\\/opakowania-i-katalogi-przemysl\\\/\",\"name\":\"\u3010Opakowania i katalogi suszonych owoc\u00f3w\u3011 | Itac Professional\",\"isPartOf\":{\"@id\":\"https:\\\/\\\/www.itac-professional.com\\\/pl\\\/#website\"},\"primaryImageOfPage\":{\"@id\":\"https:\\\/\\\/www.itac-professional.com\\\/pl\\\/przemysl\\\/opakowania-i-katalogi-przemysl\\\/#primaryimage\"},\"image\":{\"@id\":\"https:\\\/\\\/www.itac-professional.com\\\/pl\\\/przemysl\\\/opakowania-i-katalogi-przemysl\\\/#primaryimage\"},\"thumbnailUrl\":\"https:\\\/\\\/www.itac-professional.com\\\/wp-content\\\/uploads\\\/2018\\\/10\\\/ico-caja.png\",\"datePublished\":\"2019-01-24T10:36:04+00:00\",\"dateModified\":\"2020-10-22T07:05:42+00:00\",\"description\":\"W Itac Professional posiadamy produkty i opakowania dostosowane do Pa\u0144stwa dzia\u0142alno\u015bci. Pobierz nasz katalog na naszej stronie internetowej. \u2934\ufe0f\",\"breadcrumb\":{\"@id\":\"https:\\\/\\\/www.itac-professional.com\\\/pl\\\/przemysl\\\/opakowania-i-katalogi-przemysl\\\/#breadcrumb\"},\"inLanguage\":\"es\",\"potentialAction\":[{\"@type\":\"ReadAction\",\"target\":[\"https:\\\/\\\/www.itac-professional.com\\\/pl\\\/przemysl\\\/opakowania-i-katalogi-przemysl\\\/\"]}]},{\"@type\":\"ImageObject\",\"inLanguage\":\"es\",\"@id\":\"https:\\\/\\\/www.itac-professional.com\\\/pl\\\/przemysl\\\/opakowania-i-katalogi-przemysl\\\/#primaryimage\",\"url\":\"https:\\\/\\\/www.itac-professional.com\\\/wp-content\\\/uploads\\\/2018\\\/10\\\/ico-caja.png\",\"contentUrl\":\"https:\\\/\\\/www.itac-professional.com\\\/wp-content\\\/uploads\\\/2018\\\/10\\\/ico-caja.png\"},{\"@type\":\"BreadcrumbList\",\"@id\":\"https:\\\/\\\/www.itac-professional.com\\\/pl\\\/przemysl\\\/opakowania-i-katalogi-przemysl\\\/#breadcrumb\",\"itemListElement\":[{\"@type\":\"ListItem\",\"position\":1,\"name\":\"Inicio\",\"item\":\"https:\\\/\\\/www.itac-professional.com\\\/pl\\\/\"},{\"@type\":\"ListItem\",\"position\":2,\"name\":\"Przemys\u0142\",\"item\":\"https:\\\/\\\/www.itac-professional.com\\\/pl\\\/przemysl\\\/\"},{\"@type\":\"ListItem\",\"position\":3,\"name\":\"Opakowania i katalogi przemysl\"}]},{\"@type\":\"WebSite\",\"@id\":\"https:\\\/\\\/www.itac-professional.com\\\/pl\\\/#website\",\"url\":\"https:\\\/\\\/www.itac-professional.com\\\/pl\\\/\",\"name\":\"ITAC PROFESSIONAL\",\"description\":\"Frutos secos, frutas desecadas, snacks ...\",\"publisher\":{\"@id\":\"https:\\\/\\\/www.itac-professional.com\\\/pl\\\/#organization\"},\"potentialAction\":[{\"@type\":\"SearchAction\",\"target\":{\"@type\":\"EntryPoint\",\"urlTemplate\":\"https:\\\/\\\/www.itac-professional.com\\\/pl\\\/?s={search_term_string}\"},\"query-input\":{\"@type\":\"PropertyValueSpecification\",\"valueRequired\":true,\"valueName\":\"search_term_string\"}}],\"inLanguage\":\"es\"},{\"@type\":\"Organization\",\"@id\":\"https:\\\/\\\/www.itac-professional.com\\\/pl\\\/#organization\",\"name\":\"Itac Professional\",\"url\":\"https:\\\/\\\/www.itac-professional.com\\\/pl\\\/\",\"logo\":{\"@type\":\"ImageObject\",\"inLanguage\":\"es\",\"@id\":\"https:\\\/\\\/www.itac-professional.com\\\/pl\\\/#\\\/schema\\\/logo\\\/image\\\/\",\"url\":\"https:\\\/\\\/www.itac-professional.com\\\/wp-content\\\/uploads\\\/2018\\\/10\\\/LOGO-ITACPROF-160.png\",\"contentUrl\":\"https:\\\/\\\/www.itac-professional.com\\\/wp-content\\\/uploads\\\/2018\\\/10\\\/LOGO-ITACPROF-160.png\",\"width\":160,\"height\":80,\"caption\":\"Itac Professional\"},\"image\":{\"@id\":\"https:\\\/\\\/www.itac-professional.com\\\/pl\\\/#\\\/schema\\\/logo\\\/image\\\/\"},\"sameAs\":[\"https:\\\/\\\/www.facebook.com\\\/itacpl\\\/?__tn__=,d,P-R&amp;amp;amp;eid=ARDlbBGdvN1GldNhuRmgHiU6tnbbCAl9fGzcoMdXJtpaDmSPPUWNWMZggUNgE-uhlBECVQWwd8uysOwe\",\"https:\\\/\\\/www.linkedin.com\\\/sharing\\\/share-offsite\\\/?url=https:\\\/\\\/www.itac-professional.com\\\/retail\\\/\"]}]}<\/script>\n<!-- \/ Yoast SEO plugin. -->","yoast_head_json":{"title":"\u3010Opakowania i katalogi suszonych owoc\u00f3w\u3011 | Itac Professional","description":"W Itac Professional posiadamy produkty i opakowania dostosowane do Pa\u0144stwa dzia\u0142alno\u015bci. Pobierz nasz katalog na naszej stronie internetowej. \u2934\ufe0f","robots":{"index":"index","follow":"follow","max-snippet":"max-snippet:-1","max-image-preview":"max-image-preview:large","max-video-preview":"max-video-preview:-1"},"canonical":"https:\/\/www.itac-professional.com\/pl\/przemysl\/opakowania-i-katalogi-przemysl\/","og_locale":"es_ES","og_type":"article","og_title":"\u3010Opakowania i katalogi suszonych owoc\u00f3w\u3011 | Itac Professional","og_description":"W Itac Professional posiadamy produkty i opakowania dostosowane do Pa\u0144stwa dzia\u0142alno\u015bci. Pobierz nasz katalog na naszej stronie internetowej. \u2934\ufe0f","og_url":"https:\/\/www.itac-professional.com\/pl\/przemysl\/opakowania-i-katalogi-przemysl\/","og_site_name":"ITAC PROFESSIONAL","article_publisher":"https:\/\/www.facebook.com\/itacpl\/?__tn__=%2cd%2cP-R&amp%3bamp%3bamp%3beid=ARDlbBGdvN1GldNhuRmgHiU6tnbbCAl9fGzcoMdXJtpaDmSPPUWNWMZggUNgE-uhlBECVQWwd8uysOwe","article_modified_time":"2020-10-22T07:05:42+00:00","og_image":[{"url":"https:\/\/www.itac-professional.com\/wp-content\/uploads\/2018\/10\/ico-caja.png","type":"","width":"","height":""}],"twitter_card":"summary_large_image","twitter_misc":{"Tiempo de lectura":"2 minutos"},"schema":{"@context":"https:\/\/schema.org","@graph":[{"@type":"WebPage","@id":"https:\/\/www.itac-professional.com\/pl\/przemysl\/opakowania-i-katalogi-przemysl\/","url":"https:\/\/www.itac-professional.com\/pl\/przemysl\/opakowania-i-katalogi-przemysl\/","name":"\u3010Opakowania i katalogi suszonych owoc\u00f3w\u3011 | Itac Professional","isPartOf":{"@id":"https:\/\/www.itac-professional.com\/pl\/#website"},"primaryImageOfPage":{"@id":"https:\/\/www.itac-professional.com\/pl\/przemysl\/opakowania-i-katalogi-przemysl\/#primaryimage"},"image":{"@id":"https:\/\/www.itac-professional.com\/pl\/przemysl\/opakowania-i-katalogi-przemysl\/#primaryimage"},"thumbnailUrl":"https:\/\/www.itac-professional.com\/wp-content\/uploads\/2018\/10\/ico-caja.png","datePublished":"2019-01-24T10:36:04+00:00","dateModified":"2020-10-22T07:05:42+00:00","description":"W Itac Professional posiadamy produkty i opakowania dostosowane do Pa\u0144stwa dzia\u0142alno\u015bci. Pobierz nasz katalog na naszej stronie internetowej. \u2934\ufe0f","breadcrumb":{"@id":"https:\/\/www.itac-professional.com\/pl\/przemysl\/opakowania-i-katalogi-przemysl\/#breadcrumb"},"inLanguage":"es","potentialAction":[{"@type":"ReadAction","target":["https:\/\/www.itac-professional.com\/pl\/przemysl\/opakowania-i-katalogi-przemysl\/"]}]},{"@type":"ImageObject","inLanguage":"es","@id":"https:\/\/www.itac-professional.com\/pl\/przemysl\/opakowania-i-katalogi-przemysl\/#primaryimage","url":"https:\/\/www.itac-professional.com\/wp-content\/uploads\/2018\/10\/ico-caja.png","contentUrl":"https:\/\/www.itac-professional.com\/wp-content\/uploads\/2018\/10\/ico-caja.png"},{"@type":"BreadcrumbList","@id":"https:\/\/www.itac-professional.com\/pl\/przemysl\/opakowania-i-katalogi-przemysl\/#breadcrumb","itemListElement":[{"@type":"ListItem","position":1,"name":"Inicio","item":"https:\/\/www.itac-professional.com\/pl\/"},{"@type":"ListItem","position":2,"name":"Przemys\u0142","item":"https:\/\/www.itac-professional.com\/pl\/przemysl\/"},{"@type":"ListItem","position":3,"name":"Opakowania i katalogi przemysl"}]},{"@type":"WebSite","@id":"https:\/\/www.itac-professional.com\/pl\/#website","url":"https:\/\/www.itac-professional.com\/pl\/","name":"ITAC PROFESSIONAL","description":"Frutos secos, frutas desecadas, snacks ...","publisher":{"@id":"https:\/\/www.itac-professional.com\/pl\/#organization"},"potentialAction":[{"@type":"SearchAction","target":{"@type":"EntryPoint","urlTemplate":"https:\/\/www.itac-professional.com\/pl\/?s={search_term_string}"},"query-input":{"@type":"PropertyValueSpecification","valueRequired":true,"valueName":"search_term_string"}}],"inLanguage":"es"},{"@type":"Organization","@id":"https:\/\/www.itac-professional.com\/pl\/#organization","name":"Itac Professional","url":"https:\/\/www.itac-professional.com\/pl\/","logo":{"@type":"ImageObject","inLanguage":"es","@id":"https:\/\/www.itac-professional.com\/pl\/#\/schema\/logo\/image\/","url":"https:\/\/www.itac-professional.com\/wp-content\/uploads\/2018\/10\/LOGO-ITACPROF-160.png","contentUrl":"https:\/\/www.itac-professional.com\/wp-content\/uploads\/2018\/10\/LOGO-ITACPROF-160.png","width":160,"height":80,"caption":"Itac Professional"},"image":{"@id":"https:\/\/www.itac-professional.com\/pl\/#\/schema\/logo\/image\/"},"sameAs":["https:\/\/www.facebook.com\/itacpl\/?__tn__=,d,P-R&amp;amp;amp;eid=ARDlbBGdvN1GldNhuRmgHiU6tnbbCAl9fGzcoMdXJtpaDmSPPUWNWMZggUNgE-uhlBECVQWwd8uysOwe","https:\/\/www.linkedin.com\/sharing\/share-offsite\/?url=https:\/\/www.itac-professional.com\/retail\/"]}]}},"_links":{"self":[{"href":"https:\/\/www.itac-professional.com\/pl\/wp-json\/wp\/v2\/pages\/5533","targetHints":{"allow":["GET"]}}],"collection":[{"href":"https:\/\/www.itac-professional.com\/pl\/wp-json\/wp\/v2\/pages"}],"about":[{"href":"https:\/\/www.itac-professional.com\/pl\/wp-json\/wp\/v2\/types\/page"}],"author":[{"embeddable":true,"href":"https:\/\/www.itac-professional.com\/pl\/wp-json\/wp\/v2\/users\/1"}],"replies":[{"embeddable":true,"href":"https:\/\/www.itac-professional.com\/pl\/wp-json\/wp\/v2\/comments?post=5533"}],"version-history":[{"count":9,"href":"https:\/\/www.itac-professional.com\/pl\/wp-json\/wp\/v2\/pages\/5533\/revisions"}],"predecessor-version":[{"id":10082,"href":"https:\/\/www.itac-professional.com\/pl\/wp-json\/wp\/v2\/pages\/5533\/revisions\/10082"}],"up":[{"embeddable":true,"href":"https:\/\/www.itac-professional.com\/pl\/wp-json\/wp\/v2\/pages\/5361"}],"wp:attachment":[{"href":"https:\/\/www.itac-professional.com\/pl\/wp-json\/wp\/v2\/media?parent=5533"}],"curies":[{"name":"wp","href":"https:\/\/api.w.org\/{rel}","templated":true}]}}