{"id":5442,"date":"2019-01-23T10:22:47","date_gmt":"2019-01-23T10:22:47","guid":{"rendered":"https:\/\/itacpro.develacq.startgoconnection.es\/?page_id=5442"},"modified":"2023-06-30T12:03:03","modified_gmt":"2023-06-30T10:03:03","slug":"surowe-migdaly-przetworzone","status":"publish","type":"page","link":"https:\/\/www.itac-professional.com\/pl\/przemysl\/migdaly\/surowe-migdaly-przetworzone\/","title":{"rendered":"Surowe migda\u0142y przetworzone"},"content":{"rendered":"<div class=\"wpb-content-wrapper\"><p>[vc_row css=\u00bb.vc_custom_1537796050067{margin-top: 70px !important;}\u00bb][vc_column][vc_column_text el_class=\u00bbtitulocatalogo\u00bb]<\/p>\n<h1 style=\"text-align: center;\"><span style=\"color: #ff0000;\">SUROWE MIGDA\u0141Y PRZETWORZONE<\/span><\/h1>\n<p>[\/vc_column_text][vc_column_text el_class=\u00bbtextocat\u00bb]<\/p>\n<p style=\"text-align: center;\">W Importaco dysponujemy szerok\u0105 ofert\u0105 przetworzonych migda\u0142\u00f3w, by zaspokoi\u0107 najbardziej wymagaj\u0105ce potrzeby przemys\u0142u spo\u017cywczego. Nasze migda\u0142y przetwarzane s\u0105 w zak\u0142adzie Peanuts free. Wszystkie nasze produkty mog\u0105 by\u0107 surowe lub pra\u017cone, za wyj\u0105tkiem surowej m\u0105ki.<\/p>\n<p>[\/vc_column_text][\/vc_column][\/vc_row][vc_row][vc_column]<div class=\"woocommerce columns-4\"><div class=\"loading-effect-none description-under-image cart-btn-on-img cart-btn-on-hover resize-by-browser-width hide-description wc-grid dt-css-grid-wrap woo-hover wc-grid dt-products products\" data-padding=\"22px\" data-cur-page=\"1\" data-desktop-columns-num=\"4\" data-v-tablet-columns-num=\"2\" data-h-tablet-columns-num=\"3\" data-phone-columns-num=\"1\" data-width=\"220px\" data-columns=\"4\"><div class=\"dt-css-grid\"><div class=\"wf-cell visible shown\" data-post-id=\"22556\" data-date=\"2018-10-03T11:26:46+02:00\"><article class=\"post visible product type-product post-22556 status-publish first instock product_cat-almendra-espana has-post-thumbnail shipping-taxable product-type-simple\"><figure class=\"woocom-project\"><div class=\"woo-buttons-on-img\"><a href=\"https:\/\/www.itac-professional.com\/pl\/produkty\/mielone-migdaly\/\" class=\"alignnone layzr-bg-transparent\"><img width=\"300\" height=\"300\" src=\"https:\/\/www.itac-professional.com\/wp-content\/uploads\/2018\/10\/ALMENDRA_MOLIDA-300x300.png\" class=\"attachment-woocommerce_thumbnail size-woocommerce_thumbnail iso-lazy-load preload-me thumb-lazy-load-show iso-layzr-loaded\" decoding=\"async\" loading=\"lazy\" srcset=\"https:\/\/www.itac-professional.com\/wp-content\/uploads\/2018\/10\/ALMENDRA_MOLIDA-300x300.png 300w, https:\/\/www.itac-professional.com\/wp-content\/uploads\/2018\/10\/ALMENDRA_MOLIDA-255x300.png 200w\" sizes=\"auto, (max-width:300px) 100vw,300px\" style=\"will-change: auto;\"><\/a><\/div><figcaption class=\"woocom-list-content\"><h4 class=\"entry-title\"><a href=\"https:\/\/www.itac-professional.com\/pl\/produkty\/mielone-migdaly\/\" rel=\"bookmark\">MIELONE MIGDA\u0141Y<\/a><\/h4><\/figcaption><\/figure><\/article><\/div><div class=\"wf-cell visible shown\" data-post-id=\"22561\" data-date=\"2018-10-03T11:23:50+02:00\"><article class=\"post visible product type-product post-22561 status-publish instock product_cat-almendra-espana has-post-thumbnail shipping-taxable product-type-simple\"><figure class=\"woocom-project\"><div class=\"woo-buttons-on-img\"><a href=\"https:\/\/www.itac-professional.com\/pl\/produkty\/migdaly-naturalne-surowe-ze-skorka\/\" class=\"alignnone layzr-bg-transparent\"><img width=\"300\" height=\"300\" src=\"https:\/\/www.itac-professional.com\/wp-content\/uploads\/2018\/10\/ALMENDRA_REPELADA-3-300x300-300x300.png\" class=\"attachment-woocommerce_thumbnail size-woocommerce_thumbnail iso-lazy-load preload-me thumb-lazy-load-show iso-layzr-loaded\" decoding=\"async\" loading=\"lazy\" srcset=\"https:\/\/www.itac-professional.com\/wp-content\/uploads\/2018\/10\/ALMENDRA_REPELADA-3-300x300-300x300.png 300w, https:\/\/www.itac-professional.com\/wp-content\/uploads\/2018\/10\/ALMENDRA_REPELADA-3-300x300-300x300.png 200w\" sizes=\"auto, (max-width:300px) 100vw,300px\" style=\"will-change: auto;\"><\/a><\/div><figcaption class=\"woocom-list-content\"><h4 class=\"entry-title\"><a href=\"https:\/\/www.itac-professional.com\/pl\/produkty\/migdaly-naturalne-surowe-ze-skorka\/\" rel=\"bookmark\">MIGDA\u0141Y NATURALNE (SUROWE ZE SK\u00d3RK\u0104)<\/a><\/h4><\/figcaption><\/figure><\/article><\/div><div class=\"wf-cell visible shown\" data-post-id=\"22558\" data-date=\"2018-10-03T11:25:54+02:00\"><article class=\"post visible product type-product post-22558 status-publish instock product_cat-almendra-espana has-post-thumbnail shipping-taxable product-type-simple\"><figure class=\"woocom-project\"><div class=\"woo-buttons-on-img\"><a href=\"https:\/\/www.itac-professional.com\/pl\/produkty\/migdaly-paleczki\/\" class=\"alignnone layzr-bg-transparent\"><img width=\"300\" height=\"300\" src=\"https:\/\/www.itac-professional.com\/wp-content\/uploads\/2018\/10\/ALMENDRA_PALITOS-300x300.png\" class=\"attachment-woocommerce_thumbnail size-woocommerce_thumbnail iso-lazy-load preload-me thumb-lazy-load-show iso-layzr-loaded\" decoding=\"async\" loading=\"lazy\" srcset=\"https:\/\/www.itac-professional.com\/wp-content\/uploads\/2018\/10\/ALMENDRA_PALITOS-300x300.png 300w, https:\/\/www.itac-professional.com\/wp-content\/uploads\/2018\/10\/ALMENDRA_PALITOS-255x300.png 200w\" sizes=\"auto, (max-width:300px) 100vw,300px\" style=\"will-change: auto;\"><\/a><\/div><figcaption class=\"woocom-list-content\"><h4 class=\"entry-title\"><a href=\"https:\/\/www.itac-professional.com\/pl\/produkty\/migdaly-paleczki\/\" rel=\"bookmark\">MIGDA\u0141Y PA\u0141ECZKI<\/a><\/h4><\/figcaption><\/figure><\/article><\/div><div class=\"wf-cell visible shown\" data-post-id=\"22560\" data-date=\"2018-10-03T11:24:31+02:00\"><article class=\"post visible product type-product post-22560 status-publish instock product_cat-almendra-espana has-post-thumbnail shipping-taxable product-type-simple\"><figure class=\"woocom-project\"><div class=\"woo-buttons-on-img\"><a href=\"https:\/\/www.itac-professional.com\/pl\/produkty\/migdaly-w-platkach\/\" class=\"alignnone layzr-bg-transparent\"><img width=\"300\" height=\"300\" src=\"https:\/\/www.itac-professional.com\/wp-content\/uploads\/2018\/10\/ALMENDRA_LAMINAS-300x300.png\" class=\"attachment-woocommerce_thumbnail size-woocommerce_thumbnail iso-lazy-load preload-me thumb-lazy-load-show iso-layzr-loaded\" decoding=\"async\" loading=\"lazy\" srcset=\"https:\/\/www.itac-professional.com\/wp-content\/uploads\/2018\/10\/ALMENDRA_LAMINAS-300x300.png 300w, https:\/\/www.itac-professional.com\/wp-content\/uploads\/2018\/10\/ALMENDRA_LAMINAS-255x300.png 200w\" sizes=\"auto, (max-width:300px) 100vw,300px\" style=\"will-change: auto;\"><\/a><\/div><figcaption class=\"woocom-list-content\"><h4 class=\"entry-title\"><a href=\"https:\/\/www.itac-professional.com\/pl\/produkty\/migdaly-w-platkach\/\" rel=\"bookmark\">MIGDA\u0141Y W P\u0141ATKACH<\/a><\/h4><\/figcaption><\/figure><\/article><\/div><div class=\"wf-cell visible shown\" data-post-id=\"22559\" data-date=\"2018-10-03T11:24:55+02:00\"><article class=\"post visible product type-product post-22559 status-publish instock product_cat-almendra-espana has-post-thumbnail shipping-taxable product-type-simple\"><figure class=\"woocom-project\"><div class=\"woo-buttons-on-img\"><a href=\"https:\/\/www.itac-professional.com\/pl\/produkty\/migdaly-w-platkach-ze-skorka\/\" class=\"alignnone layzr-bg-transparent\"><img width=\"300\" height=\"300\" src=\"https:\/\/www.itac-professional.com\/wp-content\/uploads\/2018\/10\/ALMENDRA_LAMINAS_PIEL-1-300x300.png\" class=\"attachment-woocommerce_thumbnail size-woocommerce_thumbnail iso-lazy-load preload-me thumb-lazy-load-show iso-layzr-loaded\" decoding=\"async\" loading=\"lazy\" srcset=\"https:\/\/www.itac-professional.com\/wp-content\/uploads\/2018\/10\/ALMENDRA_LAMINAS_PIEL-1-300x300.png 300w, https:\/\/www.itac-professional.com\/wp-content\/uploads\/2018\/10\/ALMENDRA_LAMINAS_PIEL-1-255x300.png 200w\" sizes=\"auto, (max-width:300px) 100vw,300px\" style=\"will-change: auto;\"><\/a><\/div><figcaption class=\"woocom-list-content\"><h4 class=\"entry-title\"><a href=\"https:\/\/www.itac-professional.com\/pl\/produkty\/migdaly-w-platkach-ze-skorka\/\" rel=\"bookmark\">MIGDA\u0141Y W P\u0141ATKACH ZE SK\u00d3RK\u0104<\/a><\/h4><\/figcaption><\/figure><\/article><\/div><div class=\"wf-cell visible shown\" data-post-id=\"22555\" data-date=\"2018-10-03T11:27:00+02:00\"><article class=\"post visible product type-product post-22555 status-publish instock product_cat-almendra-espana has-post-thumbnail shipping-taxable product-type-simple\"><figure class=\"woocom-project\"><div class=\"woo-buttons-on-img\"><a href=\"https:\/\/www.itac-professional.com\/pl\/produkty\/polamane-przetworzone-migdaly\/\" class=\"alignnone layzr-bg-transparent\"><img width=\"300\" height=\"300\" src=\"https:\/\/www.itac-professional.com\/wp-content\/uploads\/2018\/10\/BLANCHED_WHOLE___BROKEN-300x300.png\" class=\"attachment-woocommerce_thumbnail size-woocommerce_thumbnail iso-lazy-load preload-me thumb-lazy-load-show iso-layzr-loaded\" decoding=\"async\" loading=\"lazy\" srcset=\"https:\/\/www.itac-professional.com\/wp-content\/uploads\/2018\/10\/BLANCHED_WHOLE___BROKEN-300x300.png 300w, https:\/\/www.itac-professional.com\/wp-content\/uploads\/2018\/10\/BLANCHED_WHOLE___BROKEN-255x300.png 200w\" sizes=\"auto, (max-width:300px) 100vw,300px\" style=\"will-change: auto;\"><\/a><\/div><figcaption class=\"woocom-list-content\"><h4 class=\"entry-title\"><a href=\"https:\/\/www.itac-professional.com\/pl\/produkty\/polamane-przetworzone-migdaly\/\" rel=\"bookmark\">Po\u0142amane przetworzone migda\u0142y<\/a><\/h4><\/figcaption><\/figure><\/article><\/div><div class=\"wf-cell visible shown\" data-post-id=\"22554\" data-date=\"2018-10-03T11:27:14+02:00\"><article class=\"post visible product type-product post-22554 status-publish instock product_cat-almendra-espana has-post-thumbnail shipping-taxable product-type-simple\"><figure class=\"woocom-project\"><div class=\"woo-buttons-on-img\"><a href=\"https:\/\/www.itac-professional.com\/pl\/produkty\/polowki-migdalow\/\" class=\"alignnone layzr-bg-transparent\"><img width=\"300\" height=\"300\" src=\"https:\/\/www.itac-professional.com\/wp-content\/uploads\/2018\/10\/ALMENDRA_MITADES-300x300.png\" class=\"attachment-woocommerce_thumbnail size-woocommerce_thumbnail iso-lazy-load preload-me thumb-lazy-load-show iso-layzr-loaded\" decoding=\"async\" loading=\"lazy\" srcset=\"https:\/\/www.itac-professional.com\/wp-content\/uploads\/2018\/10\/ALMENDRA_MITADES-300x300.png 300w, https:\/\/www.itac-professional.com\/wp-content\/uploads\/2018\/10\/ALMENDRA_MITADES-255x300.png 200w\" sizes=\"auto, (max-width:300px) 100vw,300px\" style=\"will-change: auto;\"><\/a><\/div><figcaption class=\"woocom-list-content\"><h4 class=\"entry-title\"><a href=\"https:\/\/www.itac-professional.com\/pl\/produkty\/polowki-migdalow\/\" rel=\"bookmark\">PO\u0141\u00d3WKI MIGDA\u0141\u00d3W<\/a><\/h4><\/figcaption><\/figure><\/article><\/div><div class=\"wf-cell visible shown\" data-post-id=\"22553\" data-date=\"2018-10-03T11:27:41+02:00\"><article class=\"post visible product type-product post-22553 status-publish instock product_cat-almendra-espana has-post-thumbnail shipping-taxable product-type-simple\"><figure class=\"woocom-project\"><div class=\"woo-buttons-on-img\"><a href=\"https:\/\/www.itac-professional.com\/pl\/produkty\/unselected\/\" class=\"alignnone layzr-bg-transparent\"><img width=\"300\" height=\"300\" src=\"https:\/\/www.itac-professional.com\/wp-content\/uploads\/2018\/10\/UNSELECTED-300x300.png\" class=\"attachment-woocommerce_thumbnail size-woocommerce_thumbnail iso-lazy-load preload-me thumb-lazy-load-show iso-layzr-loaded\" decoding=\"async\" loading=\"lazy\" srcset=\"https:\/\/www.itac-professional.com\/wp-content\/uploads\/2018\/10\/UNSELECTED-300x300.png 300w, https:\/\/www.itac-professional.com\/wp-content\/uploads\/2018\/10\/UNSELECTED-255x300.png 200w\" sizes=\"auto, (max-width:300px) 100vw,300px\" style=\"will-change: auto;\"><\/a><\/div><figcaption class=\"woocom-list-content\"><h4 class=\"entry-title\"><a href=\"https:\/\/www.itac-professional.com\/pl\/produkty\/unselected\/\" rel=\"bookmark\">UNSELECTED<\/a><\/h4><\/figcaption><\/figure><\/article><\/div><div class=\"wf-cell visible shown\" data-post-id=\"22557\" data-date=\"2018-10-03T11:26:24+02:00\"><article class=\"post visible product type-product post-22557 status-publish last instock product_cat-almendra-espana has-post-thumbnail shipping-taxable product-type-simple\"><figure class=\"woocom-project\"><div class=\"woo-buttons-on-img\"><a href=\"https:\/\/www.itac-professional.com\/pl\/produkty\/ziarenka-kosteczki-migdalowe\/\" class=\"alignnone layzr-bg-transparent\"><img width=\"300\" height=\"300\" src=\"https:\/\/www.itac-professional.com\/wp-content\/uploads\/2018\/10\/ALMENDRA_CUBITOS-300x300.png\" class=\"attachment-woocommerce_thumbnail size-woocommerce_thumbnail iso-lazy-load preload-me thumb-lazy-load-show iso-layzr-loaded\" decoding=\"async\" loading=\"lazy\" srcset=\"https:\/\/www.itac-professional.com\/wp-content\/uploads\/2018\/10\/ALMENDRA_CUBITOS-300x300.png 300w, https:\/\/www.itac-professional.com\/wp-content\/uploads\/2018\/10\/ALMENDRA_CUBITOS-255x300.png 200w\" sizes=\"auto, (max-width:300px) 100vw,300px\" style=\"will-change: auto;\"><\/a><\/div><figcaption class=\"woocom-list-content\"><h4 class=\"entry-title\"><a href=\"https:\/\/www.itac-professional.com\/pl\/produkty\/ziarenka-kosteczki-migdalowe\/\" rel=\"bookmark\">ZIARENKA \/ KOSTECZKI MIGDA\u0141OWE<\/a><\/h4><\/figcaption><\/figure><\/article><\/div><\/div><\/div><\/div>[\/vc_column][\/vc_row]<\/p>\n<\/div>","protected":false},"excerpt":{"rendered":"<p>[vc_row css=\u00bb.vc_custom_1537796050067{margin-top: 70px !important;}\u00bb][vc_column][vc_column_text el_class=\u00bbtitulocatalogo\u00bb] SUROWE MIGDA\u0141Y PRZETWORZONE [\/vc_column_text][vc_column_text el_class=\u00bbtextocat\u00bb] W Importaco dysponujemy szerok\u0105 ofert\u0105 przetworzonych migda\u0142\u00f3w, by zaspokoi\u0107 najbardziej wymagaj\u0105ce potrzeby przemys\u0142u spo\u017cywczego. Nasze migda\u0142y przetwarzane s\u0105 w zak\u0142adzie Peanuts free. Wszystkie nasze produkty mog\u0105 by\u0107 surowe lub pra\u017cone, za wyj\u0105tkiem surowej m\u0105ki. [\/vc_column_text][\/vc_column][\/vc_row][vc_row][vc_column][\/vc_column][\/vc_row]<\/p>\n","protected":false},"author":1,"featured_media":0,"parent":5424,"menu_order":0,"comment_status":"closed","ping_status":"closed","template":"","meta":{"_acf_changed":false,"content-type":"","footnotes":"","_links_to":"","_links_to_target":""},"class_list":["post-5442","page","type-page","status-publish","hentry"],"acf":[],"yoast_head":"<!-- This site is optimized with the Yoast SEO plugin v27.3 - https:\/\/yoast.com\/product\/yoast-seo-wordpress\/ -->\n<title>\u3010Przetworzone surowe migda\u0142y Hiszpania\/USA\u3011 | Itac Professional<\/title>\n<meta name=\"description\" content=\"Importaco posiada szerok\u0105 gam\u0119 migda\u0142\u00f3w surowych przetworzonych: obranych, tostowanych, pa\u0142eczek, granillo, mielonych... Sprawd\u017a nasze odmiany i formaty.\u2934\ufe0f\" \/>\n<meta name=\"robots\" content=\"index, follow, max-snippet:-1, max-image-preview:large, max-video-preview:-1\" \/>\n<link rel=\"canonical\" href=\"https:\/\/www.itac-professional.com\/pl\/przemysl\/migdaly\/surowe-migdaly-przetworzone\/\" \/>\n<meta property=\"og:locale\" content=\"es_ES\" \/>\n<meta property=\"og:type\" content=\"article\" \/>\n<meta property=\"og:title\" content=\"\u3010Przetworzone surowe migda\u0142y Hiszpania\/USA\u3011 | Itac Professional\" \/>\n<meta property=\"og:description\" content=\"Importaco posiada szerok\u0105 gam\u0119 migda\u0142\u00f3w surowych przetworzonych: obranych, tostowanych, pa\u0142eczek, granillo, mielonych... Sprawd\u017a nasze odmiany i formaty.\u2934\ufe0f\" \/>\n<meta property=\"og:url\" content=\"https:\/\/www.itac-professional.com\/pl\/przemysl\/migdaly\/surowe-migdaly-przetworzone\/\" \/>\n<meta property=\"og:site_name\" content=\"ITAC PROFESSIONAL\" \/>\n<meta property=\"article:publisher\" content=\"https:\/\/www.facebook.com\/itacpl\/?__tn__=%2cd%2cP-R&amp;amp%3bamp%3bamp%3beid=ARDlbBGdvN1GldNhuRmgHiU6tnbbCAl9fGzcoMdXJtpaDmSPPUWNWMZggUNgE-uhlBECVQWwd8uysOwe\" \/>\n<meta property=\"article:modified_time\" content=\"2023-06-30T10:03:03+00:00\" \/>\n<meta name=\"twitter:card\" content=\"summary_large_image\" \/>\n<script type=\"application\/ld+json\" class=\"yoast-schema-graph\">{\"@context\":\"https:\\\/\\\/schema.org\",\"@graph\":[{\"@type\":\"WebPage\",\"@id\":\"https:\\\/\\\/www.itac-professional.com\\\/pl\\\/przemysl\\\/migdaly\\\/surowe-migdaly-przetworzone\\\/\",\"url\":\"https:\\\/\\\/www.itac-professional.com\\\/pl\\\/przemysl\\\/migdaly\\\/surowe-migdaly-przetworzone\\\/\",\"name\":\"\u3010Przetworzone surowe migda\u0142y Hiszpania\\\/USA\u3011 | Itac Professional\",\"isPartOf\":{\"@id\":\"https:\\\/\\\/www.itac-professional.com\\\/pl\\\/#website\"},\"datePublished\":\"2019-01-23T10:22:47+00:00\",\"dateModified\":\"2023-06-30T10:03:03+00:00\",\"description\":\"Importaco posiada szerok\u0105 gam\u0119 migda\u0142\u00f3w surowych przetworzonych: obranych, tostowanych, pa\u0142eczek, granillo, mielonych... Sprawd\u017a nasze odmiany i formaty.\u2934\ufe0f\",\"breadcrumb\":{\"@id\":\"https:\\\/\\\/www.itac-professional.com\\\/pl\\\/przemysl\\\/migdaly\\\/surowe-migdaly-przetworzone\\\/#breadcrumb\"},\"inLanguage\":\"es\",\"potentialAction\":[{\"@type\":\"ReadAction\",\"target\":[\"https:\\\/\\\/www.itac-professional.com\\\/pl\\\/przemysl\\\/migdaly\\\/surowe-migdaly-przetworzone\\\/\"]}]},{\"@type\":\"BreadcrumbList\",\"@id\":\"https:\\\/\\\/www.itac-professional.com\\\/pl\\\/przemysl\\\/migdaly\\\/surowe-migdaly-przetworzone\\\/#breadcrumb\",\"itemListElement\":[{\"@type\":\"ListItem\",\"position\":1,\"name\":\"Inicio\",\"item\":\"https:\\\/\\\/www.itac-professional.com\\\/pl\\\/\"},{\"@type\":\"ListItem\",\"position\":2,\"name\":\"Przemys\u0142\",\"item\":\"https:\\\/\\\/www.itac-professional.com\\\/pl\\\/przemysl\\\/\"},{\"@type\":\"ListItem\",\"position\":3,\"name\":\"Migda\u0142y\",\"item\":\"https:\\\/\\\/www.itac-professional.com\\\/pl\\\/przemysl\\\/migdaly\\\/\"},{\"@type\":\"ListItem\",\"position\":4,\"name\":\"Surowe migda\u0142y przetworzone\"}]},{\"@type\":\"WebSite\",\"@id\":\"https:\\\/\\\/www.itac-professional.com\\\/pl\\\/#website\",\"url\":\"https:\\\/\\\/www.itac-professional.com\\\/pl\\\/\",\"name\":\"ITAC PROFESSIONAL\",\"description\":\"Frutos secos, frutas desecadas, snacks ...\",\"publisher\":{\"@id\":\"https:\\\/\\\/www.itac-professional.com\\\/pl\\\/#organization\"},\"potentialAction\":[{\"@type\":\"SearchAction\",\"target\":{\"@type\":\"EntryPoint\",\"urlTemplate\":\"https:\\\/\\\/www.itac-professional.com\\\/pl\\\/?s={search_term_string}\"},\"query-input\":{\"@type\":\"PropertyValueSpecification\",\"valueRequired\":true,\"valueName\":\"search_term_string\"}}],\"inLanguage\":\"es\"},{\"@type\":\"Organization\",\"@id\":\"https:\\\/\\\/www.itac-professional.com\\\/pl\\\/#organization\",\"name\":\"Itac Professional\",\"url\":\"https:\\\/\\\/www.itac-professional.com\\\/pl\\\/\",\"logo\":{\"@type\":\"ImageObject\",\"inLanguage\":\"es\",\"@id\":\"https:\\\/\\\/www.itac-professional.com\\\/pl\\\/#\\\/schema\\\/logo\\\/image\\\/\",\"url\":\"https:\\\/\\\/www.itac-professional.com\\\/wp-content\\\/uploads\\\/2018\\\/10\\\/LOGO-ITACPROF-160.png\",\"contentUrl\":\"https:\\\/\\\/www.itac-professional.com\\\/wp-content\\\/uploads\\\/2018\\\/10\\\/LOGO-ITACPROF-160.png\",\"width\":160,\"height\":80,\"caption\":\"Itac Professional\"},\"image\":{\"@id\":\"https:\\\/\\\/www.itac-professional.com\\\/pl\\\/#\\\/schema\\\/logo\\\/image\\\/\"},\"sameAs\":[\"https:\\\/\\\/www.facebook.com\\\/itacpl\\\/?__tn__=,d,P-R&amp;amp;amp;eid=ARDlbBGdvN1GldNhuRmgHiU6tnbbCAl9fGzcoMdXJtpaDmSPPUWNWMZggUNgE-uhlBECVQWwd8uysOwe\",\"https:\\\/\\\/www.linkedin.com\\\/sharing\\\/share-offsite\\\/?url=https:\\\/\\\/www.itac-professional.com\\\/retail\\\/\"]}]}<\/script>\n<!-- \/ Yoast SEO plugin. -->","yoast_head_json":{"title":"\u3010Przetworzone surowe migda\u0142y Hiszpania\/USA\u3011 | Itac Professional","description":"Importaco posiada szerok\u0105 gam\u0119 migda\u0142\u00f3w surowych przetworzonych: obranych, tostowanych, pa\u0142eczek, granillo, mielonych... Sprawd\u017a nasze odmiany i formaty.\u2934\ufe0f","robots":{"index":"index","follow":"follow","max-snippet":"max-snippet:-1","max-image-preview":"max-image-preview:large","max-video-preview":"max-video-preview:-1"},"canonical":"https:\/\/www.itac-professional.com\/pl\/przemysl\/migdaly\/surowe-migdaly-przetworzone\/","og_locale":"es_ES","og_type":"article","og_title":"\u3010Przetworzone surowe migda\u0142y Hiszpania\/USA\u3011 | Itac Professional","og_description":"Importaco posiada szerok\u0105 gam\u0119 migda\u0142\u00f3w surowych przetworzonych: obranych, tostowanych, pa\u0142eczek, granillo, mielonych... Sprawd\u017a nasze odmiany i formaty.\u2934\ufe0f","og_url":"https:\/\/www.itac-professional.com\/pl\/przemysl\/migdaly\/surowe-migdaly-przetworzone\/","og_site_name":"ITAC PROFESSIONAL","article_publisher":"https:\/\/www.facebook.com\/itacpl\/?__tn__=%2cd%2cP-R&amp%3bamp%3bamp%3beid=ARDlbBGdvN1GldNhuRmgHiU6tnbbCAl9fGzcoMdXJtpaDmSPPUWNWMZggUNgE-uhlBECVQWwd8uysOwe","article_modified_time":"2023-06-30T10:03:03+00:00","twitter_card":"summary_large_image","schema":{"@context":"https:\/\/schema.org","@graph":[{"@type":"WebPage","@id":"https:\/\/www.itac-professional.com\/pl\/przemysl\/migdaly\/surowe-migdaly-przetworzone\/","url":"https:\/\/www.itac-professional.com\/pl\/przemysl\/migdaly\/surowe-migdaly-przetworzone\/","name":"\u3010Przetworzone surowe migda\u0142y Hiszpania\/USA\u3011 | Itac Professional","isPartOf":{"@id":"https:\/\/www.itac-professional.com\/pl\/#website"},"datePublished":"2019-01-23T10:22:47+00:00","dateModified":"2023-06-30T10:03:03+00:00","description":"Importaco posiada szerok\u0105 gam\u0119 migda\u0142\u00f3w surowych przetworzonych: obranych, tostowanych, pa\u0142eczek, granillo, mielonych... Sprawd\u017a nasze odmiany i formaty.\u2934\ufe0f","breadcrumb":{"@id":"https:\/\/www.itac-professional.com\/pl\/przemysl\/migdaly\/surowe-migdaly-przetworzone\/#breadcrumb"},"inLanguage":"es","potentialAction":[{"@type":"ReadAction","target":["https:\/\/www.itac-professional.com\/pl\/przemysl\/migdaly\/surowe-migdaly-przetworzone\/"]}]},{"@type":"BreadcrumbList","@id":"https:\/\/www.itac-professional.com\/pl\/przemysl\/migdaly\/surowe-migdaly-przetworzone\/#breadcrumb","itemListElement":[{"@type":"ListItem","position":1,"name":"Inicio","item":"https:\/\/www.itac-professional.com\/pl\/"},{"@type":"ListItem","position":2,"name":"Przemys\u0142","item":"https:\/\/www.itac-professional.com\/pl\/przemysl\/"},{"@type":"ListItem","position":3,"name":"Migda\u0142y","item":"https:\/\/www.itac-professional.com\/pl\/przemysl\/migdaly\/"},{"@type":"ListItem","position":4,"name":"Surowe migda\u0142y przetworzone"}]},{"@type":"WebSite","@id":"https:\/\/www.itac-professional.com\/pl\/#website","url":"https:\/\/www.itac-professional.com\/pl\/","name":"ITAC PROFESSIONAL","description":"Frutos secos, frutas desecadas, snacks ...","publisher":{"@id":"https:\/\/www.itac-professional.com\/pl\/#organization"},"potentialAction":[{"@type":"SearchAction","target":{"@type":"EntryPoint","urlTemplate":"https:\/\/www.itac-professional.com\/pl\/?s={search_term_string}"},"query-input":{"@type":"PropertyValueSpecification","valueRequired":true,"valueName":"search_term_string"}}],"inLanguage":"es"},{"@type":"Organization","@id":"https:\/\/www.itac-professional.com\/pl\/#organization","name":"Itac Professional","url":"https:\/\/www.itac-professional.com\/pl\/","logo":{"@type":"ImageObject","inLanguage":"es","@id":"https:\/\/www.itac-professional.com\/pl\/#\/schema\/logo\/image\/","url":"https:\/\/www.itac-professional.com\/wp-content\/uploads\/2018\/10\/LOGO-ITACPROF-160.png","contentUrl":"https:\/\/www.itac-professional.com\/wp-content\/uploads\/2018\/10\/LOGO-ITACPROF-160.png","width":160,"height":80,"caption":"Itac Professional"},"image":{"@id":"https:\/\/www.itac-professional.com\/pl\/#\/schema\/logo\/image\/"},"sameAs":["https:\/\/www.facebook.com\/itacpl\/?__tn__=,d,P-R&amp;amp;amp;eid=ARDlbBGdvN1GldNhuRmgHiU6tnbbCAl9fGzcoMdXJtpaDmSPPUWNWMZggUNgE-uhlBECVQWwd8uysOwe","https:\/\/www.linkedin.com\/sharing\/share-offsite\/?url=https:\/\/www.itac-professional.com\/retail\/"]}]}},"_links":{"self":[{"href":"https:\/\/www.itac-professional.com\/pl\/wp-json\/wp\/v2\/pages\/5442","targetHints":{"allow":["GET"]}}],"collection":[{"href":"https:\/\/www.itac-professional.com\/pl\/wp-json\/wp\/v2\/pages"}],"about":[{"href":"https:\/\/www.itac-professional.com\/pl\/wp-json\/wp\/v2\/types\/page"}],"author":[{"embeddable":true,"href":"https:\/\/www.itac-professional.com\/pl\/wp-json\/wp\/v2\/users\/1"}],"replies":[{"embeddable":true,"href":"https:\/\/www.itac-professional.com\/pl\/wp-json\/wp\/v2\/comments?post=5442"}],"version-history":[{"count":6,"href":"https:\/\/www.itac-professional.com\/pl\/wp-json\/wp\/v2\/pages\/5442\/revisions"}],"predecessor-version":[{"id":22712,"href":"https:\/\/www.itac-professional.com\/pl\/wp-json\/wp\/v2\/pages\/5442\/revisions\/22712"}],"up":[{"embeddable":true,"href":"https:\/\/www.itac-professional.com\/pl\/wp-json\/wp\/v2\/pages\/5424"}],"wp:attachment":[{"href":"https:\/\/www.itac-professional.com\/pl\/wp-json\/wp\/v2\/media?parent=5442"}],"curies":[{"name":"wp","href":"https:\/\/api.w.org\/{rel}","templated":true}]}}