{"id":5437,"date":"2019-01-23T10:18:32","date_gmt":"2019-01-23T10:18:32","guid":{"rendered":"https:\/\/itacpro.develacq.startgoconnection.es\/?page_id=5437"},"modified":"2023-06-30T12:01:16","modified_gmt":"2023-06-30T10:01:16","slug":"migdaly-usa","status":"publish","type":"page","link":"https:\/\/www.itac-professional.com\/pl\/przemysl\/migdaly\/migdaly-usa\/","title":{"rendered":"Migda\u0142y USA"},"content":{"rendered":"<div class=\"wpb-content-wrapper\"><p>[vc_row css=\u00bb.vc_custom_1537796050067{margin-top: 70px !important;}\u00bb][vc_column][vc_column_text el_class=\u00bbtitulocatalogo\u00bb]<\/p>\n<h1 style=\"text-align: center;\"><span style=\"color: #ff0000;\">MIGDA\u0141Y USA<\/span><\/h1>\n<p>[\/vc_column_text][vc_column_text el_class=\u00bbtextocat\u00bb]<\/p>\n<p style=\"text-align: center;\">Stany Zjednoczone zajmuj\u0105 pierwsze miejsce na \u015bwiecie w produkcji migda\u0142\u00f3w, kt\u00f3ra skoncentrowana jest na wybrze\u017cu Kalifornii. Istnieje wiele odmian owoc\u00f3w, rozmiar\u00f3w, kszta\u0142t\u00f3w i wykazuj\u0105 one r\u00f3\u017cnorodne w\u0142a\u015bciwo\u015bci. Firma Importaco importuje migda\u0142y od 75 lat, przez co poszczyci\u0107 si\u0119 mo\u017ce doskona\u0142\u0105 znajomo\u015bci\u0105 tematu, gwarantuj\u0105c najwy\u017csz\u0105 jako\u015b\u0107 i bezpiecze\u0144stwo spo\u017cywcze dostarczanych produkt\u00f3w. Ameryka\u0144skie migda\u0142y w ca\u0142o\u015bci, bez \u0142upiny klasyfikowane s\u0105 wed\u0142ug odmiany, rozmiaru w jednostkach na uncj\u0119 (28,35 g) oraz jako\u015bci owocu (cz\u0119\u015bci, partie, wady itd.).<\/p>\n<p>[\/vc_column_text][\/vc_column][\/vc_row][vc_row][vc_column]<div class=\"woocommerce columns-4\"><div class=\"loading-effect-none description-under-image cart-btn-on-img cart-btn-on-hover resize-by-browser-width hide-description wc-grid dt-css-grid-wrap woo-hover wc-grid dt-products products\" data-padding=\"22px\" data-cur-page=\"1\" data-desktop-columns-num=\"4\" data-v-tablet-columns-num=\"2\" data-h-tablet-columns-num=\"3\" data-phone-columns-num=\"1\" data-width=\"220px\" data-columns=\"4\"><div class=\"dt-css-grid\"><div class=\"wf-cell visible shown\" data-post-id=\"22563\" data-date=\"2018-10-03T11:22:50+02:00\"><article class=\"post visible product type-product post-22563 status-publish first instock product_cat-almendra-espana has-post-thumbnail shipping-taxable product-type-simple\"><figure class=\"woocom-project\"><div class=\"woo-buttons-on-img\"><a href=\"https:\/\/www.itac-professional.com\/pl\/produkty\/migdaly-carmel\/\" class=\"alignnone layzr-bg-transparent\"><img width=\"300\" height=\"300\" src=\"https:\/\/www.itac-professional.com\/wp-content\/uploads\/2018\/10\/ALMENDRA_CARMEL-300x300.png\" class=\"attachment-woocommerce_thumbnail size-woocommerce_thumbnail iso-lazy-load preload-me thumb-lazy-load-show iso-layzr-loaded\" decoding=\"async\" loading=\"lazy\" srcset=\"https:\/\/www.itac-professional.com\/wp-content\/uploads\/2018\/10\/ALMENDRA_CARMEL-300x300.png 300w, https:\/\/www.itac-professional.com\/wp-content\/uploads\/2018\/10\/ALMENDRA_CARMEL-255x300.png 200w\" sizes=\"auto, (max-width:300px) 100vw,300px\" style=\"will-change: auto;\"><\/a><\/div><figcaption class=\"woocom-list-content\"><h4 class=\"entry-title\"><a href=\"https:\/\/www.itac-professional.com\/pl\/produkty\/migdaly-carmel\/\" rel=\"bookmark\">MIGDA\u0141Y CARMEL<\/a><\/h4><\/figcaption><\/figure><\/article><\/div><div class=\"wf-cell visible shown\" data-post-id=\"22564\" data-date=\"2018-10-03T11:22:36+02:00\"><article class=\"post visible product type-product post-22564 status-publish instock product_cat-almendra-espana has-post-thumbnail shipping-taxable product-type-simple\"><figure class=\"woocom-project\"><div class=\"woo-buttons-on-img\"><a href=\"https:\/\/www.itac-professional.com\/pl\/produkty\/migdaly-non-pareil\/\" class=\"alignnone layzr-bg-transparent\"><img width=\"300\" height=\"300\" src=\"https:\/\/www.itac-professional.com\/wp-content\/uploads\/2018\/10\/almendra_nonpareil_exterior-300x300.png\" class=\"attachment-woocommerce_thumbnail size-woocommerce_thumbnail iso-lazy-load preload-me thumb-lazy-load-show iso-layzr-loaded\" decoding=\"async\" loading=\"lazy\" srcset=\"https:\/\/www.itac-professional.com\/wp-content\/uploads\/2018\/10\/almendra_nonpareil_exterior-300x300.png 300w, https:\/\/www.itac-professional.com\/wp-content\/uploads\/2018\/10\/almendra_nonpareil_exterior-255x300.png 200w\" sizes=\"auto, (max-width:300px) 100vw,300px\" style=\"will-change: auto;\"><\/a><\/div><figcaption class=\"woocom-list-content\"><h4 class=\"entry-title\"><a href=\"https:\/\/www.itac-professional.com\/pl\/produkty\/migdaly-non-pareil\/\" rel=\"bookmark\">MIGDA\u0141Y NON PAREIL<\/a><\/h4><\/figcaption><\/figure><\/article><\/div><div class=\"wf-cell visible shown\" data-post-id=\"22562\" data-date=\"2018-10-03T11:23:08+02:00\"><article class=\"post visible product type-product post-22562 status-publish last instock product_cat-almendra-espana has-post-thumbnail shipping-taxable product-type-simple\"><figure class=\"woocom-project\"><div class=\"woo-buttons-on-img\"><a href=\"https:\/\/www.itac-professional.com\/pl\/produkty\/odmiany-california\/\" class=\"alignnone layzr-bg-transparent\"><img width=\"300\" height=\"300\" src=\"https:\/\/www.itac-professional.com\/wp-content\/uploads\/2018\/10\/CALIFORNIA_VARIEDADES-300x300.png\" class=\"attachment-woocommerce_thumbnail size-woocommerce_thumbnail iso-lazy-load preload-me thumb-lazy-load-show iso-layzr-loaded\" decoding=\"async\" loading=\"lazy\" srcset=\"https:\/\/www.itac-professional.com\/wp-content\/uploads\/2018\/10\/CALIFORNIA_VARIEDADES-300x300.png 300w, https:\/\/www.itac-professional.com\/wp-content\/uploads\/2018\/10\/CALIFORNIA_VARIEDADES-255x300.png 200w\" sizes=\"auto, (max-width:300px) 100vw,300px\" style=\"will-change: auto;\"><\/a><\/div><figcaption class=\"woocom-list-content\"><h4 class=\"entry-title\"><a href=\"https:\/\/www.itac-professional.com\/pl\/produkty\/odmiany-california\/\" rel=\"bookmark\">ODMIANY CALIFORNIA<\/a><\/h4><\/figcaption><\/figure><\/article><\/div><\/div><\/div><\/div>[\/vc_column][\/vc_row]<\/p>\n<\/div>","protected":false},"excerpt":{"rendered":"<p>[vc_row css=\u00bb.vc_custom_1537796050067{margin-top: 70px !important;}\u00bb][vc_column][vc_column_text el_class=\u00bbtitulocatalogo\u00bb] MIGDA\u0141Y USA [\/vc_column_text][vc_column_text el_class=\u00bbtextocat\u00bb] Stany Zjednoczone zajmuj\u0105 pierwsze miejsce na \u015bwiecie w produkcji migda\u0142\u00f3w, kt\u00f3ra skoncentrowana jest na wybrze\u017cu Kalifornii. Istnieje wiele odmian owoc\u00f3w, rozmiar\u00f3w, kszta\u0142t\u00f3w i wykazuj\u0105 one r\u00f3\u017cnorodne w\u0142a\u015bciwo\u015bci. Firma Importaco importuje migda\u0142y od 75 lat, przez co poszczyci\u0107 si\u0119 mo\u017ce doskona\u0142\u0105 znajomo\u015bci\u0105 tematu, gwarantuj\u0105c najwy\u017csz\u0105 jako\u015b\u0107 i&hellip;<\/p>\n","protected":false},"author":1,"featured_media":0,"parent":5424,"menu_order":0,"comment_status":"closed","ping_status":"closed","template":"","meta":{"_acf_changed":false,"content-type":"","footnotes":"","_links_to":"","_links_to_target":""},"class_list":["post-5437","page","type-page","status-publish","hentry"],"acf":[],"yoast_head":"<!-- This site is optimized with the Yoast SEO plugin v27.3 - https:\/\/yoast.com\/product\/yoast-seo-wordpress\/ -->\n<title>\u3010Migda\u0142 USA\u3011 Non Pareil, Carmel i California | Itac Professional<\/title>\n<meta name=\"description\" content=\"Odkryj odmiany, rozmiary, kszta\u0142ty i w\u0142a\u015bciwo\u015bci migda\u0142\u00f3w ameryka\u0144skich firmy IMPORTACO: Migda\u0142y bez pareilu, migda\u0142y karmelowe i migda\u0142y kalifornijskie.\u2934\ufe0f\" \/>\n<meta name=\"robots\" content=\"index, follow, max-snippet:-1, max-image-preview:large, max-video-preview:-1\" \/>\n<link rel=\"canonical\" href=\"https:\/\/www.itac-professional.com\/pl\/przemysl\/migdaly\/migdaly-usa\/\" \/>\n<meta property=\"og:locale\" content=\"es_ES\" \/>\n<meta property=\"og:type\" content=\"article\" \/>\n<meta property=\"og:title\" content=\"\u3010Migda\u0142 USA\u3011 Non Pareil, Carmel i California | Itac Professional\" \/>\n<meta property=\"og:description\" content=\"Odkryj odmiany, rozmiary, kszta\u0142ty i w\u0142a\u015bciwo\u015bci migda\u0142\u00f3w ameryka\u0144skich firmy IMPORTACO: Migda\u0142y bez pareilu, migda\u0142y karmelowe i migda\u0142y kalifornijskie.\u2934\ufe0f\" \/>\n<meta property=\"og:url\" content=\"https:\/\/www.itac-professional.com\/pl\/przemysl\/migdaly\/migdaly-usa\/\" \/>\n<meta property=\"og:site_name\" content=\"ITAC PROFESSIONAL\" \/>\n<meta property=\"article:publisher\" content=\"https:\/\/www.facebook.com\/itacpl\/?__tn__=%2cd%2cP-R&amp;amp%3bamp%3bamp%3beid=ARDlbBGdvN1GldNhuRmgHiU6tnbbCAl9fGzcoMdXJtpaDmSPPUWNWMZggUNgE-uhlBECVQWwd8uysOwe\" \/>\n<meta property=\"article:modified_time\" content=\"2023-06-30T10:01:16+00:00\" \/>\n<meta name=\"twitter:card\" content=\"summary_large_image\" \/>\n<meta name=\"twitter:label1\" content=\"Tiempo de lectura\" \/>\n\t<meta name=\"twitter:data1\" content=\"1 minuto\" \/>\n<script type=\"application\/ld+json\" class=\"yoast-schema-graph\">{\"@context\":\"https:\\\/\\\/schema.org\",\"@graph\":[{\"@type\":\"WebPage\",\"@id\":\"https:\\\/\\\/www.itac-professional.com\\\/pl\\\/przemysl\\\/migdaly\\\/migdaly-usa\\\/\",\"url\":\"https:\\\/\\\/www.itac-professional.com\\\/pl\\\/przemysl\\\/migdaly\\\/migdaly-usa\\\/\",\"name\":\"\u3010Migda\u0142 USA\u3011 Non Pareil, Carmel i California | Itac Professional\",\"isPartOf\":{\"@id\":\"https:\\\/\\\/www.itac-professional.com\\\/pl\\\/#website\"},\"datePublished\":\"2019-01-23T10:18:32+00:00\",\"dateModified\":\"2023-06-30T10:01:16+00:00\",\"description\":\"Odkryj odmiany, rozmiary, kszta\u0142ty i w\u0142a\u015bciwo\u015bci migda\u0142\u00f3w ameryka\u0144skich firmy IMPORTACO: Migda\u0142y bez pareilu, migda\u0142y karmelowe i migda\u0142y kalifornijskie.\u2934\ufe0f\",\"breadcrumb\":{\"@id\":\"https:\\\/\\\/www.itac-professional.com\\\/pl\\\/przemysl\\\/migdaly\\\/migdaly-usa\\\/#breadcrumb\"},\"inLanguage\":\"es\",\"potentialAction\":[{\"@type\":\"ReadAction\",\"target\":[\"https:\\\/\\\/www.itac-professional.com\\\/pl\\\/przemysl\\\/migdaly\\\/migdaly-usa\\\/\"]}]},{\"@type\":\"BreadcrumbList\",\"@id\":\"https:\\\/\\\/www.itac-professional.com\\\/pl\\\/przemysl\\\/migdaly\\\/migdaly-usa\\\/#breadcrumb\",\"itemListElement\":[{\"@type\":\"ListItem\",\"position\":1,\"name\":\"Inicio\",\"item\":\"https:\\\/\\\/www.itac-professional.com\\\/pl\\\/\"},{\"@type\":\"ListItem\",\"position\":2,\"name\":\"Przemys\u0142\",\"item\":\"https:\\\/\\\/www.itac-professional.com\\\/pl\\\/przemysl\\\/\"},{\"@type\":\"ListItem\",\"position\":3,\"name\":\"Migda\u0142y\",\"item\":\"https:\\\/\\\/www.itac-professional.com\\\/pl\\\/przemysl\\\/migdaly\\\/\"},{\"@type\":\"ListItem\",\"position\":4,\"name\":\"Migda\u0142y USA\"}]},{\"@type\":\"WebSite\",\"@id\":\"https:\\\/\\\/www.itac-professional.com\\\/pl\\\/#website\",\"url\":\"https:\\\/\\\/www.itac-professional.com\\\/pl\\\/\",\"name\":\"ITAC PROFESSIONAL\",\"description\":\"Frutos secos, frutas desecadas, snacks ...\",\"publisher\":{\"@id\":\"https:\\\/\\\/www.itac-professional.com\\\/pl\\\/#organization\"},\"potentialAction\":[{\"@type\":\"SearchAction\",\"target\":{\"@type\":\"EntryPoint\",\"urlTemplate\":\"https:\\\/\\\/www.itac-professional.com\\\/pl\\\/?s={search_term_string}\"},\"query-input\":{\"@type\":\"PropertyValueSpecification\",\"valueRequired\":true,\"valueName\":\"search_term_string\"}}],\"inLanguage\":\"es\"},{\"@type\":\"Organization\",\"@id\":\"https:\\\/\\\/www.itac-professional.com\\\/pl\\\/#organization\",\"name\":\"Itac Professional\",\"url\":\"https:\\\/\\\/www.itac-professional.com\\\/pl\\\/\",\"logo\":{\"@type\":\"ImageObject\",\"inLanguage\":\"es\",\"@id\":\"https:\\\/\\\/www.itac-professional.com\\\/pl\\\/#\\\/schema\\\/logo\\\/image\\\/\",\"url\":\"https:\\\/\\\/www.itac-professional.com\\\/wp-content\\\/uploads\\\/2018\\\/10\\\/LOGO-ITACPROF-160.png\",\"contentUrl\":\"https:\\\/\\\/www.itac-professional.com\\\/wp-content\\\/uploads\\\/2018\\\/10\\\/LOGO-ITACPROF-160.png\",\"width\":160,\"height\":80,\"caption\":\"Itac Professional\"},\"image\":{\"@id\":\"https:\\\/\\\/www.itac-professional.com\\\/pl\\\/#\\\/schema\\\/logo\\\/image\\\/\"},\"sameAs\":[\"https:\\\/\\\/www.facebook.com\\\/itacpl\\\/?__tn__=,d,P-R&amp;amp;amp;eid=ARDlbBGdvN1GldNhuRmgHiU6tnbbCAl9fGzcoMdXJtpaDmSPPUWNWMZggUNgE-uhlBECVQWwd8uysOwe\",\"https:\\\/\\\/www.linkedin.com\\\/sharing\\\/share-offsite\\\/?url=https:\\\/\\\/www.itac-professional.com\\\/retail\\\/\"]}]}<\/script>\n<!-- \/ Yoast SEO plugin. -->","yoast_head_json":{"title":"\u3010Migda\u0142 USA\u3011 Non Pareil, Carmel i California | Itac Professional","description":"Odkryj odmiany, rozmiary, kszta\u0142ty i w\u0142a\u015bciwo\u015bci migda\u0142\u00f3w ameryka\u0144skich firmy IMPORTACO: Migda\u0142y bez pareilu, migda\u0142y karmelowe i migda\u0142y kalifornijskie.\u2934\ufe0f","robots":{"index":"index","follow":"follow","max-snippet":"max-snippet:-1","max-image-preview":"max-image-preview:large","max-video-preview":"max-video-preview:-1"},"canonical":"https:\/\/www.itac-professional.com\/pl\/przemysl\/migdaly\/migdaly-usa\/","og_locale":"es_ES","og_type":"article","og_title":"\u3010Migda\u0142 USA\u3011 Non Pareil, Carmel i California | Itac Professional","og_description":"Odkryj odmiany, rozmiary, kszta\u0142ty i w\u0142a\u015bciwo\u015bci migda\u0142\u00f3w ameryka\u0144skich firmy IMPORTACO: Migda\u0142y bez pareilu, migda\u0142y karmelowe i migda\u0142y kalifornijskie.\u2934\ufe0f","og_url":"https:\/\/www.itac-professional.com\/pl\/przemysl\/migdaly\/migdaly-usa\/","og_site_name":"ITAC PROFESSIONAL","article_publisher":"https:\/\/www.facebook.com\/itacpl\/?__tn__=%2cd%2cP-R&amp%3bamp%3bamp%3beid=ARDlbBGdvN1GldNhuRmgHiU6tnbbCAl9fGzcoMdXJtpaDmSPPUWNWMZggUNgE-uhlBECVQWwd8uysOwe","article_modified_time":"2023-06-30T10:01:16+00:00","twitter_card":"summary_large_image","twitter_misc":{"Tiempo de lectura":"1 minuto"},"schema":{"@context":"https:\/\/schema.org","@graph":[{"@type":"WebPage","@id":"https:\/\/www.itac-professional.com\/pl\/przemysl\/migdaly\/migdaly-usa\/","url":"https:\/\/www.itac-professional.com\/pl\/przemysl\/migdaly\/migdaly-usa\/","name":"\u3010Migda\u0142 USA\u3011 Non Pareil, Carmel i California | Itac Professional","isPartOf":{"@id":"https:\/\/www.itac-professional.com\/pl\/#website"},"datePublished":"2019-01-23T10:18:32+00:00","dateModified":"2023-06-30T10:01:16+00:00","description":"Odkryj odmiany, rozmiary, kszta\u0142ty i w\u0142a\u015bciwo\u015bci migda\u0142\u00f3w ameryka\u0144skich firmy IMPORTACO: Migda\u0142y bez pareilu, migda\u0142y karmelowe i migda\u0142y kalifornijskie.\u2934\ufe0f","breadcrumb":{"@id":"https:\/\/www.itac-professional.com\/pl\/przemysl\/migdaly\/migdaly-usa\/#breadcrumb"},"inLanguage":"es","potentialAction":[{"@type":"ReadAction","target":["https:\/\/www.itac-professional.com\/pl\/przemysl\/migdaly\/migdaly-usa\/"]}]},{"@type":"BreadcrumbList","@id":"https:\/\/www.itac-professional.com\/pl\/przemysl\/migdaly\/migdaly-usa\/#breadcrumb","itemListElement":[{"@type":"ListItem","position":1,"name":"Inicio","item":"https:\/\/www.itac-professional.com\/pl\/"},{"@type":"ListItem","position":2,"name":"Przemys\u0142","item":"https:\/\/www.itac-professional.com\/pl\/przemysl\/"},{"@type":"ListItem","position":3,"name":"Migda\u0142y","item":"https:\/\/www.itac-professional.com\/pl\/przemysl\/migdaly\/"},{"@type":"ListItem","position":4,"name":"Migda\u0142y USA"}]},{"@type":"WebSite","@id":"https:\/\/www.itac-professional.com\/pl\/#website","url":"https:\/\/www.itac-professional.com\/pl\/","name":"ITAC PROFESSIONAL","description":"Frutos secos, frutas desecadas, snacks ...","publisher":{"@id":"https:\/\/www.itac-professional.com\/pl\/#organization"},"potentialAction":[{"@type":"SearchAction","target":{"@type":"EntryPoint","urlTemplate":"https:\/\/www.itac-professional.com\/pl\/?s={search_term_string}"},"query-input":{"@type":"PropertyValueSpecification","valueRequired":true,"valueName":"search_term_string"}}],"inLanguage":"es"},{"@type":"Organization","@id":"https:\/\/www.itac-professional.com\/pl\/#organization","name":"Itac Professional","url":"https:\/\/www.itac-professional.com\/pl\/","logo":{"@type":"ImageObject","inLanguage":"es","@id":"https:\/\/www.itac-professional.com\/pl\/#\/schema\/logo\/image\/","url":"https:\/\/www.itac-professional.com\/wp-content\/uploads\/2018\/10\/LOGO-ITACPROF-160.png","contentUrl":"https:\/\/www.itac-professional.com\/wp-content\/uploads\/2018\/10\/LOGO-ITACPROF-160.png","width":160,"height":80,"caption":"Itac Professional"},"image":{"@id":"https:\/\/www.itac-professional.com\/pl\/#\/schema\/logo\/image\/"},"sameAs":["https:\/\/www.facebook.com\/itacpl\/?__tn__=,d,P-R&amp;amp;amp;eid=ARDlbBGdvN1GldNhuRmgHiU6tnbbCAl9fGzcoMdXJtpaDmSPPUWNWMZggUNgE-uhlBECVQWwd8uysOwe","https:\/\/www.linkedin.com\/sharing\/share-offsite\/?url=https:\/\/www.itac-professional.com\/retail\/"]}]}},"_links":{"self":[{"href":"https:\/\/www.itac-professional.com\/pl\/wp-json\/wp\/v2\/pages\/5437","targetHints":{"allow":["GET"]}}],"collection":[{"href":"https:\/\/www.itac-professional.com\/pl\/wp-json\/wp\/v2\/pages"}],"about":[{"href":"https:\/\/www.itac-professional.com\/pl\/wp-json\/wp\/v2\/types\/page"}],"author":[{"embeddable":true,"href":"https:\/\/www.itac-professional.com\/pl\/wp-json\/wp\/v2\/users\/1"}],"replies":[{"embeddable":true,"href":"https:\/\/www.itac-professional.com\/pl\/wp-json\/wp\/v2\/comments?post=5437"}],"version-history":[{"count":5,"href":"https:\/\/www.itac-professional.com\/pl\/wp-json\/wp\/v2\/pages\/5437\/revisions"}],"predecessor-version":[{"id":22709,"href":"https:\/\/www.itac-professional.com\/pl\/wp-json\/wp\/v2\/pages\/5437\/revisions\/22709"}],"up":[{"embeddable":true,"href":"https:\/\/www.itac-professional.com\/pl\/wp-json\/wp\/v2\/pages\/5424"}],"wp:attachment":[{"href":"https:\/\/www.itac-professional.com\/pl\/wp-json\/wp\/v2\/media?parent=5437"}],"curies":[{"name":"wp","href":"https:\/\/api.w.org\/{rel}","templated":true}]}}