{"id":5433,"date":"2019-01-23T10:14:50","date_gmt":"2019-01-23T10:14:50","guid":{"rendered":"https:\/\/itacpro.develacq.startgoconnection.es\/?page_id=5433"},"modified":"2023-06-30T12:00:48","modified_gmt":"2023-06-30T10:00:48","slug":"hiszpanskie-migdaly","status":"publish","type":"page","link":"https:\/\/www.itac-professional.com\/pl\/przemysl\/migdaly\/hiszpanskie-migdaly\/","title":{"rendered":"Hiszpa\u0144skie migda\u0142y"},"content":{"rendered":"<div class=\"wpb-content-wrapper\"><p>[vc_row css=\u00bb.vc_custom_1537796050067{margin-top: 70px !important;}\u00bb][vc_column][vc_column_text el_class=\u00bbtitulocatalogo\u00bb]<\/p>\n<h1 style=\"text-align: center;\"><span style=\"color: #ff0000;\">RODZAJE MIGDA\u0141\u00d3W HISZPA\u0143SKICH<\/span><\/h1>\n<p>[\/vc_column_text][vc_column_text el_class=\u00bbtextocat\u00bb]<\/p>\n<p style=\"text-align: center;\">Hiszpania jest jednym z g\u0142\u00f3wnych producent\u00f3w migda\u0142\u00f3w na \u015bwiecie, a jednocze\u015bnie jednym z najwi\u0119kszych importer\u00f3w. Hiszpa\u0144ska produkcja skoncentrowana jest w strefie \u015br\u00f3dziemnomorskiej, w\u015br\u00f3d kt\u00f3rej przoduje region Andaluzji. Hiszpa\u0144skie migda\u0142y s\u0105 produktem docenianym na ca\u0142ym \u015bwiecie z uwagi na wysok\u0105 jako\u015b\u0107, smak i warto\u015bci od\u017cywcze. Firma Importaco przetwarza najwa\u017cniejsze odmiany migda\u0142\u00f3w hiszpa\u0144skich. Dodatkowo, za po\u015brednictwem marki Importaco Ingredients oraz Importaco Terra, jest obecna podczas ca\u0142ego cyklu, od plantacji do dostawy do klienta, wzbogacaj\u0105c proces o swoje wieloletnie do\u015bwiadczenie. Hiszpa\u0144skie migda\u0142y w ca\u0142o\u015bci, bez \u0142upiny klasyfikowane s\u0105 wed\u0142ug odmiany, rozmiaru w milimetrach oraz jako\u015bci owocu (cz\u0119\u015bci, partie, wady itd.).<\/p>\n<p>.[\/vc_column_text][\/vc_column][\/vc_row][vc_row][vc_column]<div class=\"woocommerce columns-4\"><div class=\"loading-effect-none description-under-image cart-btn-on-img cart-btn-on-hover resize-by-browser-width hide-description wc-grid dt-css-grid-wrap woo-hover wc-grid dt-products products\" data-padding=\"22px\" data-cur-page=\"1\" data-desktop-columns-num=\"4\" data-v-tablet-columns-num=\"2\" data-h-tablet-columns-num=\"3\" data-phone-columns-num=\"1\" data-width=\"220px\" data-columns=\"4\"><div class=\"dt-css-grid\"><div class=\"wf-cell visible shown\" data-post-id=\"22567\" data-date=\"2018-10-03T11:20:11+02:00\"><article class=\"post visible product type-product post-22567 status-publish first instock product_cat-almendra-espana has-post-thumbnail shipping-taxable product-type-simple\"><figure class=\"woocom-project\"><div class=\"woo-buttons-on-img\"><a href=\"https:\/\/www.itac-professional.com\/pl\/produkty\/migdaly-comuna\/\" class=\"alignnone layzr-bg-transparent\"><img width=\"300\" height=\"300\" src=\"https:\/\/www.itac-professional.com\/wp-content\/uploads\/2018\/08\/almendra_variasubicaciones-300x300.png\" class=\"attachment-woocommerce_thumbnail size-woocommerce_thumbnail iso-lazy-load preload-me thumb-lazy-load-show iso-layzr-loaded\" decoding=\"async\" loading=\"lazy\" srcset=\"https:\/\/www.itac-professional.com\/wp-content\/uploads\/2018\/08\/almendra_variasubicaciones-300x300.png 300w, https:\/\/www.itac-professional.com\/wp-content\/uploads\/2018\/08\/almendra_variasubicaciones-255x300.png 200w\" sizes=\"auto, (max-width:300px) 100vw,300px\" style=\"will-change: auto;\"><\/a><\/div><figcaption class=\"woocom-list-content\"><h4 class=\"entry-title\"><a href=\"https:\/\/www.itac-professional.com\/pl\/produkty\/migdaly-comuna\/\" rel=\"bookmark\">MIGDA\u0141Y COMUNA<\/a><\/h4><\/figcaption><\/figure><\/article><\/div><div class=\"wf-cell visible shown\" data-post-id=\"22565\" data-date=\"2018-10-03T11:21:27+02:00\"><article class=\"post visible product type-product post-22565 status-publish instock product_cat-almendra-espana has-post-thumbnail shipping-taxable product-type-simple\"><figure class=\"woocom-project\"><div class=\"woo-buttons-on-img\"><a href=\"https:\/\/www.itac-professional.com\/pl\/produkty\/migdaly-ferragnes\/\" class=\"alignnone layzr-bg-transparent\"><img width=\"300\" height=\"300\" src=\"https:\/\/www.itac-professional.com\/wp-content\/uploads\/2018\/10\/ALMENDRA_FERRAGNES-300x300.png\" class=\"attachment-woocommerce_thumbnail size-woocommerce_thumbnail iso-lazy-load preload-me thumb-lazy-load-show iso-layzr-loaded\" decoding=\"async\" loading=\"lazy\" srcset=\"https:\/\/www.itac-professional.com\/wp-content\/uploads\/2018\/10\/ALMENDRA_FERRAGNES-300x300.png 300w, https:\/\/www.itac-professional.com\/wp-content\/uploads\/2018\/10\/ALMENDRA_FERRAGNES-255x300.png 200w\" sizes=\"auto, (max-width:300px) 100vw,300px\" style=\"will-change: auto;\"><\/a><\/div><figcaption class=\"woocom-list-content\"><h4 class=\"entry-title\"><a href=\"https:\/\/www.itac-professional.com\/pl\/produkty\/migdaly-ferragnes\/\" rel=\"bookmark\">MIGDA\u0141Y FERRAGNES<\/a><\/h4><\/figcaption><\/figure><\/article><\/div><div class=\"wf-cell visible shown\" data-post-id=\"22566\" data-date=\"2018-10-03T11:20:39+02:00\"><article class=\"post visible product type-product post-22566 status-publish instock product_cat-almendra-espana has-post-thumbnail shipping-taxable product-type-simple\"><figure class=\"woocom-project\"><div class=\"woo-buttons-on-img\"><a href=\"https:\/\/www.itac-professional.com\/pl\/produkty\/migdaly-guara\/\" class=\"alignnone layzr-bg-transparent\"><img width=\"300\" height=\"300\" src=\"https:\/\/www.itac-professional.com\/wp-content\/uploads\/2018\/10\/ALMENDRA_GUARA-300x300.png\" class=\"attachment-woocommerce_thumbnail size-woocommerce_thumbnail iso-lazy-load preload-me thumb-lazy-load-show iso-layzr-loaded\" decoding=\"async\" loading=\"lazy\" srcset=\"https:\/\/www.itac-professional.com\/wp-content\/uploads\/2018\/10\/ALMENDRA_GUARA-300x300.png 300w, https:\/\/www.itac-professional.com\/wp-content\/uploads\/2018\/10\/ALMENDRA_GUARA-255x300.png 200w\" sizes=\"auto, (max-width:300px) 100vw,300px\" style=\"will-change: auto;\"><\/a><\/div><figcaption class=\"woocom-list-content\"><h4 class=\"entry-title\"><a href=\"https:\/\/www.itac-professional.com\/pl\/produkty\/migdaly-guara\/\" rel=\"bookmark\">MIGDA\u0141Y  GUARA<\/a><\/h4><\/figcaption><\/figure><\/article><\/div><div class=\"wf-cell visible shown\" data-post-id=\"22568\" data-date=\"2018-10-03T11:19:25+02:00\"><article class=\"post visible product type-product post-22568 status-publish instock product_cat-almendra-espana has-post-thumbnail shipping-taxable product-type-simple\"><figure class=\"woocom-project\"><div class=\"woo-buttons-on-img\"><a href=\"https:\/\/www.itac-professional.com\/pl\/produkty\/migdaly-largueta\/\" class=\"alignnone layzr-bg-transparent\"><img width=\"300\" height=\"300\" src=\"https:\/\/www.itac-professional.com\/wp-content\/uploads\/2018\/10\/ALMENDRA_LARGUETA-300x300.png\" class=\"attachment-woocommerce_thumbnail size-woocommerce_thumbnail iso-lazy-load preload-me thumb-lazy-load-show iso-layzr-loaded\" decoding=\"async\" loading=\"lazy\" srcset=\"https:\/\/www.itac-professional.com\/wp-content\/uploads\/2018\/10\/ALMENDRA_LARGUETA-300x300.png 300w, https:\/\/www.itac-professional.com\/wp-content\/uploads\/2018\/10\/ALMENDRA_LARGUETA-255x300.png 200w\" sizes=\"auto, (max-width:300px) 100vw,300px\" style=\"will-change: auto;\"><\/a><\/div><figcaption class=\"woocom-list-content\"><h4 class=\"entry-title\"><a href=\"https:\/\/www.itac-professional.com\/pl\/produkty\/migdaly-largueta\/\" rel=\"bookmark\">MIGDA\u0141Y LARGUETA<\/a><\/h4><\/figcaption><\/figure><\/article><\/div><div class=\"wf-cell visible shown\" data-post-id=\"22569\" data-date=\"2018-10-03T11:19:10+02:00\"><article class=\"post visible product type-product post-22569 status-publish last instock product_cat-almendra-espana has-post-thumbnail shipping-taxable product-type-simple\"><figure class=\"woocom-project\"><div class=\"woo-buttons-on-img\"><a href=\"https:\/\/www.itac-professional.com\/pl\/produkty\/migdaly-marcona\/\" class=\"alignnone layzr-bg-transparent\"><img width=\"300\" height=\"300\" src=\"https:\/\/www.itac-professional.com\/wp-content\/uploads\/2018\/10\/ALMENDRA_MARCONA-300x300.png\" class=\"attachment-woocommerce_thumbnail size-woocommerce_thumbnail iso-lazy-load preload-me thumb-lazy-load-show iso-layzr-loaded\" decoding=\"async\" loading=\"lazy\" srcset=\"https:\/\/www.itac-professional.com\/wp-content\/uploads\/2018\/10\/ALMENDRA_MARCONA-300x300.png 300w, https:\/\/www.itac-professional.com\/wp-content\/uploads\/2018\/10\/ALMENDRA_MARCONA-255x300.png 200w\" sizes=\"auto, (max-width:300px) 100vw,300px\" style=\"will-change: auto;\"><\/a><\/div><figcaption class=\"woocom-list-content\"><h4 class=\"entry-title\"><a href=\"https:\/\/www.itac-professional.com\/pl\/produkty\/migdaly-marcona\/\" rel=\"bookmark\">MIGDA\u0141Y MARCONA<\/a><\/h4><\/figcaption><\/figure><\/article><\/div><\/div><\/div><\/div>[\/vc_column][\/vc_row][vc_row][vc_column][vc_text_separator title=\u00bbEKOLOGICZNE ORZECHY\u00bb color=\u00bbgreen\u00bb css=\u00bb.vc_custom_1550503726603{margin-top: 50px !important;}\u00bb el_class=\u00bbseparadorbiocategorias\u00bb]<div>No se encontraron productos en esta categor\u00eda.<\/div>[\/vc_column][\/vc_row]<\/p>\n<\/div>","protected":false},"excerpt":{"rendered":"<p>[vc_row css=\u00bb.vc_custom_1537796050067{margin-top: 70px !important;}\u00bb][vc_column][vc_column_text el_class=\u00bbtitulocatalogo\u00bb] RODZAJE MIGDA\u0141\u00d3W HISZPA\u0143SKICH [\/vc_column_text][vc_column_text el_class=\u00bbtextocat\u00bb] Hiszpania jest jednym z g\u0142\u00f3wnych producent\u00f3w migda\u0142\u00f3w na \u015bwiecie, a jednocze\u015bnie jednym z najwi\u0119kszych importer\u00f3w. Hiszpa\u0144ska produkcja skoncentrowana jest w strefie \u015br\u00f3dziemnomorskiej, w\u015br\u00f3d kt\u00f3rej przoduje region Andaluzji. Hiszpa\u0144skie migda\u0142y s\u0105 produktem docenianym na ca\u0142ym \u015bwiecie z uwagi na wysok\u0105 jako\u015b\u0107, smak i warto\u015bci od\u017cywcze. Firma&hellip;<\/p>\n","protected":false},"author":1,"featured_media":0,"parent":5424,"menu_order":0,"comment_status":"closed","ping_status":"closed","template":"","meta":{"_acf_changed":false,"content-type":"","footnotes":"","_links_to":"","_links_to_target":""},"class_list":["post-5433","page","type-page","status-publish","hentry"],"acf":[],"yoast_head":"<!-- This site is optimized with the Yoast SEO plugin v27.3 - https:\/\/yoast.com\/product\/yoast-seo-wordpress\/ -->\n<title>\u3010Migda\u0142 hiszpa\u0144ski\u3011 r\u00f3\u017cne rodzaje migda\u0142\u00f3w | Itac Professional<\/title>\n<meta name=\"description\" content=\"Hiszpania jest jednym z wiod\u0105cych \u015bwiatowych producent\u00f3w i importer\u00f3w migda\u0142\u00f3w. S\u0105 to odmiany migda\u0142\u00f3w hiszpa\u0144skich, z kt\u00f3rymi wsp\u00f3\u0142pracujemy. \u2934\ufe0f\" \/>\n<meta name=\"robots\" content=\"index, follow, max-snippet:-1, max-image-preview:large, max-video-preview:-1\" \/>\n<link rel=\"canonical\" href=\"https:\/\/www.itac-professional.com\/pl\/przemysl\/migdaly\/hiszpanskie-migdaly\/\" \/>\n<meta property=\"og:locale\" content=\"es_ES\" \/>\n<meta property=\"og:type\" content=\"article\" \/>\n<meta property=\"og:title\" content=\"\u3010Migda\u0142 hiszpa\u0144ski\u3011 r\u00f3\u017cne rodzaje migda\u0142\u00f3w | Itac Professional\" \/>\n<meta property=\"og:description\" content=\"Hiszpania jest jednym z wiod\u0105cych \u015bwiatowych producent\u00f3w i importer\u00f3w migda\u0142\u00f3w. S\u0105 to odmiany migda\u0142\u00f3w hiszpa\u0144skich, z kt\u00f3rymi wsp\u00f3\u0142pracujemy. \u2934\ufe0f\" \/>\n<meta property=\"og:url\" content=\"https:\/\/www.itac-professional.com\/pl\/przemysl\/migdaly\/hiszpanskie-migdaly\/\" \/>\n<meta property=\"og:site_name\" content=\"ITAC PROFESSIONAL\" \/>\n<meta property=\"article:publisher\" content=\"https:\/\/www.facebook.com\/itacpl\/?__tn__=%2cd%2cP-R&amp;amp%3bamp%3bamp%3beid=ARDlbBGdvN1GldNhuRmgHiU6tnbbCAl9fGzcoMdXJtpaDmSPPUWNWMZggUNgE-uhlBECVQWwd8uysOwe\" \/>\n<meta property=\"article:modified_time\" content=\"2023-06-30T10:00:48+00:00\" \/>\n<meta name=\"twitter:card\" content=\"summary_large_image\" \/>\n<meta name=\"twitter:label1\" content=\"Tiempo de lectura\" \/>\n\t<meta name=\"twitter:data1\" content=\"1 minuto\" \/>\n<script type=\"application\/ld+json\" class=\"yoast-schema-graph\">{\"@context\":\"https:\\\/\\\/schema.org\",\"@graph\":[{\"@type\":\"WebPage\",\"@id\":\"https:\\\/\\\/www.itac-professional.com\\\/pl\\\/przemysl\\\/migdaly\\\/hiszpanskie-migdaly\\\/\",\"url\":\"https:\\\/\\\/www.itac-professional.com\\\/pl\\\/przemysl\\\/migdaly\\\/hiszpanskie-migdaly\\\/\",\"name\":\"\u3010Migda\u0142 hiszpa\u0144ski\u3011 r\u00f3\u017cne rodzaje migda\u0142\u00f3w | Itac Professional\",\"isPartOf\":{\"@id\":\"https:\\\/\\\/www.itac-professional.com\\\/pl\\\/#website\"},\"datePublished\":\"2019-01-23T10:14:50+00:00\",\"dateModified\":\"2023-06-30T10:00:48+00:00\",\"description\":\"Hiszpania jest jednym z wiod\u0105cych \u015bwiatowych producent\u00f3w i importer\u00f3w migda\u0142\u00f3w. S\u0105 to odmiany migda\u0142\u00f3w hiszpa\u0144skich, z kt\u00f3rymi wsp\u00f3\u0142pracujemy. \u2934\ufe0f\",\"breadcrumb\":{\"@id\":\"https:\\\/\\\/www.itac-professional.com\\\/pl\\\/przemysl\\\/migdaly\\\/hiszpanskie-migdaly\\\/#breadcrumb\"},\"inLanguage\":\"es\",\"potentialAction\":[{\"@type\":\"ReadAction\",\"target\":[\"https:\\\/\\\/www.itac-professional.com\\\/pl\\\/przemysl\\\/migdaly\\\/hiszpanskie-migdaly\\\/\"]}]},{\"@type\":\"BreadcrumbList\",\"@id\":\"https:\\\/\\\/www.itac-professional.com\\\/pl\\\/przemysl\\\/migdaly\\\/hiszpanskie-migdaly\\\/#breadcrumb\",\"itemListElement\":[{\"@type\":\"ListItem\",\"position\":1,\"name\":\"Inicio\",\"item\":\"https:\\\/\\\/www.itac-professional.com\\\/pl\\\/\"},{\"@type\":\"ListItem\",\"position\":2,\"name\":\"Przemys\u0142\",\"item\":\"https:\\\/\\\/www.itac-professional.com\\\/pl\\\/przemysl\\\/\"},{\"@type\":\"ListItem\",\"position\":3,\"name\":\"Migda\u0142y\",\"item\":\"https:\\\/\\\/www.itac-professional.com\\\/pl\\\/przemysl\\\/migdaly\\\/\"},{\"@type\":\"ListItem\",\"position\":4,\"name\":\"Hiszpa\u0144skie migda\u0142y\"}]},{\"@type\":\"WebSite\",\"@id\":\"https:\\\/\\\/www.itac-professional.com\\\/pl\\\/#website\",\"url\":\"https:\\\/\\\/www.itac-professional.com\\\/pl\\\/\",\"name\":\"ITAC PROFESSIONAL\",\"description\":\"Frutos secos, frutas desecadas, snacks ...\",\"publisher\":{\"@id\":\"https:\\\/\\\/www.itac-professional.com\\\/pl\\\/#organization\"},\"potentialAction\":[{\"@type\":\"SearchAction\",\"target\":{\"@type\":\"EntryPoint\",\"urlTemplate\":\"https:\\\/\\\/www.itac-professional.com\\\/pl\\\/?s={search_term_string}\"},\"query-input\":{\"@type\":\"PropertyValueSpecification\",\"valueRequired\":true,\"valueName\":\"search_term_string\"}}],\"inLanguage\":\"es\"},{\"@type\":\"Organization\",\"@id\":\"https:\\\/\\\/www.itac-professional.com\\\/pl\\\/#organization\",\"name\":\"Itac Professional\",\"url\":\"https:\\\/\\\/www.itac-professional.com\\\/pl\\\/\",\"logo\":{\"@type\":\"ImageObject\",\"inLanguage\":\"es\",\"@id\":\"https:\\\/\\\/www.itac-professional.com\\\/pl\\\/#\\\/schema\\\/logo\\\/image\\\/\",\"url\":\"https:\\\/\\\/www.itac-professional.com\\\/wp-content\\\/uploads\\\/2018\\\/10\\\/LOGO-ITACPROF-160.png\",\"contentUrl\":\"https:\\\/\\\/www.itac-professional.com\\\/wp-content\\\/uploads\\\/2018\\\/10\\\/LOGO-ITACPROF-160.png\",\"width\":160,\"height\":80,\"caption\":\"Itac Professional\"},\"image\":{\"@id\":\"https:\\\/\\\/www.itac-professional.com\\\/pl\\\/#\\\/schema\\\/logo\\\/image\\\/\"},\"sameAs\":[\"https:\\\/\\\/www.facebook.com\\\/itacpl\\\/?__tn__=,d,P-R&amp;amp;amp;eid=ARDlbBGdvN1GldNhuRmgHiU6tnbbCAl9fGzcoMdXJtpaDmSPPUWNWMZggUNgE-uhlBECVQWwd8uysOwe\",\"https:\\\/\\\/www.linkedin.com\\\/sharing\\\/share-offsite\\\/?url=https:\\\/\\\/www.itac-professional.com\\\/retail\\\/\"]}]}<\/script>\n<!-- \/ Yoast SEO plugin. -->","yoast_head_json":{"title":"\u3010Migda\u0142 hiszpa\u0144ski\u3011 r\u00f3\u017cne rodzaje migda\u0142\u00f3w | Itac Professional","description":"Hiszpania jest jednym z wiod\u0105cych \u015bwiatowych producent\u00f3w i importer\u00f3w migda\u0142\u00f3w. S\u0105 to odmiany migda\u0142\u00f3w hiszpa\u0144skich, z kt\u00f3rymi wsp\u00f3\u0142pracujemy. \u2934\ufe0f","robots":{"index":"index","follow":"follow","max-snippet":"max-snippet:-1","max-image-preview":"max-image-preview:large","max-video-preview":"max-video-preview:-1"},"canonical":"https:\/\/www.itac-professional.com\/pl\/przemysl\/migdaly\/hiszpanskie-migdaly\/","og_locale":"es_ES","og_type":"article","og_title":"\u3010Migda\u0142 hiszpa\u0144ski\u3011 r\u00f3\u017cne rodzaje migda\u0142\u00f3w | Itac Professional","og_description":"Hiszpania jest jednym z wiod\u0105cych \u015bwiatowych producent\u00f3w i importer\u00f3w migda\u0142\u00f3w. S\u0105 to odmiany migda\u0142\u00f3w hiszpa\u0144skich, z kt\u00f3rymi wsp\u00f3\u0142pracujemy. \u2934\ufe0f","og_url":"https:\/\/www.itac-professional.com\/pl\/przemysl\/migdaly\/hiszpanskie-migdaly\/","og_site_name":"ITAC PROFESSIONAL","article_publisher":"https:\/\/www.facebook.com\/itacpl\/?__tn__=%2cd%2cP-R&amp%3bamp%3bamp%3beid=ARDlbBGdvN1GldNhuRmgHiU6tnbbCAl9fGzcoMdXJtpaDmSPPUWNWMZggUNgE-uhlBECVQWwd8uysOwe","article_modified_time":"2023-06-30T10:00:48+00:00","twitter_card":"summary_large_image","twitter_misc":{"Tiempo de lectura":"1 minuto"},"schema":{"@context":"https:\/\/schema.org","@graph":[{"@type":"WebPage","@id":"https:\/\/www.itac-professional.com\/pl\/przemysl\/migdaly\/hiszpanskie-migdaly\/","url":"https:\/\/www.itac-professional.com\/pl\/przemysl\/migdaly\/hiszpanskie-migdaly\/","name":"\u3010Migda\u0142 hiszpa\u0144ski\u3011 r\u00f3\u017cne rodzaje migda\u0142\u00f3w | Itac Professional","isPartOf":{"@id":"https:\/\/www.itac-professional.com\/pl\/#website"},"datePublished":"2019-01-23T10:14:50+00:00","dateModified":"2023-06-30T10:00:48+00:00","description":"Hiszpania jest jednym z wiod\u0105cych \u015bwiatowych producent\u00f3w i importer\u00f3w migda\u0142\u00f3w. S\u0105 to odmiany migda\u0142\u00f3w hiszpa\u0144skich, z kt\u00f3rymi wsp\u00f3\u0142pracujemy. \u2934\ufe0f","breadcrumb":{"@id":"https:\/\/www.itac-professional.com\/pl\/przemysl\/migdaly\/hiszpanskie-migdaly\/#breadcrumb"},"inLanguage":"es","potentialAction":[{"@type":"ReadAction","target":["https:\/\/www.itac-professional.com\/pl\/przemysl\/migdaly\/hiszpanskie-migdaly\/"]}]},{"@type":"BreadcrumbList","@id":"https:\/\/www.itac-professional.com\/pl\/przemysl\/migdaly\/hiszpanskie-migdaly\/#breadcrumb","itemListElement":[{"@type":"ListItem","position":1,"name":"Inicio","item":"https:\/\/www.itac-professional.com\/pl\/"},{"@type":"ListItem","position":2,"name":"Przemys\u0142","item":"https:\/\/www.itac-professional.com\/pl\/przemysl\/"},{"@type":"ListItem","position":3,"name":"Migda\u0142y","item":"https:\/\/www.itac-professional.com\/pl\/przemysl\/migdaly\/"},{"@type":"ListItem","position":4,"name":"Hiszpa\u0144skie migda\u0142y"}]},{"@type":"WebSite","@id":"https:\/\/www.itac-professional.com\/pl\/#website","url":"https:\/\/www.itac-professional.com\/pl\/","name":"ITAC PROFESSIONAL","description":"Frutos secos, frutas desecadas, snacks ...","publisher":{"@id":"https:\/\/www.itac-professional.com\/pl\/#organization"},"potentialAction":[{"@type":"SearchAction","target":{"@type":"EntryPoint","urlTemplate":"https:\/\/www.itac-professional.com\/pl\/?s={search_term_string}"},"query-input":{"@type":"PropertyValueSpecification","valueRequired":true,"valueName":"search_term_string"}}],"inLanguage":"es"},{"@type":"Organization","@id":"https:\/\/www.itac-professional.com\/pl\/#organization","name":"Itac Professional","url":"https:\/\/www.itac-professional.com\/pl\/","logo":{"@type":"ImageObject","inLanguage":"es","@id":"https:\/\/www.itac-professional.com\/pl\/#\/schema\/logo\/image\/","url":"https:\/\/www.itac-professional.com\/wp-content\/uploads\/2018\/10\/LOGO-ITACPROF-160.png","contentUrl":"https:\/\/www.itac-professional.com\/wp-content\/uploads\/2018\/10\/LOGO-ITACPROF-160.png","width":160,"height":80,"caption":"Itac Professional"},"image":{"@id":"https:\/\/www.itac-professional.com\/pl\/#\/schema\/logo\/image\/"},"sameAs":["https:\/\/www.facebook.com\/itacpl\/?__tn__=,d,P-R&amp;amp;amp;eid=ARDlbBGdvN1GldNhuRmgHiU6tnbbCAl9fGzcoMdXJtpaDmSPPUWNWMZggUNgE-uhlBECVQWwd8uysOwe","https:\/\/www.linkedin.com\/sharing\/share-offsite\/?url=https:\/\/www.itac-professional.com\/retail\/"]}]}},"_links":{"self":[{"href":"https:\/\/www.itac-professional.com\/pl\/wp-json\/wp\/v2\/pages\/5433","targetHints":{"allow":["GET"]}}],"collection":[{"href":"https:\/\/www.itac-professional.com\/pl\/wp-json\/wp\/v2\/pages"}],"about":[{"href":"https:\/\/www.itac-professional.com\/pl\/wp-json\/wp\/v2\/types\/page"}],"author":[{"embeddable":true,"href":"https:\/\/www.itac-professional.com\/pl\/wp-json\/wp\/v2\/users\/1"}],"replies":[{"embeddable":true,"href":"https:\/\/www.itac-professional.com\/pl\/wp-json\/wp\/v2\/comments?post=5433"}],"version-history":[{"count":9,"href":"https:\/\/www.itac-professional.com\/pl\/wp-json\/wp\/v2\/pages\/5433\/revisions"}],"predecessor-version":[{"id":22708,"href":"https:\/\/www.itac-professional.com\/pl\/wp-json\/wp\/v2\/pages\/5433\/revisions\/22708"}],"up":[{"embeddable":true,"href":"https:\/\/www.itac-professional.com\/pl\/wp-json\/wp\/v2\/pages\/5424"}],"wp:attachment":[{"href":"https:\/\/www.itac-professional.com\/pl\/wp-json\/wp\/v2\/media?parent=5433"}],"curies":[{"name":"wp","href":"https:\/\/api.w.org\/{rel}","templated":true}]}}