{"id":5424,"date":"2019-01-23T10:08:45","date_gmt":"2019-01-23T10:08:45","guid":{"rendered":"https:\/\/itacpro.develacq.startgoconnection.es\/?page_id=5424"},"modified":"2019-10-24T15:28:10","modified_gmt":"2019-10-24T15:28:10","slug":"migdaly","status":"publish","type":"page","link":"https:\/\/www.itac-professional.com\/pl\/przemysl\/migdaly\/","title":{"rendered":"Migda\u0142y"},"content":{"rendered":"<div class=\"wpb-content-wrapper\"><p>[vc_row css=\u00bb.vc_custom_1537796050067{margin-top: 70px !important;}\u00bb][vc_column][vc_column_text el_class=\u00bbtitulocatalogo\u00bb]<\/p>\n<h1 style=\"text-align: center;\"><span style=\"color: #ff0000;\">MIGDA\u0141Y<\/span><\/h1>\n<p>[\/vc_column_text][vc_column_text el_class=\u00bbtextocat\u00bb]<\/p>\n<p style=\"text-align: center;\">Migda\u0142 jest rodzajem orzecha pochodz\u0105cym z kraj\u00f3w basenu Morza \u015ar\u00f3dziemnego. W ostatnich latach jego uprawa by\u0142a intensywnie rozwijana w innych cz\u0119\u015bciach \u015bwiata, takich jak np. Stany Zjednoczone. Jest jednym z najbardziej po\u017cywnych, zdrowych i szeroko stosowanych gatunk\u00f3w orzech\u00f3w na ca\u0142ym \u015bwiecie, zar\u00f3wno jako przek\u0105ska jak i sk\u0142adnik u\u017cywany w przemy\u015ble spo\u017cywczyma.<\/p>\n<p>[\/vc_column_text][\/vc_column][\/vc_row][vc_row gap=\u00bb10&#8243; full_height=\u00bbyes\u00bb el_class=\u00bbcolProductos\u00bb][vc_column width=\u00bb1\/4&#8243; css=\u00bb.vc_custom_1540475677615{background-color: #f5f5f5 !important;}\u00bb][vc_single_image image=\u00bb5068&#8243; img_size=\u00bbfull\u00bb alignment=\u00bbcenter\u00bb onclick=\u00bbcustom_link\u00bb image_hovers=\u00bbfalse\u00bb link=\u00bbhttps:\/\/www.itac-professional.com\/pl\/przemysl\/migdaly\/hiszpanskie-migdaly\/\u00bb][vc_column_text el_class=\u00bbproductos\u00bb]<\/p>\n<h3 style=\"text-align: center;\"><a href=\"https:\/\/www.itac-professional.com\/pl\/przemysl\/migdaly\/hiszpanskie-migdaly\/\">HISZPA\u0143SKIE MIGDA\u0141Y<\/a><\/h3>\n<p>[\/vc_column_text][\/vc_column][vc_column width=\u00bb1\/4&#8243; css=\u00bb.vc_custom_1540475684364{background-color: #f5f5f5 !important;}\u00bb][vc_single_image image=\u00bb5427&#8243; img_size=\u00bbfull\u00bb alignment=\u00bbcenter\u00bb onclick=\u00bbcustom_link\u00bb image_hovers=\u00bbfalse\u00bb link=\u00bbhttps:\/\/www.itac-professional.com\/pl\/przemysl\/migdaly\/migdaly-usa\/\u00bb][vc_column_text el_class=\u00bbproductos\u00bb]<\/p>\n<h3 style=\"text-align: center;\"><a href=\"https:\/\/www.itac-professional.com\/pl\/przemysl\/migdaly\/migdaly-usa\/\">MIGDA\u0141Y USA<\/a><\/h3>\n<p>[\/vc_column_text][\/vc_column][vc_column width=\u00bb1\/4&#8243; css=\u00bb.vc_custom_1540475690540{background-color: #f5f5f5 !important;}\u00bb][vc_single_image image=\u00bb5428&#8243; img_size=\u00bbfull\u00bb alignment=\u00bbcenter\u00bb onclick=\u00bbcustom_link\u00bb image_hovers=\u00bbfalse\u00bb link=\u00bbhttps:\/\/www.itac-professional.com\/pl\/przemysl\/migdaly\/surowe-migdaly-przetworzone\/\u00bb][vc_column_text el_class=\u00bbproductos\u00bb]<\/p>\n<h3 style=\"text-align: center;\"><a href=\"https:\/\/www.itac-professional.com\/pl\/przemysl\/migdaly\/surowe-migdaly-przetworzone\/\">SUROWE MIGDA\u0141Y PRZETWORZONE<\/a><\/h3>\n<p>[\/vc_column_text][\/vc_column][vc_column width=\u00bb1\/4&#8243; css=\u00bb.vc_custom_1540475698945{background-color: #f5f5f5 !important;}\u00bb][vc_single_image image=\u00bb5429&#8243; img_size=\u00bbfull\u00bb alignment=\u00bbcenter\u00bb onclick=\u00bbcustom_link\u00bb image_hovers=\u00bbfalse\u00bb link=\u00bbhttps:\/\/www.itac-professional.com\/pl\/przemysl\/migdaly\/prazone-migdaly-przetworzone\/\u00bb][vc_column_text el_class=\u00bbproductos\u00bb]<\/p>\n<h3 style=\"text-align: center;\"><a href=\"https:\/\/www.itac-professional.com\/pl\/przemysl\/migdaly\/prazone-migdaly-przetworzone\/\">PRA\u017bONE MIGDA\u0141Y PRZETWORZONE<\/a><\/h3>\n<p>[\/vc_column_text][\/vc_column][\/vc_row]<\/p>\n<\/div>","protected":false},"excerpt":{"rendered":"<p>[vc_row css=\u00bb.vc_custom_1537796050067{margin-top: 70px !important;}\u00bb][vc_column][vc_column_text el_class=\u00bbtitulocatalogo\u00bb] MIGDA\u0141Y [\/vc_column_text][vc_column_text el_class=\u00bbtextocat\u00bb] Migda\u0142 jest rodzajem orzecha pochodz\u0105cym z kraj\u00f3w basenu Morza \u015ar\u00f3dziemnego. W ostatnich latach jego uprawa by\u0142a intensywnie rozwijana w innych cz\u0119\u015bciach \u015bwiata, takich jak np. Stany Zjednoczone. Jest jednym z najbardziej po\u017cywnych, zdrowych i szeroko stosowanych gatunk\u00f3w orzech\u00f3w na ca\u0142ym \u015bwiecie, zar\u00f3wno jako przek\u0105ska jak i sk\u0142adnik&hellip;<\/p>\n","protected":false},"author":1,"featured_media":0,"parent":5361,"menu_order":0,"comment_status":"closed","ping_status":"closed","template":"","meta":{"_acf_changed":false,"content-type":"","footnotes":"","_links_to":"","_links_to_target":""},"class_list":["post-5424","page","type-page","status-publish","hentry"],"acf":[],"yoast_head":"<!-- This site is optimized with the Yoast SEO plugin v27.3 - https:\/\/yoast.com\/product\/yoast-seo-wordpress\/ -->\n<title>\u3010Migda\u0142y w szerokiej gamie format\u00f3w\u3011 | Itac Professional<\/title>\n<meta name=\"description\" content=\"Migda\u0142 jest jednym z najbardziej od\u017cywczych orzech\u00f3w. W Itac Professional jeste\u015bmy ekspertami w zakresie obr\u00f3bki i przetwarzania. Poznaj nasze odmiany \u2934\ufe0f\" \/>\n<meta name=\"robots\" content=\"index, follow, max-snippet:-1, max-image-preview:large, max-video-preview:-1\" \/>\n<link rel=\"canonical\" href=\"https:\/\/www.itac-professional.com\/pl\/przemysl\/migdaly\/\" \/>\n<meta property=\"og:locale\" content=\"es_ES\" \/>\n<meta property=\"og:type\" content=\"article\" \/>\n<meta property=\"og:title\" content=\"\u3010Migda\u0142y w szerokiej gamie format\u00f3w\u3011 | Itac Professional\" \/>\n<meta property=\"og:description\" content=\"Migda\u0142 jest jednym z najbardziej od\u017cywczych orzech\u00f3w. W Itac Professional jeste\u015bmy ekspertami w zakresie obr\u00f3bki i przetwarzania. Poznaj nasze odmiany \u2934\ufe0f\" \/>\n<meta property=\"og:url\" content=\"https:\/\/www.itac-professional.com\/pl\/przemysl\/migdaly\/\" \/>\n<meta property=\"og:site_name\" content=\"ITAC PROFESSIONAL\" \/>\n<meta property=\"article:publisher\" content=\"https:\/\/www.facebook.com\/itacpl\/?__tn__=%2cd%2cP-R&amp;amp%3bamp%3bamp%3beid=ARDlbBGdvN1GldNhuRmgHiU6tnbbCAl9fGzcoMdXJtpaDmSPPUWNWMZggUNgE-uhlBECVQWwd8uysOwe\" \/>\n<meta property=\"article:modified_time\" content=\"2019-10-24T15:28:10+00:00\" \/>\n<meta name=\"twitter:card\" content=\"summary_large_image\" \/>\n<meta name=\"twitter:label1\" content=\"Tiempo de lectura\" \/>\n\t<meta name=\"twitter:data1\" content=\"2 minutos\" \/>\n<script type=\"application\/ld+json\" class=\"yoast-schema-graph\">{\"@context\":\"https:\\\/\\\/schema.org\",\"@graph\":[{\"@type\":\"WebPage\",\"@id\":\"https:\\\/\\\/www.itac-professional.com\\\/pl\\\/przemysl\\\/migdaly\\\/\",\"url\":\"https:\\\/\\\/www.itac-professional.com\\\/pl\\\/przemysl\\\/migdaly\\\/\",\"name\":\"\u3010Migda\u0142y w szerokiej gamie format\u00f3w\u3011 | Itac Professional\",\"isPartOf\":{\"@id\":\"https:\\\/\\\/www.itac-professional.com\\\/pl\\\/#website\"},\"datePublished\":\"2019-01-23T10:08:45+00:00\",\"dateModified\":\"2019-10-24T15:28:10+00:00\",\"description\":\"Migda\u0142 jest jednym z najbardziej od\u017cywczych orzech\u00f3w. W Itac Professional jeste\u015bmy ekspertami w zakresie obr\u00f3bki i przetwarzania. Poznaj nasze odmiany \u2934\ufe0f\",\"breadcrumb\":{\"@id\":\"https:\\\/\\\/www.itac-professional.com\\\/pl\\\/przemysl\\\/migdaly\\\/#breadcrumb\"},\"inLanguage\":\"es\",\"potentialAction\":[{\"@type\":\"ReadAction\",\"target\":[\"https:\\\/\\\/www.itac-professional.com\\\/pl\\\/przemysl\\\/migdaly\\\/\"]}]},{\"@type\":\"BreadcrumbList\",\"@id\":\"https:\\\/\\\/www.itac-professional.com\\\/pl\\\/przemysl\\\/migdaly\\\/#breadcrumb\",\"itemListElement\":[{\"@type\":\"ListItem\",\"position\":1,\"name\":\"Inicio\",\"item\":\"https:\\\/\\\/www.itac-professional.com\\\/pl\\\/\"},{\"@type\":\"ListItem\",\"position\":2,\"name\":\"Przemys\u0142\",\"item\":\"https:\\\/\\\/www.itac-professional.com\\\/pl\\\/przemysl\\\/\"},{\"@type\":\"ListItem\",\"position\":3,\"name\":\"Migda\u0142y\"}]},{\"@type\":\"WebSite\",\"@id\":\"https:\\\/\\\/www.itac-professional.com\\\/pl\\\/#website\",\"url\":\"https:\\\/\\\/www.itac-professional.com\\\/pl\\\/\",\"name\":\"ITAC PROFESSIONAL\",\"description\":\"Frutos secos, frutas desecadas, snacks ...\",\"publisher\":{\"@id\":\"https:\\\/\\\/www.itac-professional.com\\\/pl\\\/#organization\"},\"potentialAction\":[{\"@type\":\"SearchAction\",\"target\":{\"@type\":\"EntryPoint\",\"urlTemplate\":\"https:\\\/\\\/www.itac-professional.com\\\/pl\\\/?s={search_term_string}\"},\"query-input\":{\"@type\":\"PropertyValueSpecification\",\"valueRequired\":true,\"valueName\":\"search_term_string\"}}],\"inLanguage\":\"es\"},{\"@type\":\"Organization\",\"@id\":\"https:\\\/\\\/www.itac-professional.com\\\/pl\\\/#organization\",\"name\":\"Itac Professional\",\"url\":\"https:\\\/\\\/www.itac-professional.com\\\/pl\\\/\",\"logo\":{\"@type\":\"ImageObject\",\"inLanguage\":\"es\",\"@id\":\"https:\\\/\\\/www.itac-professional.com\\\/pl\\\/#\\\/schema\\\/logo\\\/image\\\/\",\"url\":\"https:\\\/\\\/www.itac-professional.com\\\/wp-content\\\/uploads\\\/2018\\\/10\\\/LOGO-ITACPROF-160.png\",\"contentUrl\":\"https:\\\/\\\/www.itac-professional.com\\\/wp-content\\\/uploads\\\/2018\\\/10\\\/LOGO-ITACPROF-160.png\",\"width\":160,\"height\":80,\"caption\":\"Itac Professional\"},\"image\":{\"@id\":\"https:\\\/\\\/www.itac-professional.com\\\/pl\\\/#\\\/schema\\\/logo\\\/image\\\/\"},\"sameAs\":[\"https:\\\/\\\/www.facebook.com\\\/itacpl\\\/?__tn__=,d,P-R&amp;amp;amp;eid=ARDlbBGdvN1GldNhuRmgHiU6tnbbCAl9fGzcoMdXJtpaDmSPPUWNWMZggUNgE-uhlBECVQWwd8uysOwe\",\"https:\\\/\\\/www.linkedin.com\\\/sharing\\\/share-offsite\\\/?url=https:\\\/\\\/www.itac-professional.com\\\/retail\\\/\"]}]}<\/script>\n<!-- \/ Yoast SEO plugin. -->","yoast_head_json":{"title":"\u3010Migda\u0142y w szerokiej gamie format\u00f3w\u3011 | Itac Professional","description":"Migda\u0142 jest jednym z najbardziej od\u017cywczych orzech\u00f3w. W Itac Professional jeste\u015bmy ekspertami w zakresie obr\u00f3bki i przetwarzania. Poznaj nasze odmiany \u2934\ufe0f","robots":{"index":"index","follow":"follow","max-snippet":"max-snippet:-1","max-image-preview":"max-image-preview:large","max-video-preview":"max-video-preview:-1"},"canonical":"https:\/\/www.itac-professional.com\/pl\/przemysl\/migdaly\/","og_locale":"es_ES","og_type":"article","og_title":"\u3010Migda\u0142y w szerokiej gamie format\u00f3w\u3011 | Itac Professional","og_description":"Migda\u0142 jest jednym z najbardziej od\u017cywczych orzech\u00f3w. W Itac Professional jeste\u015bmy ekspertami w zakresie obr\u00f3bki i przetwarzania. Poznaj nasze odmiany \u2934\ufe0f","og_url":"https:\/\/www.itac-professional.com\/pl\/przemysl\/migdaly\/","og_site_name":"ITAC PROFESSIONAL","article_publisher":"https:\/\/www.facebook.com\/itacpl\/?__tn__=%2cd%2cP-R&amp%3bamp%3bamp%3beid=ARDlbBGdvN1GldNhuRmgHiU6tnbbCAl9fGzcoMdXJtpaDmSPPUWNWMZggUNgE-uhlBECVQWwd8uysOwe","article_modified_time":"2019-10-24T15:28:10+00:00","twitter_card":"summary_large_image","twitter_misc":{"Tiempo de lectura":"2 minutos"},"schema":{"@context":"https:\/\/schema.org","@graph":[{"@type":"WebPage","@id":"https:\/\/www.itac-professional.com\/pl\/przemysl\/migdaly\/","url":"https:\/\/www.itac-professional.com\/pl\/przemysl\/migdaly\/","name":"\u3010Migda\u0142y w szerokiej gamie format\u00f3w\u3011 | Itac Professional","isPartOf":{"@id":"https:\/\/www.itac-professional.com\/pl\/#website"},"datePublished":"2019-01-23T10:08:45+00:00","dateModified":"2019-10-24T15:28:10+00:00","description":"Migda\u0142 jest jednym z najbardziej od\u017cywczych orzech\u00f3w. W Itac Professional jeste\u015bmy ekspertami w zakresie obr\u00f3bki i przetwarzania. Poznaj nasze odmiany \u2934\ufe0f","breadcrumb":{"@id":"https:\/\/www.itac-professional.com\/pl\/przemysl\/migdaly\/#breadcrumb"},"inLanguage":"es","potentialAction":[{"@type":"ReadAction","target":["https:\/\/www.itac-professional.com\/pl\/przemysl\/migdaly\/"]}]},{"@type":"BreadcrumbList","@id":"https:\/\/www.itac-professional.com\/pl\/przemysl\/migdaly\/#breadcrumb","itemListElement":[{"@type":"ListItem","position":1,"name":"Inicio","item":"https:\/\/www.itac-professional.com\/pl\/"},{"@type":"ListItem","position":2,"name":"Przemys\u0142","item":"https:\/\/www.itac-professional.com\/pl\/przemysl\/"},{"@type":"ListItem","position":3,"name":"Migda\u0142y"}]},{"@type":"WebSite","@id":"https:\/\/www.itac-professional.com\/pl\/#website","url":"https:\/\/www.itac-professional.com\/pl\/","name":"ITAC PROFESSIONAL","description":"Frutos secos, frutas desecadas, snacks ...","publisher":{"@id":"https:\/\/www.itac-professional.com\/pl\/#organization"},"potentialAction":[{"@type":"SearchAction","target":{"@type":"EntryPoint","urlTemplate":"https:\/\/www.itac-professional.com\/pl\/?s={search_term_string}"},"query-input":{"@type":"PropertyValueSpecification","valueRequired":true,"valueName":"search_term_string"}}],"inLanguage":"es"},{"@type":"Organization","@id":"https:\/\/www.itac-professional.com\/pl\/#organization","name":"Itac Professional","url":"https:\/\/www.itac-professional.com\/pl\/","logo":{"@type":"ImageObject","inLanguage":"es","@id":"https:\/\/www.itac-professional.com\/pl\/#\/schema\/logo\/image\/","url":"https:\/\/www.itac-professional.com\/wp-content\/uploads\/2018\/10\/LOGO-ITACPROF-160.png","contentUrl":"https:\/\/www.itac-professional.com\/wp-content\/uploads\/2018\/10\/LOGO-ITACPROF-160.png","width":160,"height":80,"caption":"Itac Professional"},"image":{"@id":"https:\/\/www.itac-professional.com\/pl\/#\/schema\/logo\/image\/"},"sameAs":["https:\/\/www.facebook.com\/itacpl\/?__tn__=,d,P-R&amp;amp;amp;eid=ARDlbBGdvN1GldNhuRmgHiU6tnbbCAl9fGzcoMdXJtpaDmSPPUWNWMZggUNgE-uhlBECVQWwd8uysOwe","https:\/\/www.linkedin.com\/sharing\/share-offsite\/?url=https:\/\/www.itac-professional.com\/retail\/"]}]}},"_links":{"self":[{"href":"https:\/\/www.itac-professional.com\/pl\/wp-json\/wp\/v2\/pages\/5424","targetHints":{"allow":["GET"]}}],"collection":[{"href":"https:\/\/www.itac-professional.com\/pl\/wp-json\/wp\/v2\/pages"}],"about":[{"href":"https:\/\/www.itac-professional.com\/pl\/wp-json\/wp\/v2\/types\/page"}],"author":[{"embeddable":true,"href":"https:\/\/www.itac-professional.com\/pl\/wp-json\/wp\/v2\/users\/1"}],"replies":[{"embeddable":true,"href":"https:\/\/www.itac-professional.com\/pl\/wp-json\/wp\/v2\/comments?post=5424"}],"version-history":[{"count":8,"href":"https:\/\/www.itac-professional.com\/pl\/wp-json\/wp\/v2\/pages\/5424\/revisions"}],"predecessor-version":[{"id":8429,"href":"https:\/\/www.itac-professional.com\/pl\/wp-json\/wp\/v2\/pages\/5424\/revisions\/8429"}],"up":[{"embeddable":true,"href":"https:\/\/www.itac-professional.com\/pl\/wp-json\/wp\/v2\/pages\/5361"}],"wp:attachment":[{"href":"https:\/\/www.itac-professional.com\/pl\/wp-json\/wp\/v2\/media?parent=5424"}],"curies":[{"name":"wp","href":"https:\/\/api.w.org\/{rel}","templated":true}]}}