{"id":5407,"date":"2019-01-22T16:13:47","date_gmt":"2019-01-22T16:13:47","guid":{"rendered":"https:\/\/itacpro.develacq.startgoconnection.es\/?page_id=5407"},"modified":"2023-06-30T12:07:56","modified_gmt":"2023-06-30T10:07:56","slug":"orzechy-wloskie","status":"publish","type":"page","link":"https:\/\/www.itac-professional.com\/pl\/przemysl\/orzechy-wloskie\/","title":{"rendered":"Orzechy w\u0142oskie"},"content":{"rendered":"<div class=\"wpb-content-wrapper\"><p>[vc_row css=\u00bb.vc_custom_1537796050067{margin-top: 70px !important;}\u00bb][vc_column][vc_column_text el_class=\u00bbtitulocatalogo\u00bb]<\/p>\n<h1 style=\"text-align: center;\"><span style=\"color: #ff0000;\">PRZETWORZONE ORZECHY W\u0141OSKIE<\/span><\/h1>\n<p>[\/vc_column_text][vc_column_text el_class=\u00bbtextocat\u00bb]<\/p>\n<p style=\"text-align: center;\">Stanowi\u0105 doskona\u0142y sk\u0142adnik r\u00f3\u017cnorodnych wyrob\u00f3w spo\u017cywczych i w ostatnich latach zapotrzebowanie na ten produkt wzrasta z uwagi na jego szeroki wachlarz zastosowa\u0144 i cenne oraz zdrowe warto\u015bci od\u017cywcze, takie jak kwasy t\u0142uszczowe Omega-3 i wiele innych. U\u017cywane s\u0105 do pieczywa i wyrob\u00f3w cukierniczych. Wchodz\u0105 tak\u017ce w sk\u0142ad baton\u00f3w, p\u0142atk\u00f3w zbo\u017cowych, przek\u0105sek, posypek i sa\u0142atek. Przemys\u0142 spo\u017cywczy wykorzystuje je w postaci po\u0142\u00f3wek, cz\u0105stek, ziarenek, kawa\u0142k\u00f3w i m\u0105ki. Je\u015bli chodzi o kolor wyr\u00f3\u017cni\u0107 mo\u017cemy grup\u0119 light lub jasn\u0105 oraz bursztynow\u0105, a tak\u017ce ich mieszanki lub r\u00f3\u017cne stopnie nasilenia.<\/p>\n<p>[\/vc_column_text][\/vc_column][\/vc_row][vc_row][vc_column]<div class=\"woocommerce columns-4\"><div class=\"loading-effect-none description-under-image cart-btn-on-img cart-btn-on-hover resize-by-browser-width hide-description wc-grid dt-css-grid-wrap woo-hover wc-grid dt-products products\" data-padding=\"22px\" data-cur-page=\"1\" data-desktop-columns-num=\"4\" data-v-tablet-columns-num=\"2\" data-h-tablet-columns-num=\"3\" data-phone-columns-num=\"1\" data-width=\"220px\" data-columns=\"4\"><div class=\"dt-css-grid\"><div class=\"wf-cell visible shown\" data-post-id=\"22540\" data-date=\"2018-10-03T11:47:58+02:00\"><article class=\"post visible product type-product post-22540 status-publish first instock product_cat-almendra-espana has-post-thumbnail shipping-taxable product-type-simple\"><figure class=\"woocom-project\"><div class=\"woo-buttons-on-img\"><a href=\"#\" class=\"alignnone layzr-bg-transparent\" style=\"cursor:default\"><img width=\"300\" height=\"300\" src=\"https:\/\/www.itac-professional.com\/wp-content\/uploads\/2019\/05\/Walnuts_300-1-300x300.png\" class=\"attachment-woocommerce_thumbnail size-woocommerce_thumbnail iso-lazy-load preload-me thumb-lazy-load-show iso-layzr-loaded\" decoding=\"async\" loading=\"lazy\" srcset=\"https:\/\/www.itac-professional.com\/wp-content\/uploads\/2019\/05\/Walnuts_300-1-300x300.png 300w, https:\/\/www.itac-professional.com\/wp-content\/uploads\/2019\/05\/Walnuts_300-1-300x300.png 200w\" sizes=\"auto, (max-width:300px) 100vw,300px\" style=\"will-change: auto;\"><\/a><\/div><figcaption class=\"woocom-list-content\"><h4 class=\"entry-title\">ORZECHY W\u0141OSKIE \u0141USKANE<\/h4><\/figcaption><\/figure><\/article><\/div><div class=\"wf-cell visible shown\" data-post-id=\"22539\" data-date=\"2018-10-03T11:48:17+02:00\"><article class=\"post visible product type-product post-22539 status-publish instock product_cat-almendra-espana has-post-thumbnail shipping-taxable product-type-simple\"><figure class=\"woocom-project\"><div class=\"woo-buttons-on-img\"><a href=\"#\" class=\"alignnone layzr-bg-transparent\" style=\"cursor:default\"><img width=\"300\" height=\"300\" src=\"https:\/\/www.itac-professional.com\/wp-content\/uploads\/2018\/10\/NUEZ_MONDADA_TROZOS-300x300.png\" class=\"attachment-woocommerce_thumbnail size-woocommerce_thumbnail iso-lazy-load preload-me thumb-lazy-load-show iso-layzr-loaded\" decoding=\"async\" loading=\"lazy\" srcset=\"https:\/\/www.itac-professional.com\/wp-content\/uploads\/2018\/10\/NUEZ_MONDADA_TROZOS-300x300.png 300w, https:\/\/www.itac-professional.com\/wp-content\/uploads\/2018\/10\/NUEZ_MONDADA_TROZOS-255x300.png 200w\" sizes=\"auto, (max-width:300px) 100vw,300px\" style=\"will-change: auto;\"><\/a><\/div><figcaption class=\"woocom-list-content\"><h4 class=\"entry-title\">ORZECHY W\u0141OSKIE W KAWA\u0141KACH \u0141USKANE<\/h4><\/figcaption><\/figure><\/article><\/div><div class=\"wf-cell visible shown\" data-post-id=\"22538\" data-date=\"2018-10-03T11:48:30+02:00\"><article class=\"post visible product type-product post-22538 status-publish last instock product_cat-almendra-espana has-post-thumbnail shipping-taxable product-type-simple\"><figure class=\"woocom-project\"><div class=\"woo-buttons-on-img\"><a href=\"#\" class=\"alignnone layzr-bg-transparent\" style=\"cursor:default\"><img width=\"300\" height=\"300\" src=\"https:\/\/www.itac-professional.com\/wp-content\/uploads\/2018\/10\/NUEZ_MONDADA_GRANILLO-300x300.png\" class=\"attachment-woocommerce_thumbnail size-woocommerce_thumbnail iso-lazy-load preload-me thumb-lazy-load-show iso-layzr-loaded\" decoding=\"async\" loading=\"lazy\" srcset=\"https:\/\/www.itac-professional.com\/wp-content\/uploads\/2018\/10\/NUEZ_MONDADA_GRANILLO-300x300.png 300w, https:\/\/www.itac-professional.com\/wp-content\/uploads\/2018\/10\/NUEZ_MONDADA_GRANILLO-255x300.png 200w\" sizes=\"auto, (max-width:300px) 100vw,300px\" style=\"will-change: auto;\"><\/a><\/div><figcaption class=\"woocom-list-content\"><h4 class=\"entry-title\">ORZECHY W\u0141OSKIE W ZIARENKACH \u0141USKANE<\/h4><\/figcaption><\/figure><\/article><\/div><\/div><\/div><\/div>[\/vc_column][\/vc_row]<\/p>\n<\/div>","protected":false},"excerpt":{"rendered":"<p>[vc_row css=\u00bb.vc_custom_1537796050067{margin-top: 70px !important;}\u00bb][vc_column][vc_column_text el_class=\u00bbtitulocatalogo\u00bb] PRZETWORZONE ORZECHY W\u0141OSKIE [\/vc_column_text][vc_column_text el_class=\u00bbtextocat\u00bb] Stanowi\u0105 doskona\u0142y sk\u0142adnik r\u00f3\u017cnorodnych wyrob\u00f3w spo\u017cywczych i w ostatnich latach zapotrzebowanie na ten produkt wzrasta z uwagi na jego szeroki wachlarz zastosowa\u0144 i cenne oraz zdrowe warto\u015bci od\u017cywcze, takie jak kwasy t\u0142uszczowe Omega-3 i wiele innych. U\u017cywane s\u0105 do pieczywa i wyrob\u00f3w cukierniczych. Wchodz\u0105 tak\u017ce&hellip;<\/p>\n","protected":false},"author":1,"featured_media":0,"parent":5361,"menu_order":0,"comment_status":"closed","ping_status":"closed","template":"","meta":{"_acf_changed":false,"content-type":"","footnotes":"","_links_to":"","_links_to_target":""},"class_list":["post-5407","page","type-page","status-publish","hentry"],"acf":[],"yoast_head":"<!-- This site is optimized with the Yoast SEO plugin v27.3 - https:\/\/yoast.com\/product\/yoast-seo-wordpress\/ -->\n<title>\u3010Bakalie: Orzechy w\u0142oskie \u3011| Itac Professional<\/title>\n<meta name=\"description\" content=\"Pracujemy z najwy\u017cszej jako\u015bci orzechami w po\u0142\u00f3wkach, kawa\u0142kach i granulkach. Doskona\u0142e jako przek\u0105ski, polewy i do wzbogacania deser\u00f3w. \u2934\ufe0f\" \/>\n<meta name=\"robots\" content=\"index, follow, max-snippet:-1, max-image-preview:large, max-video-preview:-1\" \/>\n<link rel=\"canonical\" href=\"https:\/\/www.itac-professional.com\/pl\/przemysl\/orzechy-wloskie\/\" \/>\n<meta property=\"og:locale\" content=\"es_ES\" \/>\n<meta property=\"og:type\" content=\"article\" \/>\n<meta property=\"og:title\" content=\"\u3010Bakalie: Orzechy w\u0142oskie \u3011| Itac Professional\" \/>\n<meta property=\"og:description\" content=\"Pracujemy z najwy\u017cszej jako\u015bci orzechami w po\u0142\u00f3wkach, kawa\u0142kach i granulkach. Doskona\u0142e jako przek\u0105ski, polewy i do wzbogacania deser\u00f3w. \u2934\ufe0f\" \/>\n<meta property=\"og:url\" content=\"https:\/\/www.itac-professional.com\/pl\/przemysl\/orzechy-wloskie\/\" \/>\n<meta property=\"og:site_name\" content=\"ITAC PROFESSIONAL\" \/>\n<meta property=\"article:publisher\" content=\"https:\/\/www.facebook.com\/itacpl\/?__tn__=%2cd%2cP-R&amp;amp%3bamp%3bamp%3beid=ARDlbBGdvN1GldNhuRmgHiU6tnbbCAl9fGzcoMdXJtpaDmSPPUWNWMZggUNgE-uhlBECVQWwd8uysOwe\" \/>\n<meta property=\"article:modified_time\" content=\"2023-06-30T10:07:56+00:00\" \/>\n<meta name=\"twitter:card\" content=\"summary_large_image\" \/>\n<meta name=\"twitter:label1\" content=\"Tiempo de lectura\" \/>\n\t<meta name=\"twitter:data1\" content=\"1 minuto\" \/>\n<script type=\"application\/ld+json\" class=\"yoast-schema-graph\">{\"@context\":\"https:\\\/\\\/schema.org\",\"@graph\":[{\"@type\":\"WebPage\",\"@id\":\"https:\\\/\\\/www.itac-professional.com\\\/pl\\\/przemysl\\\/orzechy-wloskie\\\/\",\"url\":\"https:\\\/\\\/www.itac-professional.com\\\/pl\\\/przemysl\\\/orzechy-wloskie\\\/\",\"name\":\"\u3010Bakalie: Orzechy w\u0142oskie \u3011| Itac Professional\",\"isPartOf\":{\"@id\":\"https:\\\/\\\/www.itac-professional.com\\\/pl\\\/#website\"},\"datePublished\":\"2019-01-22T16:13:47+00:00\",\"dateModified\":\"2023-06-30T10:07:56+00:00\",\"description\":\"Pracujemy z najwy\u017cszej jako\u015bci orzechami w po\u0142\u00f3wkach, kawa\u0142kach i granulkach. Doskona\u0142e jako przek\u0105ski, polewy i do wzbogacania deser\u00f3w. \u2934\ufe0f\",\"breadcrumb\":{\"@id\":\"https:\\\/\\\/www.itac-professional.com\\\/pl\\\/przemysl\\\/orzechy-wloskie\\\/#breadcrumb\"},\"inLanguage\":\"es\",\"potentialAction\":[{\"@type\":\"ReadAction\",\"target\":[\"https:\\\/\\\/www.itac-professional.com\\\/pl\\\/przemysl\\\/orzechy-wloskie\\\/\"]}]},{\"@type\":\"BreadcrumbList\",\"@id\":\"https:\\\/\\\/www.itac-professional.com\\\/pl\\\/przemysl\\\/orzechy-wloskie\\\/#breadcrumb\",\"itemListElement\":[{\"@type\":\"ListItem\",\"position\":1,\"name\":\"Inicio\",\"item\":\"https:\\\/\\\/www.itac-professional.com\\\/pl\\\/\"},{\"@type\":\"ListItem\",\"position\":2,\"name\":\"Przemys\u0142\",\"item\":\"https:\\\/\\\/www.itac-professional.com\\\/pl\\\/przemysl\\\/\"},{\"@type\":\"ListItem\",\"position\":3,\"name\":\"Orzechy w\u0142oskie\"}]},{\"@type\":\"WebSite\",\"@id\":\"https:\\\/\\\/www.itac-professional.com\\\/pl\\\/#website\",\"url\":\"https:\\\/\\\/www.itac-professional.com\\\/pl\\\/\",\"name\":\"ITAC PROFESSIONAL\",\"description\":\"Frutos secos, frutas desecadas, snacks ...\",\"publisher\":{\"@id\":\"https:\\\/\\\/www.itac-professional.com\\\/pl\\\/#organization\"},\"potentialAction\":[{\"@type\":\"SearchAction\",\"target\":{\"@type\":\"EntryPoint\",\"urlTemplate\":\"https:\\\/\\\/www.itac-professional.com\\\/pl\\\/?s={search_term_string}\"},\"query-input\":{\"@type\":\"PropertyValueSpecification\",\"valueRequired\":true,\"valueName\":\"search_term_string\"}}],\"inLanguage\":\"es\"},{\"@type\":\"Organization\",\"@id\":\"https:\\\/\\\/www.itac-professional.com\\\/pl\\\/#organization\",\"name\":\"Itac Professional\",\"url\":\"https:\\\/\\\/www.itac-professional.com\\\/pl\\\/\",\"logo\":{\"@type\":\"ImageObject\",\"inLanguage\":\"es\",\"@id\":\"https:\\\/\\\/www.itac-professional.com\\\/pl\\\/#\\\/schema\\\/logo\\\/image\\\/\",\"url\":\"https:\\\/\\\/www.itac-professional.com\\\/wp-content\\\/uploads\\\/2018\\\/10\\\/LOGO-ITACPROF-160.png\",\"contentUrl\":\"https:\\\/\\\/www.itac-professional.com\\\/wp-content\\\/uploads\\\/2018\\\/10\\\/LOGO-ITACPROF-160.png\",\"width\":160,\"height\":80,\"caption\":\"Itac Professional\"},\"image\":{\"@id\":\"https:\\\/\\\/www.itac-professional.com\\\/pl\\\/#\\\/schema\\\/logo\\\/image\\\/\"},\"sameAs\":[\"https:\\\/\\\/www.facebook.com\\\/itacpl\\\/?__tn__=,d,P-R&amp;amp;amp;eid=ARDlbBGdvN1GldNhuRmgHiU6tnbbCAl9fGzcoMdXJtpaDmSPPUWNWMZggUNgE-uhlBECVQWwd8uysOwe\",\"https:\\\/\\\/www.linkedin.com\\\/sharing\\\/share-offsite\\\/?url=https:\\\/\\\/www.itac-professional.com\\\/retail\\\/\"]}]}<\/script>\n<!-- \/ Yoast SEO plugin. -->","yoast_head_json":{"title":"\u3010Bakalie: Orzechy w\u0142oskie \u3011| Itac Professional","description":"Pracujemy z najwy\u017cszej jako\u015bci orzechami w po\u0142\u00f3wkach, kawa\u0142kach i granulkach. Doskona\u0142e jako przek\u0105ski, polewy i do wzbogacania deser\u00f3w. \u2934\ufe0f","robots":{"index":"index","follow":"follow","max-snippet":"max-snippet:-1","max-image-preview":"max-image-preview:large","max-video-preview":"max-video-preview:-1"},"canonical":"https:\/\/www.itac-professional.com\/pl\/przemysl\/orzechy-wloskie\/","og_locale":"es_ES","og_type":"article","og_title":"\u3010Bakalie: Orzechy w\u0142oskie \u3011| Itac Professional","og_description":"Pracujemy z najwy\u017cszej jako\u015bci orzechami w po\u0142\u00f3wkach, kawa\u0142kach i granulkach. Doskona\u0142e jako przek\u0105ski, polewy i do wzbogacania deser\u00f3w. \u2934\ufe0f","og_url":"https:\/\/www.itac-professional.com\/pl\/przemysl\/orzechy-wloskie\/","og_site_name":"ITAC PROFESSIONAL","article_publisher":"https:\/\/www.facebook.com\/itacpl\/?__tn__=%2cd%2cP-R&amp%3bamp%3bamp%3beid=ARDlbBGdvN1GldNhuRmgHiU6tnbbCAl9fGzcoMdXJtpaDmSPPUWNWMZggUNgE-uhlBECVQWwd8uysOwe","article_modified_time":"2023-06-30T10:07:56+00:00","twitter_card":"summary_large_image","twitter_misc":{"Tiempo de lectura":"1 minuto"},"schema":{"@context":"https:\/\/schema.org","@graph":[{"@type":"WebPage","@id":"https:\/\/www.itac-professional.com\/pl\/przemysl\/orzechy-wloskie\/","url":"https:\/\/www.itac-professional.com\/pl\/przemysl\/orzechy-wloskie\/","name":"\u3010Bakalie: Orzechy w\u0142oskie \u3011| Itac Professional","isPartOf":{"@id":"https:\/\/www.itac-professional.com\/pl\/#website"},"datePublished":"2019-01-22T16:13:47+00:00","dateModified":"2023-06-30T10:07:56+00:00","description":"Pracujemy z najwy\u017cszej jako\u015bci orzechami w po\u0142\u00f3wkach, kawa\u0142kach i granulkach. Doskona\u0142e jako przek\u0105ski, polewy i do wzbogacania deser\u00f3w. \u2934\ufe0f","breadcrumb":{"@id":"https:\/\/www.itac-professional.com\/pl\/przemysl\/orzechy-wloskie\/#breadcrumb"},"inLanguage":"es","potentialAction":[{"@type":"ReadAction","target":["https:\/\/www.itac-professional.com\/pl\/przemysl\/orzechy-wloskie\/"]}]},{"@type":"BreadcrumbList","@id":"https:\/\/www.itac-professional.com\/pl\/przemysl\/orzechy-wloskie\/#breadcrumb","itemListElement":[{"@type":"ListItem","position":1,"name":"Inicio","item":"https:\/\/www.itac-professional.com\/pl\/"},{"@type":"ListItem","position":2,"name":"Przemys\u0142","item":"https:\/\/www.itac-professional.com\/pl\/przemysl\/"},{"@type":"ListItem","position":3,"name":"Orzechy w\u0142oskie"}]},{"@type":"WebSite","@id":"https:\/\/www.itac-professional.com\/pl\/#website","url":"https:\/\/www.itac-professional.com\/pl\/","name":"ITAC PROFESSIONAL","description":"Frutos secos, frutas desecadas, snacks ...","publisher":{"@id":"https:\/\/www.itac-professional.com\/pl\/#organization"},"potentialAction":[{"@type":"SearchAction","target":{"@type":"EntryPoint","urlTemplate":"https:\/\/www.itac-professional.com\/pl\/?s={search_term_string}"},"query-input":{"@type":"PropertyValueSpecification","valueRequired":true,"valueName":"search_term_string"}}],"inLanguage":"es"},{"@type":"Organization","@id":"https:\/\/www.itac-professional.com\/pl\/#organization","name":"Itac Professional","url":"https:\/\/www.itac-professional.com\/pl\/","logo":{"@type":"ImageObject","inLanguage":"es","@id":"https:\/\/www.itac-professional.com\/pl\/#\/schema\/logo\/image\/","url":"https:\/\/www.itac-professional.com\/wp-content\/uploads\/2018\/10\/LOGO-ITACPROF-160.png","contentUrl":"https:\/\/www.itac-professional.com\/wp-content\/uploads\/2018\/10\/LOGO-ITACPROF-160.png","width":160,"height":80,"caption":"Itac Professional"},"image":{"@id":"https:\/\/www.itac-professional.com\/pl\/#\/schema\/logo\/image\/"},"sameAs":["https:\/\/www.facebook.com\/itacpl\/?__tn__=,d,P-R&amp;amp;amp;eid=ARDlbBGdvN1GldNhuRmgHiU6tnbbCAl9fGzcoMdXJtpaDmSPPUWNWMZggUNgE-uhlBECVQWwd8uysOwe","https:\/\/www.linkedin.com\/sharing\/share-offsite\/?url=https:\/\/www.itac-professional.com\/retail\/"]}]}},"_links":{"self":[{"href":"https:\/\/www.itac-professional.com\/pl\/wp-json\/wp\/v2\/pages\/5407","targetHints":{"allow":["GET"]}}],"collection":[{"href":"https:\/\/www.itac-professional.com\/pl\/wp-json\/wp\/v2\/pages"}],"about":[{"href":"https:\/\/www.itac-professional.com\/pl\/wp-json\/wp\/v2\/types\/page"}],"author":[{"embeddable":true,"href":"https:\/\/www.itac-professional.com\/pl\/wp-json\/wp\/v2\/users\/1"}],"replies":[{"embeddable":true,"href":"https:\/\/www.itac-professional.com\/pl\/wp-json\/wp\/v2\/comments?post=5407"}],"version-history":[{"count":6,"href":"https:\/\/www.itac-professional.com\/pl\/wp-json\/wp\/v2\/pages\/5407\/revisions"}],"predecessor-version":[{"id":22714,"href":"https:\/\/www.itac-professional.com\/pl\/wp-json\/wp\/v2\/pages\/5407\/revisions\/22714"}],"up":[{"embeddable":true,"href":"https:\/\/www.itac-professional.com\/pl\/wp-json\/wp\/v2\/pages\/5361"}],"wp:attachment":[{"href":"https:\/\/www.itac-professional.com\/pl\/wp-json\/wp\/v2\/media?parent=5407"}],"curies":[{"name":"wp","href":"https:\/\/api.w.org\/{rel}","templated":true}]}}