{"id":5378,"date":"2019-01-22T15:45:51","date_gmt":"2019-01-22T15:45:51","guid":{"rendered":"https:\/\/itacpro.develacq.startgoconnection.es\/?page_id=5378"},"modified":"2019-10-24T12:45:42","modified_gmt":"2019-10-24T12:45:42","slug":"mieszanki-na-zamowienie","status":"publish","type":"page","link":"https:\/\/www.itac-professional.com\/pl\/przemysl\/mieszanki-na-zamowienie\/","title":{"rendered":"Mieszanki na zam\u00f3wienie"},"content":{"rendered":"<div class=\"wpb-content-wrapper\"><p>[vc_row css=\u00bb.vc_custom_1537796050067{margin-top: 70px !important;}\u00bb][vc_column][vc_column_text el_class=\u00bbtitulocatalogo\u00bb]<\/p>\n<h1 style=\"text-align: center;\"><span style=\"color: #ff0000;\">MIESZANKI NA ZAM\u00d3WIENIE<\/span><\/h1>\n<p>[\/vc_column_text][vc_column_text el_class=\u00bbtextocat\u00bb]<\/p>\n<p style=\"text-align: center;\">Produkujemy mieszanki odpowiadaj\u0105ce zapotrzebowaniom naszych klient\u00f3w przemys\u0142owych. Oferujemy r\u00f3\u017cnorodne opakowania, od ma\u0142ych format\u00f3w (15 g) do wielko\u015bci przemys\u0142owych.<\/p>\n<p>[\/vc_column_text][\/vc_column][\/vc_row][vc_row full_width=\u00bbstretch_row_content\u00bb][vc_column css=\u00bb.vc_custom_1540302569744{background: #f6f5f5 url(https:\/\/www.itac-professional.com\/wp-content\/uploads\/2018\/10\/MIX_1.png?id=1770) !important;background-position: center !important;background-repeat: no-repeat !important;background-size: contain !important;}\u00bb][vc_column_text el_class=\u00bbmixes1&#8243;]<\/p>\n<h4 style=\"text-align: center;\"><a href=\"https:\/\/www.itac-professional.com\/pl\/kontakt\/\">ZAM\u00d3W U NAS<\/a><\/h4>\n<h2 style=\"text-align: center;\"><a href=\"https:\/\/www.itac-professional.com\/pl\/kontakt\/\">W\u0141ASN\u0104 MIESZANK\u0118<\/a><\/h2>\n<p style=\"text-align: center;\">Od 15 gram\u00f3w na wag\u0119<\/p>\n<p>[\/vc_column_text][\/vc_column][\/vc_row][vc_row full_width=\u00bbstretch_row_content\u00bb css=\u00bb.vc_custom_1540302385318{margin-bottom: 80px !important;}\u00bb][vc_column css=\u00bb.vc_custom_1538731906916{background-color: #f5f5f5 !important;}\u00bb][vc_single_image image=\u00bb5382&#8243; img_size=\u00bbfull\u00bb alignment=\u00bbcenter\u00bb onclick=\u00bbcustom_link\u00bb image_hovers=\u00bbfalse\u00bb link=\u00bbhttps:\/\/www.itac-professional.com\/pl\/kontakt\/\u00bb][\/vc_column][\/vc_row]<\/p>\n<\/div>","protected":false},"excerpt":{"rendered":"<p>[vc_row css=\u00bb.vc_custom_1537796050067{margin-top: 70px !important;}\u00bb][vc_column][vc_column_text el_class=\u00bbtitulocatalogo\u00bb] MIESZANKI NA ZAM\u00d3WIENIE [\/vc_column_text][vc_column_text el_class=\u00bbtextocat\u00bb] Produkujemy mieszanki odpowiadaj\u0105ce zapotrzebowaniom naszych klient\u00f3w przemys\u0142owych. Oferujemy r\u00f3\u017cnorodne opakowania, od ma\u0142ych format\u00f3w (15 g) do wielko\u015bci przemys\u0142owych. [\/vc_column_text][\/vc_column][\/vc_row][vc_row full_width=\u00bbstretch_row_content\u00bb][vc_column css=\u00bb.vc_custom_1540302569744{background: #f6f5f5 url(https:\/\/www.itac-professional.com\/wp-content\/uploads\/2018\/10\/MIX_1.png?id=1770) !important;background-position: center !important;background-repeat: no-repeat !important;background-size: contain !important;}\u00bb][vc_column_text el_class=\u00bbmixes1&#8243;] ZAM\u00d3W U NAS W\u0141ASN\u0104 MIESZANK\u0118 Od 15 gram\u00f3w na wag\u0119 [\/vc_column_text][\/vc_column][\/vc_row][vc_row full_width=\u00bbstretch_row_content\u00bb css=\u00bb.vc_custom_1540302385318{margin-bottom: 80px&hellip;<\/p>\n","protected":false},"author":1,"featured_media":0,"parent":5361,"menu_order":0,"comment_status":"closed","ping_status":"closed","template":"","meta":{"_acf_changed":false,"content-type":"","footnotes":"","_links_to":"","_links_to_target":""},"class_list":["post-5378","page","type-page","status-publish","hentry"],"acf":[],"yoast_head":"<!-- This site is optimized with the Yoast SEO plugin v27.5 - https:\/\/yoast.com\/product\/yoast-seo-wordpress\/ -->\n<title>\u3010mieszanek i mieszanek niestandardowych\u3011 | Itac Professional<\/title>\n<meta name=\"description\" content=\"Chcesz swoj\u0105 w\u0142asn\u0105 mieszank\u0119 orzech\u00f3w? W Importaco produkujemy mieszanki dostosowane do potrzeb klient\u00f3w przemys\u0142owych. Ma\u0142y i du\u017cy format - zapytaj nas!\" \/>\n<meta name=\"robots\" content=\"index, follow, max-snippet:-1, max-image-preview:large, max-video-preview:-1\" \/>\n<link rel=\"canonical\" href=\"https:\/\/www.itac-professional.com\/pl\/przemysl\/mieszanki-na-zamowienie\/\" \/>\n<meta property=\"og:locale\" content=\"es_ES\" \/>\n<meta property=\"og:type\" content=\"article\" \/>\n<meta property=\"og:title\" content=\"\u3010mieszanek i mieszanek niestandardowych\u3011 | Itac Professional\" \/>\n<meta property=\"og:description\" content=\"Chcesz swoj\u0105 w\u0142asn\u0105 mieszank\u0119 orzech\u00f3w? W Importaco produkujemy mieszanki dostosowane do potrzeb klient\u00f3w przemys\u0142owych. Ma\u0142y i du\u017cy format - zapytaj nas!\" \/>\n<meta property=\"og:url\" content=\"https:\/\/www.itac-professional.com\/pl\/przemysl\/mieszanki-na-zamowienie\/\" \/>\n<meta property=\"og:site_name\" content=\"ITAC PROFESSIONAL\" \/>\n<meta property=\"article:publisher\" content=\"https:\/\/www.facebook.com\/itacpl\/?__tn__=%2cd%2cP-R&amp;amp%3bamp%3bamp%3beid=ARDlbBGdvN1GldNhuRmgHiU6tnbbCAl9fGzcoMdXJtpaDmSPPUWNWMZggUNgE-uhlBECVQWwd8uysOwe\" \/>\n<meta property=\"article:modified_time\" content=\"2019-10-24T12:45:42+00:00\" \/>\n<meta name=\"twitter:card\" content=\"summary_large_image\" \/>\n<meta name=\"twitter:label1\" content=\"Tiempo de lectura\" \/>\n\t<meta name=\"twitter:data1\" content=\"1 minuto\" \/>\n<script type=\"application\/ld+json\" class=\"yoast-schema-graph\">{\"@context\":\"https:\\\/\\\/schema.org\",\"@graph\":[{\"@type\":\"WebPage\",\"@id\":\"https:\\\/\\\/www.itac-professional.com\\\/pl\\\/przemysl\\\/mieszanki-na-zamowienie\\\/\",\"url\":\"https:\\\/\\\/www.itac-professional.com\\\/pl\\\/przemysl\\\/mieszanki-na-zamowienie\\\/\",\"name\":\"\u3010mieszanek i mieszanek niestandardowych\u3011 | Itac Professional\",\"isPartOf\":{\"@id\":\"https:\\\/\\\/www.itac-professional.com\\\/pl\\\/#website\"},\"datePublished\":\"2019-01-22T15:45:51+00:00\",\"dateModified\":\"2019-10-24T12:45:42+00:00\",\"description\":\"Chcesz swoj\u0105 w\u0142asn\u0105 mieszank\u0119 orzech\u00f3w? W Importaco produkujemy mieszanki dostosowane do potrzeb klient\u00f3w przemys\u0142owych. Ma\u0142y i du\u017cy format - zapytaj nas!\",\"breadcrumb\":{\"@id\":\"https:\\\/\\\/www.itac-professional.com\\\/pl\\\/przemysl\\\/mieszanki-na-zamowienie\\\/#breadcrumb\"},\"inLanguage\":\"es\",\"potentialAction\":[{\"@type\":\"ReadAction\",\"target\":[\"https:\\\/\\\/www.itac-professional.com\\\/pl\\\/przemysl\\\/mieszanki-na-zamowienie\\\/\"]}]},{\"@type\":\"BreadcrumbList\",\"@id\":\"https:\\\/\\\/www.itac-professional.com\\\/pl\\\/przemysl\\\/mieszanki-na-zamowienie\\\/#breadcrumb\",\"itemListElement\":[{\"@type\":\"ListItem\",\"position\":1,\"name\":\"Inicio\",\"item\":\"https:\\\/\\\/www.itac-professional.com\\\/pl\\\/\"},{\"@type\":\"ListItem\",\"position\":2,\"name\":\"Przemys\u0142\",\"item\":\"https:\\\/\\\/www.itac-professional.com\\\/pl\\\/przemysl\\\/\"},{\"@type\":\"ListItem\",\"position\":3,\"name\":\"Mieszanki na zam\u00f3wienie\"}]},{\"@type\":\"WebSite\",\"@id\":\"https:\\\/\\\/www.itac-professional.com\\\/pl\\\/#website\",\"url\":\"https:\\\/\\\/www.itac-professional.com\\\/pl\\\/\",\"name\":\"ITAC PROFESSIONAL\",\"description\":\"Frutos secos, frutas desecadas, snacks ...\",\"publisher\":{\"@id\":\"https:\\\/\\\/www.itac-professional.com\\\/pl\\\/#organization\"},\"potentialAction\":[{\"@type\":\"SearchAction\",\"target\":{\"@type\":\"EntryPoint\",\"urlTemplate\":\"https:\\\/\\\/www.itac-professional.com\\\/pl\\\/?s={search_term_string}\"},\"query-input\":{\"@type\":\"PropertyValueSpecification\",\"valueRequired\":true,\"valueName\":\"search_term_string\"}}],\"inLanguage\":\"es\"},{\"@type\":\"Organization\",\"@id\":\"https:\\\/\\\/www.itac-professional.com\\\/pl\\\/#organization\",\"name\":\"Itac Professional\",\"url\":\"https:\\\/\\\/www.itac-professional.com\\\/pl\\\/\",\"logo\":{\"@type\":\"ImageObject\",\"inLanguage\":\"es\",\"@id\":\"https:\\\/\\\/www.itac-professional.com\\\/pl\\\/#\\\/schema\\\/logo\\\/image\\\/\",\"url\":\"https:\\\/\\\/www.itac-professional.com\\\/wp-content\\\/uploads\\\/2018\\\/10\\\/LOGO-ITACPROF-160.png\",\"contentUrl\":\"https:\\\/\\\/www.itac-professional.com\\\/wp-content\\\/uploads\\\/2018\\\/10\\\/LOGO-ITACPROF-160.png\",\"width\":160,\"height\":80,\"caption\":\"Itac Professional\"},\"image\":{\"@id\":\"https:\\\/\\\/www.itac-professional.com\\\/pl\\\/#\\\/schema\\\/logo\\\/image\\\/\"},\"sameAs\":[\"https:\\\/\\\/www.facebook.com\\\/itacpl\\\/?__tn__=,d,P-R&amp;amp;amp;eid=ARDlbBGdvN1GldNhuRmgHiU6tnbbCAl9fGzcoMdXJtpaDmSPPUWNWMZggUNgE-uhlBECVQWwd8uysOwe\",\"https:\\\/\\\/www.linkedin.com\\\/sharing\\\/share-offsite\\\/?url=https:\\\/\\\/www.itac-professional.com\\\/retail\\\/\"]}]}<\/script>\n<!-- \/ Yoast SEO plugin. -->","yoast_head_json":{"title":"\u3010mieszanek i mieszanek niestandardowych\u3011 | Itac Professional","description":"Chcesz swoj\u0105 w\u0142asn\u0105 mieszank\u0119 orzech\u00f3w? W Importaco produkujemy mieszanki dostosowane do potrzeb klient\u00f3w przemys\u0142owych. Ma\u0142y i du\u017cy format - zapytaj nas!","robots":{"index":"index","follow":"follow","max-snippet":"max-snippet:-1","max-image-preview":"max-image-preview:large","max-video-preview":"max-video-preview:-1"},"canonical":"https:\/\/www.itac-professional.com\/pl\/przemysl\/mieszanki-na-zamowienie\/","og_locale":"es_ES","og_type":"article","og_title":"\u3010mieszanek i mieszanek niestandardowych\u3011 | Itac Professional","og_description":"Chcesz swoj\u0105 w\u0142asn\u0105 mieszank\u0119 orzech\u00f3w? W Importaco produkujemy mieszanki dostosowane do potrzeb klient\u00f3w przemys\u0142owych. Ma\u0142y i du\u017cy format - zapytaj nas!","og_url":"https:\/\/www.itac-professional.com\/pl\/przemysl\/mieszanki-na-zamowienie\/","og_site_name":"ITAC PROFESSIONAL","article_publisher":"https:\/\/www.facebook.com\/itacpl\/?__tn__=%2cd%2cP-R&amp%3bamp%3bamp%3beid=ARDlbBGdvN1GldNhuRmgHiU6tnbbCAl9fGzcoMdXJtpaDmSPPUWNWMZggUNgE-uhlBECVQWwd8uysOwe","article_modified_time":"2019-10-24T12:45:42+00:00","twitter_card":"summary_large_image","twitter_misc":{"Tiempo de lectura":"1 minuto"},"schema":{"@context":"https:\/\/schema.org","@graph":[{"@type":"WebPage","@id":"https:\/\/www.itac-professional.com\/pl\/przemysl\/mieszanki-na-zamowienie\/","url":"https:\/\/www.itac-professional.com\/pl\/przemysl\/mieszanki-na-zamowienie\/","name":"\u3010mieszanek i mieszanek niestandardowych\u3011 | Itac Professional","isPartOf":{"@id":"https:\/\/www.itac-professional.com\/pl\/#website"},"datePublished":"2019-01-22T15:45:51+00:00","dateModified":"2019-10-24T12:45:42+00:00","description":"Chcesz swoj\u0105 w\u0142asn\u0105 mieszank\u0119 orzech\u00f3w? W Importaco produkujemy mieszanki dostosowane do potrzeb klient\u00f3w przemys\u0142owych. Ma\u0142y i du\u017cy format - zapytaj nas!","breadcrumb":{"@id":"https:\/\/www.itac-professional.com\/pl\/przemysl\/mieszanki-na-zamowienie\/#breadcrumb"},"inLanguage":"es","potentialAction":[{"@type":"ReadAction","target":["https:\/\/www.itac-professional.com\/pl\/przemysl\/mieszanki-na-zamowienie\/"]}]},{"@type":"BreadcrumbList","@id":"https:\/\/www.itac-professional.com\/pl\/przemysl\/mieszanki-na-zamowienie\/#breadcrumb","itemListElement":[{"@type":"ListItem","position":1,"name":"Inicio","item":"https:\/\/www.itac-professional.com\/pl\/"},{"@type":"ListItem","position":2,"name":"Przemys\u0142","item":"https:\/\/www.itac-professional.com\/pl\/przemysl\/"},{"@type":"ListItem","position":3,"name":"Mieszanki na zam\u00f3wienie"}]},{"@type":"WebSite","@id":"https:\/\/www.itac-professional.com\/pl\/#website","url":"https:\/\/www.itac-professional.com\/pl\/","name":"ITAC PROFESSIONAL","description":"Frutos secos, frutas desecadas, snacks ...","publisher":{"@id":"https:\/\/www.itac-professional.com\/pl\/#organization"},"potentialAction":[{"@type":"SearchAction","target":{"@type":"EntryPoint","urlTemplate":"https:\/\/www.itac-professional.com\/pl\/?s={search_term_string}"},"query-input":{"@type":"PropertyValueSpecification","valueRequired":true,"valueName":"search_term_string"}}],"inLanguage":"es"},{"@type":"Organization","@id":"https:\/\/www.itac-professional.com\/pl\/#organization","name":"Itac Professional","url":"https:\/\/www.itac-professional.com\/pl\/","logo":{"@type":"ImageObject","inLanguage":"es","@id":"https:\/\/www.itac-professional.com\/pl\/#\/schema\/logo\/image\/","url":"https:\/\/www.itac-professional.com\/wp-content\/uploads\/2018\/10\/LOGO-ITACPROF-160.png","contentUrl":"https:\/\/www.itac-professional.com\/wp-content\/uploads\/2018\/10\/LOGO-ITACPROF-160.png","width":160,"height":80,"caption":"Itac Professional"},"image":{"@id":"https:\/\/www.itac-professional.com\/pl\/#\/schema\/logo\/image\/"},"sameAs":["https:\/\/www.facebook.com\/itacpl\/?__tn__=,d,P-R&amp;amp;amp;eid=ARDlbBGdvN1GldNhuRmgHiU6tnbbCAl9fGzcoMdXJtpaDmSPPUWNWMZggUNgE-uhlBECVQWwd8uysOwe","https:\/\/www.linkedin.com\/sharing\/share-offsite\/?url=https:\/\/www.itac-professional.com\/retail\/"]}]}},"_links":{"self":[{"href":"https:\/\/www.itac-professional.com\/pl\/wp-json\/wp\/v2\/pages\/5378","targetHints":{"allow":["GET"]}}],"collection":[{"href":"https:\/\/www.itac-professional.com\/pl\/wp-json\/wp\/v2\/pages"}],"about":[{"href":"https:\/\/www.itac-professional.com\/pl\/wp-json\/wp\/v2\/types\/page"}],"author":[{"embeddable":true,"href":"https:\/\/www.itac-professional.com\/pl\/wp-json\/wp\/v2\/users\/1"}],"replies":[{"embeddable":true,"href":"https:\/\/www.itac-professional.com\/pl\/wp-json\/wp\/v2\/comments?post=5378"}],"version-history":[{"count":9,"href":"https:\/\/www.itac-professional.com\/pl\/wp-json\/wp\/v2\/pages\/5378\/revisions"}],"predecessor-version":[{"id":8419,"href":"https:\/\/www.itac-professional.com\/pl\/wp-json\/wp\/v2\/pages\/5378\/revisions\/8419"}],"up":[{"embeddable":true,"href":"https:\/\/www.itac-professional.com\/pl\/wp-json\/wp\/v2\/pages\/5361"}],"wp:attachment":[{"href":"https:\/\/www.itac-professional.com\/pl\/wp-json\/wp\/v2\/media?parent=5378"}],"curies":[{"name":"wp","href":"https:\/\/api.w.org\/{rel}","templated":true}]}}