{"id":5055,"date":"2018-10-09T13:30:52","date_gmt":"2018-10-09T13:30:52","guid":{"rendered":"https:\/\/itacpro.develacq.startgoconnection.es\/importaco-video\/"},"modified":"2019-10-28T16:20:13","modified_gmt":"2019-10-28T16:20:13","slug":"importaco-wideo","status":"publish","type":"page","link":"https:\/\/www.itac-professional.com\/pl\/firma\/importaco\/importaco-wideo\/","title":{"rendered":"IMPORTACO WIDEO"},"content":{"rendered":"<div class=\"wpb-content-wrapper\"><p>[vc_row][vc_column][vc_column_text]<\/p>\n<h1 style=\"text-align: center;\"><span style=\"color: #ff0000;\">IMPORTACO\u00a0<\/span><span style=\"color: #ff0000;\">WIDEO\u00a0<\/span><\/h1>\n<p>[\/vc_column_text][\/vc_column][\/vc_row][vc_row][vc_column][vc_column_text]<\/p>\n<div style=\"width: 1067px;\" class=\"wp-video\"><video class=\"wp-video-shortcode\" id=\"video-5055-1\" width=\"1067\" height=\"600\" autoplay preload=\"metadata\" controls=\"controls\"><source type=\"video\/youtube\" src=\"https:\/\/www.youtube.com\/watch?v=wntPN0C3IXs&#038;_=1\" \/><a href=\"https:\/\/www.youtube.com\/watch?v=wntPN0C3IXs\">https:\/\/www.youtube.com\/watch?v=wntPN0C3IXs<\/a><\/video><\/div>\n<p>[\/vc_column_text][\/vc_column][\/vc_row]<\/p>\n<\/div>","protected":false},"excerpt":{"rendered":"<p>[vc_row][vc_column][vc_column_text] IMPORTACO\u00a0WIDEO\u00a0 [\/vc_column_text][\/vc_column][\/vc_row][vc_row][vc_column][vc_column_text] [\/vc_column_text][\/vc_column][\/vc_row]<\/p>\n","protected":false},"author":1,"featured_media":0,"parent":5058,"menu_order":0,"comment_status":"closed","ping_status":"closed","template":"","meta":{"_acf_changed":false,"content-type":"","footnotes":"","_links_to":"","_links_to_target":""},"class_list":["post-5055","page","type-page","status-publish","hentry"],"acf":[],"yoast_head":"<!-- This site is optimized with the Yoast SEO plugin v27.3 - https:\/\/yoast.com\/product\/yoast-seo-wordpress\/ -->\n<title>To\u017csamo\u015b\u0107 korporacyjna: prezentacja wideo | Itac Professional<\/title>\n<meta name=\"description\" content=\"Ponad 75 lat w uprawie, obr\u00f3bce i dystrybucji orzech\u00f3w gwarantuje nam. Poznaj przesz\u0142o\u015b\u0107 i tera\u017aniejszo\u015b\u0107 Itac Professional de Importaco \ud83d\udcfd\ufe0f\" \/>\n<meta name=\"robots\" content=\"index, follow, max-snippet:-1, max-image-preview:large, max-video-preview:-1\" \/>\n<link rel=\"canonical\" href=\"https:\/\/www.itac-professional.com\/pl\/firma\/importaco\/importaco-wideo\/\" \/>\n<meta property=\"og:locale\" content=\"es_ES\" \/>\n<meta property=\"og:type\" content=\"article\" \/>\n<meta property=\"og:title\" content=\"To\u017csamo\u015b\u0107 korporacyjna: prezentacja wideo | Itac Professional\" \/>\n<meta property=\"og:description\" content=\"Ponad 75 lat w uprawie, obr\u00f3bce i dystrybucji orzech\u00f3w gwarantuje nam. Poznaj przesz\u0142o\u015b\u0107 i tera\u017aniejszo\u015b\u0107 Itac Professional de Importaco \ud83d\udcfd\ufe0f\" \/>\n<meta property=\"og:url\" content=\"https:\/\/www.itac-professional.com\/pl\/firma\/importaco\/importaco-wideo\/\" \/>\n<meta property=\"og:site_name\" content=\"ITAC PROFESSIONAL\" \/>\n<meta property=\"article:publisher\" content=\"https:\/\/www.facebook.com\/itacpl\/?__tn__=%2cd%2cP-R&amp;amp%3bamp%3bamp%3beid=ARDlbBGdvN1GldNhuRmgHiU6tnbbCAl9fGzcoMdXJtpaDmSPPUWNWMZggUNgE-uhlBECVQWwd8uysOwe\" \/>\n<meta property=\"article:modified_time\" content=\"2019-10-28T16:20:13+00:00\" \/>\n<meta name=\"twitter:card\" content=\"summary_large_image\" \/>\n<script type=\"application\/ld+json\" class=\"yoast-schema-graph\">{\"@context\":\"https:\\\/\\\/schema.org\",\"@graph\":[{\"@type\":\"WebPage\",\"@id\":\"https:\\\/\\\/www.itac-professional.com\\\/pl\\\/firma\\\/importaco\\\/importaco-wideo\\\/\",\"url\":\"https:\\\/\\\/www.itac-professional.com\\\/pl\\\/firma\\\/importaco\\\/importaco-wideo\\\/\",\"name\":\"To\u017csamo\u015b\u0107 korporacyjna: prezentacja wideo | Itac Professional\",\"isPartOf\":{\"@id\":\"https:\\\/\\\/www.itac-professional.com\\\/pl\\\/#website\"},\"datePublished\":\"2018-10-09T13:30:52+00:00\",\"dateModified\":\"2019-10-28T16:20:13+00:00\",\"description\":\"Ponad 75 lat w uprawie, obr\u00f3bce i dystrybucji orzech\u00f3w gwarantuje nam. Poznaj przesz\u0142o\u015b\u0107 i tera\u017aniejszo\u015b\u0107 Itac Professional de Importaco \ud83d\udcfd\ufe0f\",\"breadcrumb\":{\"@id\":\"https:\\\/\\\/www.itac-professional.com\\\/pl\\\/firma\\\/importaco\\\/importaco-wideo\\\/#breadcrumb\"},\"inLanguage\":\"es\",\"potentialAction\":[{\"@type\":\"ReadAction\",\"target\":[\"https:\\\/\\\/www.itac-professional.com\\\/pl\\\/firma\\\/importaco\\\/importaco-wideo\\\/\"]}]},{\"@type\":\"BreadcrumbList\",\"@id\":\"https:\\\/\\\/www.itac-professional.com\\\/pl\\\/firma\\\/importaco\\\/importaco-wideo\\\/#breadcrumb\",\"itemListElement\":[{\"@type\":\"ListItem\",\"position\":1,\"name\":\"Inicio\",\"item\":\"https:\\\/\\\/www.itac-professional.com\\\/pl\\\/\"},{\"@type\":\"ListItem\",\"position\":2,\"name\":\"Firma\",\"item\":\"https:\\\/\\\/www.itac-professional.com\\\/pl\\\/firma\\\/\"},{\"@type\":\"ListItem\",\"position\":3,\"name\":\"IMPORTACO\",\"item\":\"https:\\\/\\\/www.itac-professional.com\\\/pl\\\/firma\\\/importaco\\\/\"},{\"@type\":\"ListItem\",\"position\":4,\"name\":\"IMPORTACO WIDEO\"}]},{\"@type\":\"WebSite\",\"@id\":\"https:\\\/\\\/www.itac-professional.com\\\/pl\\\/#website\",\"url\":\"https:\\\/\\\/www.itac-professional.com\\\/pl\\\/\",\"name\":\"ITAC PROFESSIONAL\",\"description\":\"Frutos secos, frutas desecadas, snacks ...\",\"publisher\":{\"@id\":\"https:\\\/\\\/www.itac-professional.com\\\/pl\\\/#organization\"},\"potentialAction\":[{\"@type\":\"SearchAction\",\"target\":{\"@type\":\"EntryPoint\",\"urlTemplate\":\"https:\\\/\\\/www.itac-professional.com\\\/pl\\\/?s={search_term_string}\"},\"query-input\":{\"@type\":\"PropertyValueSpecification\",\"valueRequired\":true,\"valueName\":\"search_term_string\"}}],\"inLanguage\":\"es\"},{\"@type\":\"Organization\",\"@id\":\"https:\\\/\\\/www.itac-professional.com\\\/pl\\\/#organization\",\"name\":\"Itac Professional\",\"url\":\"https:\\\/\\\/www.itac-professional.com\\\/pl\\\/\",\"logo\":{\"@type\":\"ImageObject\",\"inLanguage\":\"es\",\"@id\":\"https:\\\/\\\/www.itac-professional.com\\\/pl\\\/#\\\/schema\\\/logo\\\/image\\\/\",\"url\":\"https:\\\/\\\/www.itac-professional.com\\\/wp-content\\\/uploads\\\/2018\\\/10\\\/LOGO-ITACPROF-160.png\",\"contentUrl\":\"https:\\\/\\\/www.itac-professional.com\\\/wp-content\\\/uploads\\\/2018\\\/10\\\/LOGO-ITACPROF-160.png\",\"width\":160,\"height\":80,\"caption\":\"Itac Professional\"},\"image\":{\"@id\":\"https:\\\/\\\/www.itac-professional.com\\\/pl\\\/#\\\/schema\\\/logo\\\/image\\\/\"},\"sameAs\":[\"https:\\\/\\\/www.facebook.com\\\/itacpl\\\/?__tn__=,d,P-R&amp;amp;amp;eid=ARDlbBGdvN1GldNhuRmgHiU6tnbbCAl9fGzcoMdXJtpaDmSPPUWNWMZggUNgE-uhlBECVQWwd8uysOwe\",\"https:\\\/\\\/www.linkedin.com\\\/sharing\\\/share-offsite\\\/?url=https:\\\/\\\/www.itac-professional.com\\\/retail\\\/\"]}]}<\/script>\n<!-- \/ Yoast SEO plugin. -->","yoast_head_json":{"title":"To\u017csamo\u015b\u0107 korporacyjna: prezentacja wideo | Itac Professional","description":"Ponad 75 lat w uprawie, obr\u00f3bce i dystrybucji orzech\u00f3w gwarantuje nam. Poznaj przesz\u0142o\u015b\u0107 i tera\u017aniejszo\u015b\u0107 Itac Professional de Importaco \ud83d\udcfd\ufe0f","robots":{"index":"index","follow":"follow","max-snippet":"max-snippet:-1","max-image-preview":"max-image-preview:large","max-video-preview":"max-video-preview:-1"},"canonical":"https:\/\/www.itac-professional.com\/pl\/firma\/importaco\/importaco-wideo\/","og_locale":"es_ES","og_type":"article","og_title":"To\u017csamo\u015b\u0107 korporacyjna: prezentacja wideo | Itac Professional","og_description":"Ponad 75 lat w uprawie, obr\u00f3bce i dystrybucji orzech\u00f3w gwarantuje nam. Poznaj przesz\u0142o\u015b\u0107 i tera\u017aniejszo\u015b\u0107 Itac Professional de Importaco \ud83d\udcfd\ufe0f","og_url":"https:\/\/www.itac-professional.com\/pl\/firma\/importaco\/importaco-wideo\/","og_site_name":"ITAC PROFESSIONAL","article_publisher":"https:\/\/www.facebook.com\/itacpl\/?__tn__=%2cd%2cP-R&amp%3bamp%3bamp%3beid=ARDlbBGdvN1GldNhuRmgHiU6tnbbCAl9fGzcoMdXJtpaDmSPPUWNWMZggUNgE-uhlBECVQWwd8uysOwe","article_modified_time":"2019-10-28T16:20:13+00:00","twitter_card":"summary_large_image","schema":{"@context":"https:\/\/schema.org","@graph":[{"@type":"WebPage","@id":"https:\/\/www.itac-professional.com\/pl\/firma\/importaco\/importaco-wideo\/","url":"https:\/\/www.itac-professional.com\/pl\/firma\/importaco\/importaco-wideo\/","name":"To\u017csamo\u015b\u0107 korporacyjna: prezentacja wideo | Itac Professional","isPartOf":{"@id":"https:\/\/www.itac-professional.com\/pl\/#website"},"datePublished":"2018-10-09T13:30:52+00:00","dateModified":"2019-10-28T16:20:13+00:00","description":"Ponad 75 lat w uprawie, obr\u00f3bce i dystrybucji orzech\u00f3w gwarantuje nam. Poznaj przesz\u0142o\u015b\u0107 i tera\u017aniejszo\u015b\u0107 Itac Professional de Importaco \ud83d\udcfd\ufe0f","breadcrumb":{"@id":"https:\/\/www.itac-professional.com\/pl\/firma\/importaco\/importaco-wideo\/#breadcrumb"},"inLanguage":"es","potentialAction":[{"@type":"ReadAction","target":["https:\/\/www.itac-professional.com\/pl\/firma\/importaco\/importaco-wideo\/"]}]},{"@type":"BreadcrumbList","@id":"https:\/\/www.itac-professional.com\/pl\/firma\/importaco\/importaco-wideo\/#breadcrumb","itemListElement":[{"@type":"ListItem","position":1,"name":"Inicio","item":"https:\/\/www.itac-professional.com\/pl\/"},{"@type":"ListItem","position":2,"name":"Firma","item":"https:\/\/www.itac-professional.com\/pl\/firma\/"},{"@type":"ListItem","position":3,"name":"IMPORTACO","item":"https:\/\/www.itac-professional.com\/pl\/firma\/importaco\/"},{"@type":"ListItem","position":4,"name":"IMPORTACO WIDEO"}]},{"@type":"WebSite","@id":"https:\/\/www.itac-professional.com\/pl\/#website","url":"https:\/\/www.itac-professional.com\/pl\/","name":"ITAC PROFESSIONAL","description":"Frutos secos, frutas desecadas, snacks ...","publisher":{"@id":"https:\/\/www.itac-professional.com\/pl\/#organization"},"potentialAction":[{"@type":"SearchAction","target":{"@type":"EntryPoint","urlTemplate":"https:\/\/www.itac-professional.com\/pl\/?s={search_term_string}"},"query-input":{"@type":"PropertyValueSpecification","valueRequired":true,"valueName":"search_term_string"}}],"inLanguage":"es"},{"@type":"Organization","@id":"https:\/\/www.itac-professional.com\/pl\/#organization","name":"Itac Professional","url":"https:\/\/www.itac-professional.com\/pl\/","logo":{"@type":"ImageObject","inLanguage":"es","@id":"https:\/\/www.itac-professional.com\/pl\/#\/schema\/logo\/image\/","url":"https:\/\/www.itac-professional.com\/wp-content\/uploads\/2018\/10\/LOGO-ITACPROF-160.png","contentUrl":"https:\/\/www.itac-professional.com\/wp-content\/uploads\/2018\/10\/LOGO-ITACPROF-160.png","width":160,"height":80,"caption":"Itac Professional"},"image":{"@id":"https:\/\/www.itac-professional.com\/pl\/#\/schema\/logo\/image\/"},"sameAs":["https:\/\/www.facebook.com\/itacpl\/?__tn__=,d,P-R&amp;amp;amp;eid=ARDlbBGdvN1GldNhuRmgHiU6tnbbCAl9fGzcoMdXJtpaDmSPPUWNWMZggUNgE-uhlBECVQWwd8uysOwe","https:\/\/www.linkedin.com\/sharing\/share-offsite\/?url=https:\/\/www.itac-professional.com\/retail\/"]}]}},"_links":{"self":[{"href":"https:\/\/www.itac-professional.com\/pl\/wp-json\/wp\/v2\/pages\/5055","targetHints":{"allow":["GET"]}}],"collection":[{"href":"https:\/\/www.itac-professional.com\/pl\/wp-json\/wp\/v2\/pages"}],"about":[{"href":"https:\/\/www.itac-professional.com\/pl\/wp-json\/wp\/v2\/types\/page"}],"author":[{"embeddable":true,"href":"https:\/\/www.itac-professional.com\/pl\/wp-json\/wp\/v2\/users\/1"}],"replies":[{"embeddable":true,"href":"https:\/\/www.itac-professional.com\/pl\/wp-json\/wp\/v2\/comments?post=5055"}],"version-history":[{"count":3,"href":"https:\/\/www.itac-professional.com\/pl\/wp-json\/wp\/v2\/pages\/5055\/revisions"}],"predecessor-version":[{"id":8459,"href":"https:\/\/www.itac-professional.com\/pl\/wp-json\/wp\/v2\/pages\/5055\/revisions\/8459"}],"up":[{"embeddable":true,"href":"https:\/\/www.itac-professional.com\/pl\/wp-json\/wp\/v2\/pages\/5058"}],"wp:attachment":[{"href":"https:\/\/www.itac-professional.com\/pl\/wp-json\/wp\/v2\/media?parent=5055"}],"curies":[{"name":"wp","href":"https:\/\/api.w.org\/{rel}","templated":true}]}}