{"id":5032,"date":"2019-01-15T14:06:51","date_gmt":"2019-01-15T14:06:51","guid":{"rendered":"https:\/\/itacpro.develacq.startgoconnection.es\/?page_id=5032"},"modified":"2023-06-20T17:58:19","modified_gmt":"2023-06-20T15:58:19","slug":"producenci-migdalow","status":"publish","type":"page","link":"https:\/\/www.itac-professional.com\/pl\/producenci-migdalow\/","title":{"rendered":"NASZE MIGDA\u0141Y"},"content":{"rendered":"<div class=\"wpb-content-wrapper\"><p>[vc_row gap=\u00bb30&#8243; equal_height=\u00bbyes\u00bb content_placement=\u00bbtop\u00bb css=\u00bb.vc_custom_1539875407749{margin-top: -50px !important;}\u00bb][vc_column width=\u00bb1\/3&#8243;][vc_single_image image=\u00bb7667&#8243; img_size=\u00bbfull\u00bb alignment=\u00bbcenter\u00bb][vc_column_text el_class=\u00bbiconos\u00bb]<\/p>\n<p style=\"text-align: center;\">Rzetelna hodowla i dok\u0142adna selekcja w miejscu pochodzenia.<\/p>\n<p>[\/vc_column_text][\/vc_column][vc_column width=\u00bb1\/3&#8243;][vc_single_image image=\u00bb7665&#8243; img_size=\u00bbfull\u00bb alignment=\u00bbcenter\u00bb][vc_column_text el_class=\u00bbiconos\u00bb]<\/p>\n<p style=\"text-align: center;\">Dba\u0142o\u015b\u0107 o do\u015bwiadczenie i oddanie temu, czym si\u0119 zajmujemy.<\/p>\n<p>[\/vc_column_text][\/vc_column][vc_column width=\u00bb1\/3&#8243;][vc_single_image image=\u00bb7666&#8243; img_size=\u00bbfull\u00bb alignment=\u00bbcenter\u00bb][vc_column_text el_class=\u00bbiconos\u00bb]<\/p>\n<p style=\"text-align: center;\">Oraz gwarancja oferowania klientom najlepszych produkt\u00f3w.<\/p>\n<p>[\/vc_column_text][\/vc_column][\/vc_row][vc_row][vc_column][vc_column_text css=\u00bb.vc_custom_1637656124549{padding-right: 15% !important;padding-left: 15% !important;}\u00bb]<\/p>\n<h1 style=\"text-align: center;\"><b>JESTE\u015aMY PRODUCENTEM MIGDA\u0141\u00d3W<\/b><\/h1>\n<p style=\"text-align: center;\"><b>FIRMA IMPORTACO DBA NAWET O NAJDROBNIEJSZE SZCZEG\u00d3\u0141Y PODCZAS PRZETWARZANIA MIGDA\u0141\u00d3W<\/b><\/p>\n<p>[\/vc_column_text][vc_column_text css=\u00bb.vc_custom_1637656068953{padding-right: 0px !important;padding-left: 0px !important;}\u00bb el_class=\u00bbcentrado\u00bb]<\/p>\n<p style=\"text-align: center;\"><span style=\"font-weight: 400;\">Jako <\/span><b>przetw\u00f3rca migda\u0142\u00f3w <\/b><span style=\"font-weight: 400;\">starannie dbamy o nasz produkt podczas ca\u0142ego procesu przetwarzania \u2014 od momentu zbioru produktu w miejscu uprawy oraz przetworzenia wst\u0119pnego a\u017c do jego podania w postaci ko\u0144cowego artyku\u0142u w bran\u017cowych cukierniach, piekarniach, ciastkarniach, sklepach ze s\u0142odyczami lub zagranicznych punktach sprzeda\u017cy detalicznej.<\/span><\/p>\n<p>[\/vc_column_text][\/vc_column][\/vc_row][vc_row][vc_column][vc_single_image image=\u00bb7664&#8243; img_size=\u00bbfull\u00bb alignment=\u00bbcenter\u00bb][\/vc_column][\/vc_row][vc_row][vc_column][vc_column_text]<\/p>\n<h2 style=\"text-align: center;\"><b>SZUKASZ DOSTAWCY MIGDA\u0141\u00d3W?<\/b><\/h2>\n<p>[\/vc_column_text][vc_row_inner equal_height=\u00bbyes\u00bb gap=\u00bb10&#8243;][vc_column_inner width=\u00bb1\/2&#8243;][vc_single_image image=\u00bb7673&#8243; img_size=\u00bbfull\u00bb alignment=\u00bbcenter\u00bb][\/vc_column_inner][vc_column_inner el_class=\u00bbtextosalmendras\u00bb width=\u00bb1\/2&#8243;][vc_column_text]<\/p>\n<h4 style=\"text-align: center;\">ETAP 1<\/h4>\n<h3 style=\"text-align: center;\">NA PLANTACJI<\/h3>\n<p style=\"text-align: center;\"><span style=\"font-weight: 400;\">Firma Importaco, jako <\/span><b>producent migda\u0142\u00f3w<\/b><span style=\"font-weight: 400;\">, dba o swoje produkty ju\u017c od momentu zakwitni\u0119cia<\/span>. W tym celu \u015bci\u015ble wsp\u00f3\u0142pracujemy z rolnikami, wspieraj\u0105c ich, by uzyska\u0107 surowiec o jak najlepszej jako\u015bci.<\/p>\n<p style=\"text-align: center;\"><a class=\"dt-btn-s dt-btn post-details details-type-btn\" href=\"https:\/\/www.itac-professional.com\/pl\/blog\/z-drzewa-do-fabryki-zbior-migdalow\/\" rel=\"nofollow\">WI\u0118CEJ INFORMACJI<\/a><\/p>\n<p>[\/vc_column_text][\/vc_column_inner][\/vc_row_inner][vc_row_inner][vc_column_inner el_class=\u00bbtextosalmendras\u00bb width=\u00bb1\/2&#8243;][vc_column_text]<\/p>\n<h4 style=\"text-align: center;\">ETAP 2<\/h4>\n<h3 style=\"text-align: center;\">\u0141USKANIE<\/h3>\n<p style=\"text-align: center;\">Po zebraniu produktu poddajemy go usuni\u0119ciu \u0142upin, by wydoby\u0107 z niego cenne owoce. Nast\u0119pnie, za pomoc\u0105 najbardziej zaawansowanego sprz\u0119tu przemys\u0142owego przeprowadzamy dok\u0142adn\u0105 selekcj\u0119, celem usuni\u0119cia wszelkich obecnych cia\u0142 obcych. Kolejnym krokiem jest podzia\u0142 produktu wzgl\u0119dem wielko\u015bci, by dostosowa\u0107 go do konkretnych potrzeb klient\u00f3w. Na zako\u0144czenie produkt sk\u0142adowany jest w naszych komorach ch\u0142odniczych, zapewniaj\u0105cych najwy\u017cszy poziom \u015bwie\u017co\u015bci.<\/p>\n<p style=\"text-align: center;\"><a class=\"dt-btn-s dt-btn post-details details-type-btn\" href=\"https:\/\/www.itac-professional.com\/pl\/blog\/luskanie-migdalow-przystosowanie-produktu\/\" rel=\"nofollow\">WI\u0118CEJ INFORMACJI<\/a><\/p>\n<p>[\/vc_column_text][\/vc_column_inner][vc_column_inner width=\u00bb1\/2&#8243;][vc_single_image image=\u00bb7674&#8243; img_size=\u00bbfull\u00bb alignment=\u00bbcenter\u00bb][\/vc_column_inner][\/vc_row_inner][vc_row_inner equal_height=\u00bbyes\u00bb gap=\u00bb10&#8243;][vc_column_inner width=\u00bb1\/2&#8243;][vc_single_image image=\u00bb7672&#8243; img_size=\u00bbfull\u00bb alignment=\u00bbcenter\u00bb][\/vc_column_inner][vc_column_inner el_class=\u00bbtextosalmendras\u00bb width=\u00bb1\/2&#8243;][vc_column_text]<\/p>\n<h4 style=\"text-align: center;\">ETAP 3<\/h4>\n<h3 style=\"text-align: center;\">SELEKCJA I PODZIA\u0141<\/h3>\n<p style=\"text-align: center;\">Dysponujemy sprz\u0119tem opartym na najnowszej technologii, stosowanym do przetwarzania naszych produkt\u00f3w. R\u00f3\u017cnorodno\u015b\u0107 i wydajno\u015b\u0107 proces\u00f3w pozwala zaoferowa\u0107 klientom najwy\u017cszej klasy produkt w szerokiej gamie format\u00f3w i rozmiar\u00f3w, by sprosta\u0107 wszelkim wymaganiom.<\/p>\n<p>[\/vc_column_text][\/vc_column_inner][\/vc_row_inner][vc_row_inner][vc_column_inner el_class=\u00bbtextosalmendras\u00bb width=\u00bb1\/2&#8243;][vc_column_text]<\/p>\n<h4 style=\"text-align: center;\">ETAP 4<\/h4>\n<h3 style=\"text-align: center;\">PAKOWANIE<\/h3>\n<p style=\"text-align: center;\">Gotowy produkt jest pakowany, zgodnie z wymaganiami ustalonymi przez klient\u00f3w. Opakowania detaliczne, pud\u0142a kartonowe najwy\u017cszej jako\u015bci, opakowania pr\u00f3\u017cniowe, worki z rafii oraz typu big bags stanowi\u0105 nasze standardowe pozycje. Dzi\u0119ki naszej technologii pakowania zapewniamy najwy\u017cszy stopie\u0144 bezpiecze\u0144stwa, wydajno\u015b\u0107 logistyczn\u0105 oraz operacyjn\u0105.<\/p>\n<p>[\/vc_column_text][\/vc_column_inner][vc_column_inner width=\u00bb1\/2&#8243;][vc_single_image image=\u00bb7670&#8243; img_size=\u00bbfull\u00bb alignment=\u00bbcenter\u00bb][\/vc_column_inner][\/vc_row_inner][vc_row_inner equal_height=\u00bbyes\u00bb gap=\u00bb10&#8243;][vc_column_inner width=\u00bb1\/2&#8243;][vc_single_image image=\u00bb7672&#8243; img_size=\u00bbfull\u00bb alignment=\u00bbcenter\u00bb][\/vc_column_inner][vc_column_inner el_class=\u00bbtextosalmendras\u00bb width=\u00bb1\/2&#8243;][vc_column_text]<\/p>\n<h4 style=\"text-align: center;\">ETAP 5<\/h4>\n<h3 style=\"text-align: center;\">BEZPIECZE\u0143STWO SPO\u017bYWCZE<\/h3>\n<p style=\"text-align: center;\">Przeprowadzamy dok\u0142adne kontrole wst\u0119pne przed zakupem surowca, podczas jego odbioru, pomi\u0119dzy etapami procesu oraz przed wysy\u0142k\u0105 gotowego produktu.<\/p>\n<p style=\"text-align: center;\">Dzi\u0119ki nim zapewniamy maksymaln\u0105 gwarancj\u0119 wszystkim produktom.<\/p>\n<p style=\"text-align: center;\">Nasz priorytet to jako\u015b\u0107 od\u017cywcza, higieniczno-sanitarna i technologiczna. <span style=\"font-weight: 400;\">Pozwala nam ona cieszy\u0107 si\u0119, jako <\/span><b>przetw\u00f3rca migda\u0142\u00f3w<\/b><span style=\"font-weight: 400;\">, wieloma certyfikatami bezpiecze\u0144stwa spo\u017cywczego.<\/span><\/p>\n<p>[\/vc_column_text][\/vc_column_inner][\/vc_row_inner][\/vc_column][\/vc_row][vc_row disable_element=\u00bbyes\u00bb][vc_column][vc_column_text]<\/p>\n<h2 style=\"text-align: center;\">CONTENIDO RELACIONADO:<\/h2>\n<p>[\/vc_column_text][vc_row_inner equal_height=\u00bbyes\u00bb content_placement=\u00bbmiddle\u00bb css=\u00bb.vc_custom_1538662291152{margin-bottom: -35px !important;}\u00bb][vc_column_inner width=\u00bb1\/6&#8243;][vc_single_image image=\u00bb7679&#8243; img_size=\u00bbfull\u00bb alignment=\u00bbcenter\u00bb][\/vc_column_inner][vc_column_inner width=\u00bb4\/6&#8243; css=\u00bb.vc_custom_1538662570131{padding-right: 30px !important;padding-left: 30px !important;}\u00bb][vc_column_text]\u00a0\u00a0\u00a0\u00a0\u00a0\u00a0\u00a0\u00a0\u00a0\u00a0\u00a0\u00a0\u00a0\u00a0\u00a0ipsum dolor sit amet, consectetur adipiscing elit. Duis varius mi id tempor sagittis. Mauris condimentum tellus libero. Nullam vehicula, dui sit amet luctus&#8230;[\/vc_column_text][\/vc_column_inner][vc_column_inner width=\u00bb1\/6&#8243;][vc_single_image image=\u00bb7680&#8243; img_size=\u00bbfull\u00bb alignment=\u00bbcenter\u00bb][\/vc_column_inner][\/vc_row_inner][vc_separator][\/vc_column][\/vc_row][vc_row disable_element=\u00bbyes\u00bb][vc_column][vc_row_inner equal_height=\u00bbyes\u00bb content_placement=\u00bbmiddle\u00bb css=\u00bb.vc_custom_1538662291152{margin-bottom: -35px !important;}\u00bb][vc_column_inner width=\u00bb1\/6&#8243;][vc_single_image image=\u00bb7678&#8243; img_size=\u00bbfull\u00bb alignment=\u00bbcenter\u00bb][\/vc_column_inner][vc_column_inner width=\u00bb4\/6&#8243; css=\u00bb.vc_custom_1538662570131{padding-right: 30px !important;padding-left: 30px !important;}\u00bb][vc_column_text]\u00a0\u00a0\u00a0\u00a0\u00a0\u00a0\u00a0\u00a0\u00a0\u00a0\u00a0\u00a0\u00a0\u00a0\u00a0ipsum dolor sit amet, consectetur adipiscing elit. Duis varius mi id tempor sagittis. Mauris condimentum tellus libero. Nullam vehicula, dui sit amet luctus&#8230;[\/vc_column_text][\/vc_column_inner][vc_column_inner width=\u00bb1\/6&#8243;][vc_single_image image=\u00bb7680&#8243; img_size=\u00bbfull\u00bb alignment=\u00bbcenter\u00bb][\/vc_column_inner][\/vc_row_inner][vc_separator][\/vc_column][\/vc_row][vc_row disable_element=\u00bbyes\u00bb][vc_column][vc_row_inner equal_height=\u00bbyes\u00bb content_placement=\u00bbmiddle\u00bb css=\u00bb.vc_custom_1538662291152{margin-bottom: -35px !important;}\u00bb][vc_column_inner width=\u00bb1\/6&#8243;][vc_single_image image=\u00bb7677&#8243; img_size=\u00bbfull\u00bb alignment=\u00bbcenter\u00bb][\/vc_column_inner][vc_column_inner width=\u00bb4\/6&#8243; css=\u00bb.vc_custom_1538662570131{padding-right: 30px !important;padding-left: 30px !important;}\u00bb][vc_column_text]\u00a0\u00a0\u00a0\u00a0\u00a0\u00a0\u00a0\u00a0\u00a0\u00a0\u00a0\u00a0\u00a0\u00a0\u00a0ipsum dolor sit amet, consectetur adipiscing elit. Duis varius mi id tempor sagittis. Mauris condimentum tellus libero. Nullam vehicula, dui sit amet luctus&#8230;[\/vc_column_text][\/vc_column_inner][vc_column_inner width=\u00bb1\/6&#8243;][vc_single_image image=\u00bb7680&#8243; img_size=\u00bbfull\u00bb alignment=\u00bbcenter\u00bb][\/vc_column_inner][\/vc_row_inner][vc_separator][\/vc_column][\/vc_row]<\/p>\n<\/div>","protected":false},"excerpt":{"rendered":"<p>[vc_row gap=\u00bb30&#8243; equal_height=\u00bbyes\u00bb content_placement=\u00bbtop\u00bb css=\u00bb.vc_custom_1539875407749{margin-top: -50px !important;}\u00bb][vc_column width=\u00bb1\/3&#8243;][vc_single_image image=\u00bb7667&#8243; img_size=\u00bbfull\u00bb alignment=\u00bbcenter\u00bb][vc_column_text el_class=\u00bbiconos\u00bb] Rzetelna hodowla i dok\u0142adna selekcja w miejscu pochodzenia. [\/vc_column_text][\/vc_column][vc_column width=\u00bb1\/3&#8243;][vc_single_image image=\u00bb7665&#8243; img_size=\u00bbfull\u00bb alignment=\u00bbcenter\u00bb][vc_column_text el_class=\u00bbiconos\u00bb] Dba\u0142o\u015b\u0107 o do\u015bwiadczenie i oddanie temu, czym si\u0119 zajmujemy. [\/vc_column_text][\/vc_column][vc_column width=\u00bb1\/3&#8243;][vc_single_image image=\u00bb7666&#8243; img_size=\u00bbfull\u00bb alignment=\u00bbcenter\u00bb][vc_column_text el_class=\u00bbiconos\u00bb] Oraz gwarancja oferowania klientom najlepszych produkt\u00f3w. [\/vc_column_text][\/vc_column][\/vc_row][vc_row][vc_column][vc_column_text css=\u00bb.vc_custom_1637656124549{padding-right: 15% !important;padding-left: 15% !important;}\u00bb] JESTE\u015aMY PRODUCENTEM&hellip;<\/p>\n","protected":false},"author":1,"featured_media":0,"parent":0,"menu_order":0,"comment_status":"closed","ping_status":"closed","template":"","meta":{"_acf_changed":false,"content-type":"","footnotes":"","_links_to":"","_links_to_target":""},"class_list":["post-5032","page","type-page","status-publish","hentry"],"acf":[],"yoast_head":"<!-- This site is optimized with the Yoast SEO plugin v27.3 - https:\/\/yoast.com\/product\/yoast-seo-wordpress\/ -->\n<title>\u3010Producenci migda\u0142\u00f3w | dostawcy migda\u0142\u00f3w\u3011| Itac Professional<\/title>\n<meta name=\"description\" content=\"Jako producent migda\u0142\u00f3w od 70 lat dbamy o nasz produkt. Skontaktuj si\u0119 z nami, aby uzyska\u0107 wi\u0119cej informacji. \u2934\ufe0f\" \/>\n<meta name=\"robots\" content=\"index, follow, max-snippet:-1, max-image-preview:large, max-video-preview:-1\" \/>\n<link rel=\"canonical\" href=\"https:\/\/www.itac-professional.com\/pl\/producenci-migdalow\/\" \/>\n<meta property=\"og:locale\" content=\"es_ES\" \/>\n<meta property=\"og:type\" content=\"article\" \/>\n<meta property=\"og:title\" content=\"\u3010Producenci migda\u0142\u00f3w | dostawcy migda\u0142\u00f3w\u3011| Itac Professional\" \/>\n<meta property=\"og:description\" content=\"Jako producent migda\u0142\u00f3w od 70 lat dbamy o nasz produkt. Skontaktuj si\u0119 z nami, aby uzyska\u0107 wi\u0119cej informacji. \u2934\ufe0f\" \/>\n<meta property=\"og:url\" content=\"https:\/\/www.itac-professional.com\/pl\/producenci-migdalow\/\" \/>\n<meta property=\"og:site_name\" content=\"ITAC PROFESSIONAL\" \/>\n<meta property=\"article:publisher\" content=\"https:\/\/www.facebook.com\/itacpl\/?__tn__=%2cd%2cP-R&amp;amp%3bamp%3bamp%3beid=ARDlbBGdvN1GldNhuRmgHiU6tnbbCAl9fGzcoMdXJtpaDmSPPUWNWMZggUNgE-uhlBECVQWwd8uysOwe\" \/>\n<meta property=\"article:modified_time\" content=\"2023-06-20T15:58:19+00:00\" \/>\n<meta name=\"twitter:card\" content=\"summary_large_image\" \/>\n<meta name=\"twitter:label1\" content=\"Tiempo de lectura\" \/>\n\t<meta name=\"twitter:data1\" content=\"3 minutos\" \/>\n<script type=\"application\/ld+json\" class=\"yoast-schema-graph\">{\"@context\":\"https:\\\/\\\/schema.org\",\"@graph\":[{\"@type\":\"WebPage\",\"@id\":\"https:\\\/\\\/www.itac-professional.com\\\/pl\\\/producenci-migdalow\\\/\",\"url\":\"https:\\\/\\\/www.itac-professional.com\\\/pl\\\/producenci-migdalow\\\/\",\"name\":\"\u3010Producenci migda\u0142\u00f3w | dostawcy migda\u0142\u00f3w\u3011| Itac Professional\",\"isPartOf\":{\"@id\":\"https:\\\/\\\/www.itac-professional.com\\\/pl\\\/#website\"},\"datePublished\":\"2019-01-15T14:06:51+00:00\",\"dateModified\":\"2023-06-20T15:58:19+00:00\",\"description\":\"Jako producent migda\u0142\u00f3w od 70 lat dbamy o nasz produkt. Skontaktuj si\u0119 z nami, aby uzyska\u0107 wi\u0119cej informacji. \u2934\ufe0f\",\"breadcrumb\":{\"@id\":\"https:\\\/\\\/www.itac-professional.com\\\/pl\\\/producenci-migdalow\\\/#breadcrumb\"},\"inLanguage\":\"es\",\"potentialAction\":[{\"@type\":\"ReadAction\",\"target\":[\"https:\\\/\\\/www.itac-professional.com\\\/pl\\\/producenci-migdalow\\\/\"]}]},{\"@type\":\"BreadcrumbList\",\"@id\":\"https:\\\/\\\/www.itac-professional.com\\\/pl\\\/producenci-migdalow\\\/#breadcrumb\",\"itemListElement\":[{\"@type\":\"ListItem\",\"position\":1,\"name\":\"Inicio\",\"item\":\"https:\\\/\\\/www.itac-professional.com\\\/pl\\\/\"},{\"@type\":\"ListItem\",\"position\":2,\"name\":\"NASZE MIGDA\u0141Y\"}]},{\"@type\":\"WebSite\",\"@id\":\"https:\\\/\\\/www.itac-professional.com\\\/pl\\\/#website\",\"url\":\"https:\\\/\\\/www.itac-professional.com\\\/pl\\\/\",\"name\":\"ITAC PROFESSIONAL\",\"description\":\"Frutos secos, frutas desecadas, snacks ...\",\"publisher\":{\"@id\":\"https:\\\/\\\/www.itac-professional.com\\\/pl\\\/#organization\"},\"potentialAction\":[{\"@type\":\"SearchAction\",\"target\":{\"@type\":\"EntryPoint\",\"urlTemplate\":\"https:\\\/\\\/www.itac-professional.com\\\/pl\\\/?s={search_term_string}\"},\"query-input\":{\"@type\":\"PropertyValueSpecification\",\"valueRequired\":true,\"valueName\":\"search_term_string\"}}],\"inLanguage\":\"es\"},{\"@type\":\"Organization\",\"@id\":\"https:\\\/\\\/www.itac-professional.com\\\/pl\\\/#organization\",\"name\":\"Itac Professional\",\"url\":\"https:\\\/\\\/www.itac-professional.com\\\/pl\\\/\",\"logo\":{\"@type\":\"ImageObject\",\"inLanguage\":\"es\",\"@id\":\"https:\\\/\\\/www.itac-professional.com\\\/pl\\\/#\\\/schema\\\/logo\\\/image\\\/\",\"url\":\"https:\\\/\\\/www.itac-professional.com\\\/wp-content\\\/uploads\\\/2018\\\/10\\\/LOGO-ITACPROF-160.png\",\"contentUrl\":\"https:\\\/\\\/www.itac-professional.com\\\/wp-content\\\/uploads\\\/2018\\\/10\\\/LOGO-ITACPROF-160.png\",\"width\":160,\"height\":80,\"caption\":\"Itac Professional\"},\"image\":{\"@id\":\"https:\\\/\\\/www.itac-professional.com\\\/pl\\\/#\\\/schema\\\/logo\\\/image\\\/\"},\"sameAs\":[\"https:\\\/\\\/www.facebook.com\\\/itacpl\\\/?__tn__=,d,P-R&amp;amp;amp;eid=ARDlbBGdvN1GldNhuRmgHiU6tnbbCAl9fGzcoMdXJtpaDmSPPUWNWMZggUNgE-uhlBECVQWwd8uysOwe\",\"https:\\\/\\\/www.linkedin.com\\\/sharing\\\/share-offsite\\\/?url=https:\\\/\\\/www.itac-professional.com\\\/retail\\\/\"]}]}<\/script>\n<!-- \/ Yoast SEO plugin. -->","yoast_head_json":{"title":"\u3010Producenci migda\u0142\u00f3w | dostawcy migda\u0142\u00f3w\u3011| Itac Professional","description":"Jako producent migda\u0142\u00f3w od 70 lat dbamy o nasz produkt. Skontaktuj si\u0119 z nami, aby uzyska\u0107 wi\u0119cej informacji. \u2934\ufe0f","robots":{"index":"index","follow":"follow","max-snippet":"max-snippet:-1","max-image-preview":"max-image-preview:large","max-video-preview":"max-video-preview:-1"},"canonical":"https:\/\/www.itac-professional.com\/pl\/producenci-migdalow\/","og_locale":"es_ES","og_type":"article","og_title":"\u3010Producenci migda\u0142\u00f3w | dostawcy migda\u0142\u00f3w\u3011| Itac Professional","og_description":"Jako producent migda\u0142\u00f3w od 70 lat dbamy o nasz produkt. Skontaktuj si\u0119 z nami, aby uzyska\u0107 wi\u0119cej informacji. \u2934\ufe0f","og_url":"https:\/\/www.itac-professional.com\/pl\/producenci-migdalow\/","og_site_name":"ITAC PROFESSIONAL","article_publisher":"https:\/\/www.facebook.com\/itacpl\/?__tn__=%2cd%2cP-R&amp%3bamp%3bamp%3beid=ARDlbBGdvN1GldNhuRmgHiU6tnbbCAl9fGzcoMdXJtpaDmSPPUWNWMZggUNgE-uhlBECVQWwd8uysOwe","article_modified_time":"2023-06-20T15:58:19+00:00","twitter_card":"summary_large_image","twitter_misc":{"Tiempo de lectura":"3 minutos"},"schema":{"@context":"https:\/\/schema.org","@graph":[{"@type":"WebPage","@id":"https:\/\/www.itac-professional.com\/pl\/producenci-migdalow\/","url":"https:\/\/www.itac-professional.com\/pl\/producenci-migdalow\/","name":"\u3010Producenci migda\u0142\u00f3w | dostawcy migda\u0142\u00f3w\u3011| Itac Professional","isPartOf":{"@id":"https:\/\/www.itac-professional.com\/pl\/#website"},"datePublished":"2019-01-15T14:06:51+00:00","dateModified":"2023-06-20T15:58:19+00:00","description":"Jako producent migda\u0142\u00f3w od 70 lat dbamy o nasz produkt. Skontaktuj si\u0119 z nami, aby uzyska\u0107 wi\u0119cej informacji. \u2934\ufe0f","breadcrumb":{"@id":"https:\/\/www.itac-professional.com\/pl\/producenci-migdalow\/#breadcrumb"},"inLanguage":"es","potentialAction":[{"@type":"ReadAction","target":["https:\/\/www.itac-professional.com\/pl\/producenci-migdalow\/"]}]},{"@type":"BreadcrumbList","@id":"https:\/\/www.itac-professional.com\/pl\/producenci-migdalow\/#breadcrumb","itemListElement":[{"@type":"ListItem","position":1,"name":"Inicio","item":"https:\/\/www.itac-professional.com\/pl\/"},{"@type":"ListItem","position":2,"name":"NASZE MIGDA\u0141Y"}]},{"@type":"WebSite","@id":"https:\/\/www.itac-professional.com\/pl\/#website","url":"https:\/\/www.itac-professional.com\/pl\/","name":"ITAC PROFESSIONAL","description":"Frutos secos, frutas desecadas, snacks ...","publisher":{"@id":"https:\/\/www.itac-professional.com\/pl\/#organization"},"potentialAction":[{"@type":"SearchAction","target":{"@type":"EntryPoint","urlTemplate":"https:\/\/www.itac-professional.com\/pl\/?s={search_term_string}"},"query-input":{"@type":"PropertyValueSpecification","valueRequired":true,"valueName":"search_term_string"}}],"inLanguage":"es"},{"@type":"Organization","@id":"https:\/\/www.itac-professional.com\/pl\/#organization","name":"Itac Professional","url":"https:\/\/www.itac-professional.com\/pl\/","logo":{"@type":"ImageObject","inLanguage":"es","@id":"https:\/\/www.itac-professional.com\/pl\/#\/schema\/logo\/image\/","url":"https:\/\/www.itac-professional.com\/wp-content\/uploads\/2018\/10\/LOGO-ITACPROF-160.png","contentUrl":"https:\/\/www.itac-professional.com\/wp-content\/uploads\/2018\/10\/LOGO-ITACPROF-160.png","width":160,"height":80,"caption":"Itac Professional"},"image":{"@id":"https:\/\/www.itac-professional.com\/pl\/#\/schema\/logo\/image\/"},"sameAs":["https:\/\/www.facebook.com\/itacpl\/?__tn__=,d,P-R&amp;amp;amp;eid=ARDlbBGdvN1GldNhuRmgHiU6tnbbCAl9fGzcoMdXJtpaDmSPPUWNWMZggUNgE-uhlBECVQWwd8uysOwe","https:\/\/www.linkedin.com\/sharing\/share-offsite\/?url=https:\/\/www.itac-professional.com\/retail\/"]}]}},"_links":{"self":[{"href":"https:\/\/www.itac-professional.com\/pl\/wp-json\/wp\/v2\/pages\/5032","targetHints":{"allow":["GET"]}}],"collection":[{"href":"https:\/\/www.itac-professional.com\/pl\/wp-json\/wp\/v2\/pages"}],"about":[{"href":"https:\/\/www.itac-professional.com\/pl\/wp-json\/wp\/v2\/types\/page"}],"author":[{"embeddable":true,"href":"https:\/\/www.itac-professional.com\/pl\/wp-json\/wp\/v2\/users\/1"}],"replies":[{"embeddable":true,"href":"https:\/\/www.itac-professional.com\/pl\/wp-json\/wp\/v2\/comments?post=5032"}],"version-history":[{"count":9,"href":"https:\/\/www.itac-professional.com\/pl\/wp-json\/wp\/v2\/pages\/5032\/revisions"}],"predecessor-version":[{"id":18102,"href":"https:\/\/www.itac-professional.com\/pl\/wp-json\/wp\/v2\/pages\/5032\/revisions\/18102"}],"wp:attachment":[{"href":"https:\/\/www.itac-professional.com\/pl\/wp-json\/wp\/v2\/media?parent=5032"}],"curies":[{"name":"wp","href":"https:\/\/api.w.org\/{rel}","templated":true}]}}