{"id":5030,"date":"2019-01-15T14:05:07","date_gmt":"2019-01-15T14:05:07","guid":{"rendered":"https:\/\/itacpro.develacq.startgoconnection.es\/?page_id=5030"},"modified":"2023-08-08T10:03:03","modified_gmt":"2023-08-08T08:03:03","slug":"ostrzezenie-prawne","status":"publish","type":"page","link":"https:\/\/www.itac-professional.com\/pl\/ostrzezenie-prawne\/","title":{"rendered":"OSTRZE\u017bENIE PRAWNE"},"content":{"rendered":"<h1>OSTRZE\u017bENIE PRAWNE<\/h1>\n<p>www.itac-professional.com\/pl<\/p>\n<h3>Dane identyfikacyjne<\/h3>\n<p>Zgodnie z obowi\u0105zkiem informacji przewidzianym w art. 10 Ustawy nr 34\/2002 z dnia 11 lipca o Us\u0142ugach zinformatyzowanego spo\u0142ecze\u0144stwa i handlu Elektronicznym, firma IMPORTACO, S.A., w charakterze posiadacza strony internetowej www.itac-professional.com, wskazuje nast\u0119puj\u0105ce dane identyfikacyjne:<\/p>\n<ul>\n<li>Nazwa sp\u00f3\u0142ki: IMPORTACO, S.A.<\/li>\n<li>Adres: Carretera Real de Madrid Norte, 81; 46469 Beniparrell (Walencja)<\/li>\n<li>NIP: A46415337<\/li>\n<li>Telefon: +34 96 122 30 00<\/li>\n<li>E-mail: info@itac-professional.com<\/li>\n<li>Dane figuruj\u0105ce w Rejestrze Handlowym Walencji: sp\u00f3\u0142ka wpisana do Rejestru Handlowego Walencji, tom 3369 og\u00f3lny, nr 682 rozdzia\u0142u Informacje Og\u00f3lne Ksi\u0119gi Sp\u00f3\u0142ek, folia\u0142 117, karta V-9510.<\/li>\n<\/ul>\n<p>Niniejsze informacje stanowi\u0105 i reguluj\u0105 warunki u\u017cytkowania, ograniczenia odpowiedzialno\u015bci oraz obowi\u0105zki, kt\u00f3re u\u017cytkownicy strony www.itac-professional.com\/pl (nazywanej w dalszej cz\u0119\u015bci \u201estron\u0105 internetow\u0105\u201d) przyjmuj\u0105 do wiadomo\u015bci i zobowi\u0105zuj\u0105 si\u0119 przestrzega\u0107.<\/p>\n<p>Niniejsze Ostrze\u017cenie Prawne uzupe\u0142nione jest (i) Polityk\u0105 prywatno\u015bci oraz; (ii) Polityk\u0105 wykorzystywania plik\u00f3w cookies.<\/p>\n<h3>Warunki u\u017cytkowania<\/h3>\n<p>Dost\u0119p i\/lub u\u017cytkowanie niniejszej strony internetowej czyni z Pa\u0144stwa u\u017cytkownik\u00f3w, kt\u00f3rzy wyra\u017caj\u0105 zgod\u0119 od momentu wej\u015bcia na stron\u0119 i rozpocz\u0119cia jej u\u017cytkowania na warunki u\u017cytkowania oraz wszystkie klauzule i warunki zawarte w niniejszym Ostrze\u017ceniu Prawnym, bez wyj\u0105tku.<\/p>\n<p>U\u017cytkownik zobowi\u0105zuje si\u0119 do poprawnego u\u017cytkowania strony internetowej w dobrej wierze, zgodnie z zasadami etyki i przepisami obowi\u0105zuj\u0105cymi w konkretnym momencie, odpowiadaj\u0105c za wszelkie uszczerbki i szkody powsta\u0142e w wyniku nieprzestrzegania powy\u017cszych zobowi\u0105za\u0144. W szczeg\u00f3lno\u015bci zabrania si\u0119:<\/p>\n<ol>\n<li>Rozpowszechniania tre\u015bci nielegalnych, szkodliwych, uw\u0142aczaj\u0105cych, agresywnych lub niemoralnych, niezgodnych z prawem lub godz\u0105cych w porz\u0105dek publiczny.<\/li>\n<li>Wprowadzania wirus\u00f3w informatycznych lub wszelkiego innego rodzaju szkodliwych kod\u00f3w, kt\u00f3re mog\u0142yby uszkodzi\u0107 lub dokona\u0107 ingerencji w dokumentach elektronicznych, danych lub systemach rzeczywistych i logicznych, a tak\u017ce utrudni\u0107 dost\u0119p innym u\u017cytkownikom poprzez masowe wykorzystywanie przepustowo\u015bci \u0142\u0105cza.<\/li>\n<li>Pr\u00f3b dost\u0119pu do kont elektronicznych innych u\u017cytkownik\u00f3w, do zastrze\u017conych lokalizacji oraz do strze\u017conych i klasyfikowanych informacji na temat innych u\u017cytkownik\u00f3w lub firmy IMPORTACO, S.A.<\/li>\n<li>Wykorzystywania to\u017csamo\u015bci innych u\u017cytkownik\u00f3w.<\/li>\n<li>Nieupowa\u017cnione korzystanie z tre\u015bci zamieszczonych na stronie www.itac-professional.com\/pl marki, nazwy handlowej, znaku wyr\u00f3\u017cniaj\u0105cego lub nazwy dominium ITAC PROFESSIONAL oraz innych dostawc\u00f3w produkt\u00f3w i us\u0142ug pojawiaj\u0105cych si\u0119 na stronie internetowej.<\/li>\n<\/ol>\n<h3>W\u0142asno\u015b\u0107 intelektualna i handlowa<\/h3>\n<p>Niniejsze strona internetowa zawiera produkty, informacje i dane (nazywane w dalszej cz\u0119\u015bci \u201etre\u015bci\u0105\u201d), kt\u00f3re stanowi\u0105 w\u0142asno\u015b\u0107 IMPORTACO, S.A.<\/p>\n<p>Firma IMPORTACO, S.A. jest posiadaczem wszystkich praw do w\u0142asno\u015bci intelektualnej i przemys\u0142owej swojej strony internetowej, a tak\u017ce element\u00f3w na niej zawartej (m. in., ale nie wy\u0142\u0105cznie: obrazy, d\u017awi\u0119k, audio, wideo, oprogramowanie lub teksty, marki lub logotypy, kombinacje kolorystyczne, konstrukcja i projekt, wyb\u00f3r zastosowanych materia\u0142\u00f3w, programy komputerowe konieczne do dzia\u0142ania strony, dost\u0119pu i u\u017cytkowania itd.), stanowi\u0105cych dzie\u0142o w\u0142asno\u015bci IMPORTACO, S.A. lub, do kt\u00f3rego firma zosta\u0142a odpowiednio upowa\u017cniona.<\/p>\n<p>Prawa eksploatacji do powy\u017cszych element\u00f3w nie mog\u0105 by\u0107 uznane za przeniesione na u\u017cytkownika, za wyj\u0105tkiem prawa u\u017cytkowania samej strony internetowej. Surowo zabrania si\u0119 kopiowania, przekszta\u0142cania, rozpowszechniania, przekazywania publicznego oraz cesji opublikowanych tre\u015bci podmiotom trzecim oraz wszelkiego innego rodzaju ich wykorzystywania bez uprzedniej zgody firmy IMPORTACO, S.A. wyra\u017conej na pi\u015bmie.<\/p>\n<p>Wszelki rodzaj nieupowa\u017cnionego przez firm\u0119 IMPORTACO, S.A. u\u017cytkowania uznany zostanie za powa\u017cne naruszenie prawa do w\u0142asno\u015bci intelektualnej lub przemys\u0142owej autora.<br \/>\nWszystkie marki, nazwy handlowe lub znaki wyr\u00f3\u017cniaj\u0105ce dowolnego rodzaju zawarte na niniejszej stronie internetowej stanowi\u0105 w\u0142asno\u015b\u0107 firmy IMPORTACO, S.A. lub, w odpowiednich przypadkach, podmiot\u00f3w trzecich, kt\u00f3re udzieli\u0142y zgody na ich wykorzystywanie. W \u017cadnym wypadku u\u017cytkowanie lub dost\u0119p do strony internetowej i\/lub tre\u015bci nie mo\u017ce by\u0107 rozumiany jako przekazanie u\u017cytkownikowi prawa do wspomnianych marek, nazw handlowych i\/lub znak\u00f3w wyr\u00f3\u017cniaj\u0105cych. Nie oznacza to tak\u017ce cesji na rzecz u\u017cytkownika \u017cadnego z praw eksploatacyjnych istniej\u0105cych lub mog\u0105cych zaistnie\u0107 w stosunku do owych tre\u015bci.<\/p>\n<p>Zgodnie z powy\u017cszym, u\u017cytkownik nie mo\u017ce:<\/p>\n<ul>\n<li>Powiela\u0107, kopiowa\u0107, rozpowszechnia\u0107, przekazywa\u0107, ani komunikowa\u0107 w \u017caden inny spos\u00f3b do informacji publicznej, przekszta\u0142ca\u0107, ani modyfikowa\u0107 tre\u015bci, chyba \u017ce posiada\u0107 b\u0119dzie jednoznaczn\u0105 zgod\u0119 wyra\u017con\u0105 na pi\u015bmie przez firm\u0119 IMPORTACO, S.A., kt\u00f3ra jest posiadaczem odpowiednich praw, lub b\u0119dzie to prawnie dozwolone.<\/li>\n<li>Usuwa\u0107, manipulowa\u0107, ani w \u017caden inny spos\u00f3b wp\u0142ywa\u0107 na prawa autorskie i pozosta\u0142e dane identyfikacyjne zwi\u0105zane z zastrze\u017ceniem praw na rzecz firmy IMPORTACO, S.A. lub odpowiednich posiadaczy, na odciski i\/lub identyfikatory cyfrowe, a tak\u017ce wszelkie inne \u015brodki techniczne podj\u0119te w celu ich rozpoznawania.<\/li>\n<\/ul>\n<p>Nieupowa\u017cnione u\u017cytkowanie informacji zawartych na niniejszej stronie internetowej oraz naruszenie praw w\u0142asno\u015bci intelektualnej lub przemys\u0142owej przys\u0142uguj\u0105cych firmie IMPORTACO, S.A. lub podmiotom trzecim obecnym na stronie, kt\u00f3re udost\u0119pni\u0142y tre\u015bci, skutkowa\u0107 b\u0119dzie odpowiedzialno\u015bci\u0105 prawn\u0105 przewidzian\u0105 w przepisach.<\/p>\n<h3>Polityka prywatno\u015bci<\/h3>\n<p>Firma IMPORTACO, S.A. wdro\u017cy\u0142a polityk\u0119 przetwarzania danych osobowych skierowan\u0105 na zagwarantowanie maksymalnego bezpiecze\u0144stwa ich zbierania i u\u017cytkowania, zgodnie z obowi\u0105zuj\u0105cymi przepisami w zakresie dost\u0119pnym u\u017cytkownikom pod nast\u0119puj\u0105cym linkiem: \u201ePolityka prywatno\u015bci\u201d.<\/p>\n<h3>Formularze danych<\/h3>\n<p>W formularzach danych pola oznaczone jako \u201ewymagane\u201d s\u0105 obowi\u0105zkowe. Je\u015bli u\u017cytkownik nie udost\u0119pni odpowiednich danych, firma IMPORTACO, S.A. b\u0119dzie upowa\u017cniona do odrzucenia wniosku.<\/p>\n<p>Wszelkie informacje udost\u0119pniane przez u\u017cytkownik\u00f3w za po\u015brednictwem formularzy obecnych na niniejszej stronie internetowej powinny by\u0107 prawdziwe. Z uwagi na powy\u017csze u\u017cytkownicy gwarantuj\u0105 prawdziwo\u015b\u0107 wszystkich danych, kt\u00f3re przekazuj\u0105 firmie i zobowi\u0105zuj\u0105 si\u0119 aktualizowa\u0107 udost\u0119pnione informacje. S\u0105 oni odpowiedzialni za nieprawdziwe lub niedok\u0142adne informacje oraz szkody przez nie spowodowane firmie IMPORTACO, S.A.<\/p>\n<h3>Polityka ochrony os\u00f3b nieletnich<\/h3>\n<p>U\u017cytkownicy, kt\u00f3rzy przeka\u017c\u0105 swoje dane osobowe za po\u015brednictwem formularzy niniejszej strony internetowej, wyra\u017caj\u0105 zgod\u0119 na ich przetwarzanie i o\u015bwiadczaj\u0105, \u017ce maja powy\u017cej 14 lat.<\/p>\n<p>Zabrania si\u0119 u\u017cytkowania i dost\u0119pu na stron\u0119 internetow\u0105 osobom poni\u017cej 14 roku \u017cycia.<\/p>\n<p>Firma IMPORTACO, S.A. przypomina, \u017ce osoby pe\u0142noletnie odpowiedzialne za nieletnich, posiada\u0107 b\u0119d\u0105 wy\u0142\u0105czn\u0105 odpowiedzialno\u015b\u0107 za przekazane przez nich dane w celu zam\u00f3wienia produktu lub us\u0142ugi:.<\/p>\n<h3>Sieci spo\u0142eczno\u015bciowe:<\/h3>\n<p>\u015aledz\u0105c nasz profil w sieciach spo\u0142eczno\u015bciowych, u\u017cytkownicy wyra\u017caj\u0105 jednoznaczn\u0105 zgod\u0119 na przetwarzanie ich danych osobowych, zgodnie z odpowiednia polityk\u0105 prywatno\u015bci.<\/p>\n<p>Publikowane komentarze i tre\u015bci w sieciach spo\u0142eczno\u015bciowych staj\u0105 si\u0119 informacja publiczn\u0105, dlatego te\u017c u\u017cytkownicy powinni wykazywa\u0107 szczeg\u00f3ln\u0105 ostro\u017cno\u015b\u0107, je\u015bli chodzi o zamieszczanie swoich danych osobowych. Firma IMPORTACO, S.A. nie bierze odpowiedzialno\u015bci za informacje, kt\u00f3re u\u017cytkownicy zamieszczaj\u0105 na stronach owych sieci spo\u0142eczno\u015bciowych podmiot\u00f3w trzecich.<\/p>\n<h3>Pliki cookies<\/h3>\n<p>Cookies s\u0105 narz\u0119dziem technicznym do monitorowania i \u015bledzenia odwiedzin stron internetowych. S\u0105 to niewielkie pliki tekstowe zapisywane na komputerze u\u017cytkownika. Ta metoda wp\u0142ywa na prywatno\u015b\u0107, dlatego firma IMPORTACO, S.A. informuje, \u017ce mo\u017ce wykorzystywa\u0107 pliki cookies do sporz\u0105dzania statystyk u\u017cytkowania strony internetowej oraz do identyfikacji komputera u\u017cytkownika, by rozpoznawa\u0107 go podczas kolejnych wizyt. Nie mniej jednak u\u017cytkownik mo\u017ce skonfigurowa\u0107 ustawienia swojej przegl\u0105darki w taki spos\u00f3b, by nie zezwoli\u0107 na wykorzystywanie cookies podczas odwiedzin strony internetowej.<\/p>\n<p>Aby zapozna\u0107 si\u0119 z \u201ePolityk\u0105 wykorzystywania plik\u00f3w cookies\u201d, prosimy klikn\u0105\u0107 niniejszy link.<\/p>\n<h3>Linki do innych stron internetowych<\/h3>\n<p>Linki widniej\u0105ce na niniejszej stronie internetowej stanowi\u0105 rodzaj us\u0142ugi dla u\u017cytkownik\u00f3w. Owe \u0142\u0105cza udost\u0119pniane s\u0105 w dobrej wierze i dlatego firma IMPORTACO, S.A. nie odpowiada za tre\u015bci stron internetowych podmiot\u00f3w trzecich, ani za zmiany kt\u00f3re mog\u0105 nast\u0105pi\u0107 w przysz\u0142o\u015bci na tych witrynach, do kt\u00f3rych udost\u0119pnia si\u0119 linki.<\/p>\n<p>Zamieszczenie linku lub \u0142\u0105cza hipertekstowego nie oznacza w \u017cadnym wypadku, \u017ce istniej\u0105 relacje pomi\u0119dzy firm\u0105 IMPORTACO, S.A. a w\u0142a\u015bcicielem lub posiadaczem konkretnej strony powi\u0105zanej lub dost\u0119pnej z niniejszej strony internetowej za po\u015brednictwem hiper\u0142\u0105czy. Nie mo\u017ce by\u0107 tak\u017ce rozumiane jako aprobata tre\u015bci tych stron przez firm\u0119 IMPORTACO, S.A.<\/p>\n<h3>Zmiany w tre\u015bci i katalogach<\/h3>\n<p>Firma IMPORTACO, S.A. dok\u0142ada wszelkich stara\u0144, jednak nie mo\u017ce zagwarantowa\u0107 ca\u0142kowitej zgodno\u015bci z prawd\u0105, dok\u0142adno\u015bci, wiarygodno\u015bci, u\u017cyteczno\u015bci i\/lub aktualno\u015bci tre\u015bci i katalog\u00f3w zamieszczonych na niniejszej stronie internetowej.<\/p>\n<p>Firma IMPORTACO, S.A. zastrzega sobie r\u00f3wnie\u017c prawo do wprowadzania zmian w tre\u015bci swoich katalog\u00f3w oraz oferty handlowej produkt\u00f3w w dowolnym momencie, uznanym za stosowny, a tak\u017ce do bie\u017c\u0105cej aktualizacji tre\u015bci.<\/p>\n<p>Informacje zawarte na niniejszej stronie internetowej posiadaj\u0105 charakter wy\u0142\u0105cznie informacyjny, doradczy, popularyzatorski oraz reklamowy. W \u017cadnym wypadku nie stanowi\u0105 wi\u0105\u017c\u0105cego lub umownego zobowi\u0105zania.<\/p>\n<p>Firma IMPORTACO, S.A. nie bierze na siebie \u017cadnej odpowiedzialno\u015bci za decyzje podejmowane przez u\u017cytkownik\u00f3w oparte na podanych informacjach, ani za ewentualne b\u0142\u0119dy lub pomini\u0119cia, kt\u00f3re mog\u0105 zawiera\u0107 dokumenty lub katalogi handlowe. Informacje podlegaj\u0105 mo\u017cliwo\u015bci wprowadzania do tre\u015bci zmian okresowych bez uprzedniego powiadomienia, z uwagi na poszerzanie, ulepszanie, korekt\u0119 lub aktualizacj\u0119 podawanych informacji.<\/p>\n<p>Aby nieustannie ulepsza\u0107 stron\u0119 internetow\u0105, firma IMPORTACO, S.A. zastrzega sobie prawo do wprowadzania w dowolnym momencie i bez uprzedzenia zmian lub aktualizacji informacji zawartych na niniejszej stronie internetowej, jej ustawie\u0144 i szaty graficznej, a tak\u017ce niniejszego ostrze\u017cenia prawnego oraz wszelkich innych warunk\u00f3w szczeg\u00f3\u0142owych.<\/p>\n<h3>Zwolnienie z odpowiedzialno\u015bci<\/h3>\n<p>Tre\u015bci zawarte na stronie internetowej zosta\u0142y opracowane w najlepszej wierze, w celu przekazania informacji u\u017cytkownikom, dlatego te\u017c firma IMPORTACO, S.A. nie ponosi \u017cadnej odpowiedzialno\u015bci za dok\u0142adno\u015b\u0107 lub ca\u0142o\u015b\u0107 wspomnianych informacji. Nie gwarantuje te\u017c dok\u0142adno\u015bci ani aktualno\u015bci strony internetowej, kt\u00f3ra mo\u017ce ulec zmianom w dowolnym momencie, bez uprzedniego powiadomienia.<\/p>\n<p>Firma IMPORTACO, S.A. nie odpowiada za ewentualne szkody mog\u0105ce wynika\u0107 z ingerencji, pomini\u0119\u0107, przerw, wirus\u00f3w informatycznych, awarii telefonicznych lub roz\u0142\u0105cze\u0144 w dzia\u0142aniu operacyjnym system\u00f3w elektronicznych lub informatycznych, spowodowanych przyczynami niezale\u017cnymi od posiadacza niniejszej strony internetowej, za op\u00f3\u017anienia lub blokady w u\u017cytkowaniu owych system\u00f3w spowodowane b\u0142\u0119dami lub przeci\u0105\u017ceniami linii telefonicznych, przeci\u0105\u017ceniami sieci internetowej lub innych system\u00f3w elektronicznych.<\/p>\n<h3>Zawis\u0142o\u015b\u0107 prawna<\/h3>\n<p>Niniejsze ostrze\u017cenie prawne podporz\u0105dkowane jest hiszpa\u0144skiemu prawu i podlega w\u0142a\u015bciwym organom s\u0105downiczym w Hiszpanii.<\/p>\n","protected":false},"excerpt":{"rendered":"<p>OSTRZE\u017bENIE PRAWNE www.itac-professional.com\/pl Dane identyfikacyjne Zgodnie z obowi\u0105zkiem informacji przewidzianym w art. 10 Ustawy nr 34\/2002 z dnia 11 lipca o Us\u0142ugach zinformatyzowanego spo\u0142ecze\u0144stwa i handlu Elektronicznym, firma IMPORTACO, S.A., w charakterze posiadacza strony internetowej www.itac-professional.com, wskazuje nast\u0119puj\u0105ce dane identyfikacyjne: Nazwa sp\u00f3\u0142ki: IMPORTACO, S.A. Adres: Carretera Real de Madrid Norte, 81; 46469 Beniparrell (Walencja) NIP:&hellip;<\/p>\n","protected":false},"author":1,"featured_media":0,"parent":0,"menu_order":0,"comment_status":"closed","ping_status":"closed","template":"","meta":{"_acf_changed":false,"content-type":"","footnotes":"","_links_to":"","_links_to_target":""},"class_list":["post-5030","page","type-page","status-publish","hentry"],"acf":[],"yoast_head":"<!-- This site is optimized with the Yoast SEO plugin v27.3 - https:\/\/yoast.com\/product\/yoast-seo-wordpress\/ -->\n<title>Informacja Prawna i Polityka Prywatno\u015bci | Itac Professional<\/title>\n<meta name=\"description\" content=\"Polityka prywatno\u015bci: warunki nawigacji, korzystania z danych i tre\u015bci strony internetowej Importaco International Food Group.\" \/>\n<meta name=\"robots\" content=\"index, follow, max-snippet:-1, max-image-preview:large, max-video-preview:-1\" \/>\n<link rel=\"canonical\" href=\"https:\/\/www.itac-professional.com\/pl\/ostrzezenie-prawne\/\" \/>\n<meta property=\"og:locale\" content=\"es_ES\" \/>\n<meta property=\"og:type\" content=\"article\" \/>\n<meta property=\"og:title\" content=\"Informacja Prawna i Polityka Prywatno\u015bci | Itac Professional\" \/>\n<meta property=\"og:description\" content=\"Polityka prywatno\u015bci: warunki nawigacji, korzystania z danych i tre\u015bci strony internetowej Importaco International Food Group.\" \/>\n<meta property=\"og:url\" content=\"https:\/\/www.itac-professional.com\/pl\/ostrzezenie-prawne\/\" \/>\n<meta property=\"og:site_name\" content=\"ITAC PROFESSIONAL\" \/>\n<meta property=\"article:publisher\" content=\"https:\/\/www.facebook.com\/itacpl\/?__tn__=%2cd%2cP-R&amp;amp%3bamp%3bamp%3beid=ARDlbBGdvN1GldNhuRmgHiU6tnbbCAl9fGzcoMdXJtpaDmSPPUWNWMZggUNgE-uhlBECVQWwd8uysOwe\" \/>\n<meta property=\"article:modified_time\" content=\"2023-08-08T08:03:03+00:00\" \/>\n<meta name=\"twitter:card\" content=\"summary_large_image\" \/>\n<meta name=\"twitter:label1\" content=\"Tiempo de lectura\" \/>\n\t<meta name=\"twitter:data1\" content=\"9 minutos\" \/>\n<script type=\"application\/ld+json\" class=\"yoast-schema-graph\">{\"@context\":\"https:\\\/\\\/schema.org\",\"@graph\":[{\"@type\":\"WebPage\",\"@id\":\"https:\\\/\\\/www.itac-professional.com\\\/pl\\\/ostrzezenie-prawne\\\/\",\"url\":\"https:\\\/\\\/www.itac-professional.com\\\/pl\\\/ostrzezenie-prawne\\\/\",\"name\":\"Informacja Prawna i Polityka Prywatno\u015bci | Itac Professional\",\"isPartOf\":{\"@id\":\"https:\\\/\\\/www.itac-professional.com\\\/pl\\\/#website\"},\"datePublished\":\"2019-01-15T14:05:07+00:00\",\"dateModified\":\"2023-08-08T08:03:03+00:00\",\"description\":\"Polityka prywatno\u015bci: warunki nawigacji, korzystania z danych i tre\u015bci strony internetowej Importaco International Food Group.\",\"breadcrumb\":{\"@id\":\"https:\\\/\\\/www.itac-professional.com\\\/pl\\\/ostrzezenie-prawne\\\/#breadcrumb\"},\"inLanguage\":\"es\",\"potentialAction\":[{\"@type\":\"ReadAction\",\"target\":[\"https:\\\/\\\/www.itac-professional.com\\\/pl\\\/ostrzezenie-prawne\\\/\"]}]},{\"@type\":\"BreadcrumbList\",\"@id\":\"https:\\\/\\\/www.itac-professional.com\\\/pl\\\/ostrzezenie-prawne\\\/#breadcrumb\",\"itemListElement\":[{\"@type\":\"ListItem\",\"position\":1,\"name\":\"Inicio\",\"item\":\"https:\\\/\\\/www.itac-professional.com\\\/pl\\\/\"},{\"@type\":\"ListItem\",\"position\":2,\"name\":\"OSTRZE\u017bENIE PRAWNE\"}]},{\"@type\":\"WebSite\",\"@id\":\"https:\\\/\\\/www.itac-professional.com\\\/pl\\\/#website\",\"url\":\"https:\\\/\\\/www.itac-professional.com\\\/pl\\\/\",\"name\":\"ITAC PROFESSIONAL\",\"description\":\"Frutos secos, frutas desecadas, snacks ...\",\"publisher\":{\"@id\":\"https:\\\/\\\/www.itac-professional.com\\\/pl\\\/#organization\"},\"potentialAction\":[{\"@type\":\"SearchAction\",\"target\":{\"@type\":\"EntryPoint\",\"urlTemplate\":\"https:\\\/\\\/www.itac-professional.com\\\/pl\\\/?s={search_term_string}\"},\"query-input\":{\"@type\":\"PropertyValueSpecification\",\"valueRequired\":true,\"valueName\":\"search_term_string\"}}],\"inLanguage\":\"es\"},{\"@type\":\"Organization\",\"@id\":\"https:\\\/\\\/www.itac-professional.com\\\/pl\\\/#organization\",\"name\":\"Itac Professional\",\"url\":\"https:\\\/\\\/www.itac-professional.com\\\/pl\\\/\",\"logo\":{\"@type\":\"ImageObject\",\"inLanguage\":\"es\",\"@id\":\"https:\\\/\\\/www.itac-professional.com\\\/pl\\\/#\\\/schema\\\/logo\\\/image\\\/\",\"url\":\"https:\\\/\\\/www.itac-professional.com\\\/wp-content\\\/uploads\\\/2018\\\/10\\\/LOGO-ITACPROF-160.png\",\"contentUrl\":\"https:\\\/\\\/www.itac-professional.com\\\/wp-content\\\/uploads\\\/2018\\\/10\\\/LOGO-ITACPROF-160.png\",\"width\":160,\"height\":80,\"caption\":\"Itac Professional\"},\"image\":{\"@id\":\"https:\\\/\\\/www.itac-professional.com\\\/pl\\\/#\\\/schema\\\/logo\\\/image\\\/\"},\"sameAs\":[\"https:\\\/\\\/www.facebook.com\\\/itacpl\\\/?__tn__=,d,P-R&amp;amp;amp;eid=ARDlbBGdvN1GldNhuRmgHiU6tnbbCAl9fGzcoMdXJtpaDmSPPUWNWMZggUNgE-uhlBECVQWwd8uysOwe\",\"https:\\\/\\\/www.linkedin.com\\\/sharing\\\/share-offsite\\\/?url=https:\\\/\\\/www.itac-professional.com\\\/retail\\\/\"]}]}<\/script>\n<!-- \/ Yoast SEO plugin. -->","yoast_head_json":{"title":"Informacja Prawna i Polityka Prywatno\u015bci | Itac Professional","description":"Polityka prywatno\u015bci: warunki nawigacji, korzystania z danych i tre\u015bci strony internetowej Importaco International Food Group.","robots":{"index":"index","follow":"follow","max-snippet":"max-snippet:-1","max-image-preview":"max-image-preview:large","max-video-preview":"max-video-preview:-1"},"canonical":"https:\/\/www.itac-professional.com\/pl\/ostrzezenie-prawne\/","og_locale":"es_ES","og_type":"article","og_title":"Informacja Prawna i Polityka Prywatno\u015bci | Itac Professional","og_description":"Polityka prywatno\u015bci: warunki nawigacji, korzystania z danych i tre\u015bci strony internetowej Importaco International Food Group.","og_url":"https:\/\/www.itac-professional.com\/pl\/ostrzezenie-prawne\/","og_site_name":"ITAC PROFESSIONAL","article_publisher":"https:\/\/www.facebook.com\/itacpl\/?__tn__=%2cd%2cP-R&amp%3bamp%3bamp%3beid=ARDlbBGdvN1GldNhuRmgHiU6tnbbCAl9fGzcoMdXJtpaDmSPPUWNWMZggUNgE-uhlBECVQWwd8uysOwe","article_modified_time":"2023-08-08T08:03:03+00:00","twitter_card":"summary_large_image","twitter_misc":{"Tiempo de lectura":"9 minutos"},"schema":{"@context":"https:\/\/schema.org","@graph":[{"@type":"WebPage","@id":"https:\/\/www.itac-professional.com\/pl\/ostrzezenie-prawne\/","url":"https:\/\/www.itac-professional.com\/pl\/ostrzezenie-prawne\/","name":"Informacja Prawna i Polityka Prywatno\u015bci | Itac Professional","isPartOf":{"@id":"https:\/\/www.itac-professional.com\/pl\/#website"},"datePublished":"2019-01-15T14:05:07+00:00","dateModified":"2023-08-08T08:03:03+00:00","description":"Polityka prywatno\u015bci: warunki nawigacji, korzystania z danych i tre\u015bci strony internetowej Importaco International Food Group.","breadcrumb":{"@id":"https:\/\/www.itac-professional.com\/pl\/ostrzezenie-prawne\/#breadcrumb"},"inLanguage":"es","potentialAction":[{"@type":"ReadAction","target":["https:\/\/www.itac-professional.com\/pl\/ostrzezenie-prawne\/"]}]},{"@type":"BreadcrumbList","@id":"https:\/\/www.itac-professional.com\/pl\/ostrzezenie-prawne\/#breadcrumb","itemListElement":[{"@type":"ListItem","position":1,"name":"Inicio","item":"https:\/\/www.itac-professional.com\/pl\/"},{"@type":"ListItem","position":2,"name":"OSTRZE\u017bENIE PRAWNE"}]},{"@type":"WebSite","@id":"https:\/\/www.itac-professional.com\/pl\/#website","url":"https:\/\/www.itac-professional.com\/pl\/","name":"ITAC PROFESSIONAL","description":"Frutos secos, frutas desecadas, snacks ...","publisher":{"@id":"https:\/\/www.itac-professional.com\/pl\/#organization"},"potentialAction":[{"@type":"SearchAction","target":{"@type":"EntryPoint","urlTemplate":"https:\/\/www.itac-professional.com\/pl\/?s={search_term_string}"},"query-input":{"@type":"PropertyValueSpecification","valueRequired":true,"valueName":"search_term_string"}}],"inLanguage":"es"},{"@type":"Organization","@id":"https:\/\/www.itac-professional.com\/pl\/#organization","name":"Itac Professional","url":"https:\/\/www.itac-professional.com\/pl\/","logo":{"@type":"ImageObject","inLanguage":"es","@id":"https:\/\/www.itac-professional.com\/pl\/#\/schema\/logo\/image\/","url":"https:\/\/www.itac-professional.com\/wp-content\/uploads\/2018\/10\/LOGO-ITACPROF-160.png","contentUrl":"https:\/\/www.itac-professional.com\/wp-content\/uploads\/2018\/10\/LOGO-ITACPROF-160.png","width":160,"height":80,"caption":"Itac Professional"},"image":{"@id":"https:\/\/www.itac-professional.com\/pl\/#\/schema\/logo\/image\/"},"sameAs":["https:\/\/www.facebook.com\/itacpl\/?__tn__=,d,P-R&amp;amp;amp;eid=ARDlbBGdvN1GldNhuRmgHiU6tnbbCAl9fGzcoMdXJtpaDmSPPUWNWMZggUNgE-uhlBECVQWwd8uysOwe","https:\/\/www.linkedin.com\/sharing\/share-offsite\/?url=https:\/\/www.itac-professional.com\/retail\/"]}]}},"_links":{"self":[{"href":"https:\/\/www.itac-professional.com\/pl\/wp-json\/wp\/v2\/pages\/5030","targetHints":{"allow":["GET"]}}],"collection":[{"href":"https:\/\/www.itac-professional.com\/pl\/wp-json\/wp\/v2\/pages"}],"about":[{"href":"https:\/\/www.itac-professional.com\/pl\/wp-json\/wp\/v2\/types\/page"}],"author":[{"embeddable":true,"href":"https:\/\/www.itac-professional.com\/pl\/wp-json\/wp\/v2\/users\/1"}],"replies":[{"embeddable":true,"href":"https:\/\/www.itac-professional.com\/pl\/wp-json\/wp\/v2\/comments?post=5030"}],"version-history":[{"count":3,"href":"https:\/\/www.itac-professional.com\/pl\/wp-json\/wp\/v2\/pages\/5030\/revisions"}],"predecessor-version":[{"id":14426,"href":"https:\/\/www.itac-professional.com\/pl\/wp-json\/wp\/v2\/pages\/5030\/revisions\/14426"}],"wp:attachment":[{"href":"https:\/\/www.itac-professional.com\/pl\/wp-json\/wp\/v2\/media?parent=5030"}],"curies":[{"name":"wp","href":"https:\/\/api.w.org\/{rel}","templated":true}]}}