{"id":4952,"date":"2019-01-14T19:28:55","date_gmt":"2019-01-14T19:28:55","guid":{"rendered":"https:\/\/itacpro.develacq.startgoconnection.es\/?page_id=4952"},"modified":"2025-07-15T15:49:15","modified_gmt":"2025-07-15T13:49:15","slug":"importaco-terra","status":"publish","type":"page","link":"https:\/\/www.itac-professional.com\/pl\/firma\/importaco-terra\/","title":{"rendered":"IMPORTACO TERRA"},"content":{"rendered":"<div class=\"wpb-content-wrapper\"><p>[vc_row][vc_column][vc_column_text el_class=\u00bbtitulo_empresa\u00bb]<\/p>\n<h1 style=\"text-align: center;\"><span style=\"color: #ff0000;\">FIRMA IMPORTACO TERRA<\/span><\/h1>\n<p>[\/vc_column_text][\/vc_column][\/vc_row][vc_row bg_type=\u00bbimage\u00bb parallax_style=\u00bbvcpb-vz-jquery\u00bb bg_image_new=\u00bbid^2174|url^https:\/\/www.itac-professional.com\/wp-content\/uploads\/2018\/10\/fondo-terra.jpg|caption^null|alt^null|title^fondo-terra|description^null\u00bb bg_image_repeat=\u00bbno-repeat\u00bb disable_on_mobile_img_parallax=\u00bbdisable_on_mobile_img_parallax_value\u00bb css=\u00bb.vc_custom_1540552155235{padding-top: 100px !important;padding-bottom: 150px !important;}\u00bb el_id=\u00bbcabempresa6&#8243;][vc_column][vc_single_image image=\u00bb23694&#8243; img_size=\u00bbmedium\u00bb alignment=\u00bbcenter\u00bb css=\u00bb.vc_custom_1702458877870{margin-top: 25px !important;margin-right: 25px !important;margin-bottom: 25px !important;margin-left: 25px !important;padding-top: 15px !important;padding-right: 15px !important;padding-bottom: 15px !important;padding-left: 15px !important;}\u00bb][\/vc_column][\/vc_row][vc_row full_width=\u00bbstretch_row\u00bb equal_height=\u00bbyes\u00bb css=\u00bb.vc_custom_1539076120137{margin-top: 75px !important;margin-right: 0px !important;margin-bottom: 0px !important;margin-left: 0px !important;padding-top: 0px !important;padding-right: 0px !important;padding-bottom: 0px !important;padding-left: 0px !important;background-color: #f5f5f5 !important;}\u00bb][vc_column css=\u00bb.vc_custom_1539076176203{margin-top: 0px !important;margin-right: 0px !important;margin-bottom: 0px !important;margin-left: 0px !important;padding-top: 0px !important;padding-right: 0px !important;padding-bottom: 0px !important;padding-left: 0px !important;}\u00bb][vc_row_inner content_placement=\u00bbmiddle\u00bb css=\u00bb.vc_custom_1539076414313{margin-top: 0px !important;margin-right: 0px !important;margin-bottom: 0px !important;margin-left: 0px !important;padding-top: 0px !important;padding-right: 0px !important;padding-bottom: 0px !important;padding-left: 0px !important;}\u00bb][vc_column_inner width=\u00bb1\/6&#8243;][\/vc_column_inner][vc_column_inner width=\u00bb2\/6&#8243;][vc_column_text css=\u00bb.vc_custom_1547545924924{padding-right: 10% !important;padding-left: 5% !important;}\u00bb]<\/p>\n<h3 style=\"text-align: center;\">POCHODZENIE<\/h3>\n<p style=\"text-align: center;\"><strong>Importaco Terra<\/strong> to firma za\u0142o\u017cona i wdro\u017cona do Grupy Importaco w 2015 r., by przybli\u017cy\u0107 hodowcom upraw\u0119 orzech\u00f3w. Specjalizuje si\u0119 w <strong>sadzeniu migda\u0142\u00f3w na terenie P\u00f3\u0142wyspu Iberyjskiego.<\/strong><\/p>\n<p>[\/vc_column_text][\/vc_column_inner][vc_column_inner width=\u00bb2\/6&#8243; css=\u00bb.vc_custom_1539076075902{margin-top: 0px !important;margin-right: 0px !important;margin-bottom: 0px !important;margin-left: 0px !important;border-top-width: 0px !important;border-right-width: 0px !important;padding-top: 0px !important;padding-right: 0px !important;padding-bottom: 0px !important;padding-left: 0px !important;}\u00bb][vc_single_image image=\u00bb4954&#8243; img_size=\u00bbfull\u00bb alignment=\u00bbright\u00bb css=\u00bb.vc_custom_1539953532216{margin-top: 0px !important;margin-right: 0px !important;margin-bottom: 0px !important;margin-left: 0px !important;}\u00bb][\/vc_column_inner][vc_column_inner width=\u00bb1\/6&#8243;][\/vc_column_inner][\/vc_row_inner][\/vc_column][\/vc_row][vc_row content_placement=\u00bbtop\u00bb el_class=\u00bbterraContentText1&#8243;][vc_column width=\u00bb1\/2&#8243;][vc_single_image image=\u00bb4955&#8243; img_size=\u00bbfull\u00bb][\/vc_column][vc_column width=\u00bb1\/2&#8243;][vc_row_inner content_placement=\u00bbtop\u00bb css=\u00bb.vc_custom_1540985574977{margin-top: 0px !important;margin-right: 0px !important;margin-bottom: 0px !important;margin-left: 0px !important;padding-top: 0px !important;padding-right: 0px !important;padding-bottom: 0px !important;padding-left: 0px !important;}\u00bb][vc_column_inner el_class=\u00bbterraText1&#8243; width=\u00bb2\/3&#8243; css=\u00bb.vc_custom_1540985601831{padding-left: 10px !important;}\u00bb][vc_column_text el_class=\u00bbtxtOrigen2&#8243;]<strong>Jej plantacje znajduj\u0105 si\u0119 w miejscowo\u015bciach Montijo (powiat Badajoz) oraz Vidigueira (Portugalia)<\/strong> , a misja nadrz\u0119dna skupia si\u0119 na rozpowszechnieniu projektu <strong> integracji rolniczej<\/strong> , celem wspierania rozwoju rolnictwa poprzez hodowl\u0119 hiszpa\u0144skich odmian migda\u0142\u00f3w.<\/p>\n<p><strong><img decoding=\"async\" class=\"alignleft wp-image-2196 imgClipBoard\" src=\"https:\/\/www.itac-professional.com\/wp-content\/uploads\/2018\/10\/ICON.png\" alt=\"\" width=\"65\" \/>Importaco Terra<\/strong> nadzoruje ca\u0142o\u015b\u0107 \u0142a\u0144cucha dostawy, gwarantuj\u0105c w ten spos\u00f3b kontrol\u0119 produktu ju\u017c od miejsca pochodzenia, w ramach dba\u0142o\u015bci o zr\u00f3wnowa\u017cenie.[\/vc_column_text][\/vc_column_inner][vc_column_inner width=\u00bb1\/3&#8243;][vc_single_image image=\u00bb7758&#8243; img_size=\u00bbfull\u00bb][\/vc_column_inner][\/vc_row_inner][\/vc_column][\/vc_row][vc_row full_width=\u00bbstretch_row\u00bb equal_height=\u00bbyes\u00bb css=\u00bb.vc_custom_1539944230190{background-color: #f5f5f5 !important;}\u00bb][vc_column css=\u00bb.vc_custom_1539076176203{margin-top: 0px !important;margin-right: 0px !important;margin-bottom: 0px !important;margin-left: 0px !important;padding-top: 0px !important;padding-right: 0px !important;padding-bottom: 0px !important;padding-left: 0px !important;}\u00bb][vc_row_inner content_placement=\u00bbmiddle\u00bb css=\u00bb.vc_custom_1539947062600{margin-top: 0px !important;margin-right: 0px !important;margin-bottom: -35px !important;margin-left: 0px !important;padding-top: 0px !important;padding-right: 0px !important;padding-bottom: 0px !important;padding-left: 0px !important;}\u00bb][vc_column_inner width=\u00bb1\/6&#8243; css=\u00bb.vc_custom_1539946975210{margin-top: 0px !important;margin-right: 0px !important;margin-bottom: 0px !important;margin-left: 0px !important;padding-top: 0px !important;padding-right: 0px !important;padding-bottom: 0px !important;padding-left: 0px !important;background-position: center !important;background-repeat: no-repeat !important;background-size: contain !important;}\u00bb][vc_single_image image=\u00bb4964&#8243; img_size=\u00bbfull\u00bb][\/vc_column_inner][vc_column_inner width=\u00bb2\/6&#8243; css=\u00bb.vc_custom_1539943220170{margin-top: 0px !important;margin-right: 0px !important;margin-bottom: 0px !important;margin-left: 0px !important;border-top-width: 0px !important;border-right-width: 0px !important;border-bottom-width: 0px !important;border-left-width: 0px !important;padding-top: 0px !important;padding-right: 20px !important;padding-bottom: 0px !important;padding-left: 20px !important;}\u00bb][vc_column_text]Model zarz\u0105dzania zr\u00f3wnowa\u017conym \u0142a\u0144cuchem dostawy ma na celu wsparcie g\u0142\u00f3wnej idei <strong>Globalnego Systemu Jako\u015bci,<\/strong> dzi\u0119ki \u015bcis\u0142ej kontroli bezpiecze\u0144stwa spo\u017cywczego od samej plantacji do produktu ko\u0144cowego. Pozwala to zaoferowa\u0107 konsumentom bardziej bezpieczny produkt o wy\u017cszej jako\u015bci i wspiera\u0107 rozw\u00f3j rolnictwa, dzi\u0119ki wykorzystywaniu produkt\u00f3w krajowych.[\/vc_column_text][\/vc_column_inner][vc_column_inner width=\u00bb3\/6&#8243; css=\u00bb.vc_custom_1539943906570{background-image: url(https:\/\/www.itac-professional.com\/wp-content\/uploads\/2018\/10\/panoramica675x281.jpg?id=2794) !important;background-position: center !important;background-repeat: no-repeat !important;background-size: cover !important;}\u00bb][vc_empty_space height=\u00bb286&#8243; css=\u00bb.vc_custom_1539947057231{margin-top: 0px !important;margin-right: 0px !important;margin-bottom: 0px !important;margin-left: 0px !important;border-top-width: 0px !important;border-right-width: 0px !important;border-bottom-width: 0px !important;border-left-width: 0px !important;padding-top: 0px !important;padding-right: 0px !important;padding-bottom: 0px !important;padding-left: 0px !important;}\u00bb][\/vc_column_inner][\/vc_row_inner][\/vc_column][\/vc_row][vc_row gap=\u00bb30&#8243; equal_height=\u00bbyes\u00bb content_placement=\u00bbbottom\u00bb css=\u00bb.vc_custom_1539879059754{margin-top: 0px !important;}\u00bb][vc_column css=\u00bb.vc_custom_1539878919316{margin-top: 0px !important;}\u00bb][vc_column_text]<\/p>\n<h3 style=\"text-align: center;\">ZAMIERZENIE INTEGRCJI ROLNICZEJ<\/h3>\n<p>[\/vc_column_text][vc_row_inner equal_height=\u00bbyes\u00bb content_placement=\u00bbtop\u00bb gap=\u00bb15&#8243;][vc_column_inner width=\u00bb1\/4&#8243; css=\u00bb.vc_custom_1540310082047{padding-right: 15px !important;padding-left: 15px !important;}\u00bb][vc_single_image image=\u00bb4963&#8243; img_size=\u00bbfull\u00bb alignment=\u00bbcenter\u00bb css=\u00bb.vc_custom_1540459835406{margin-bottom: 0px !important;}\u00bb][vc_column_text css=\u00bb.vc_custom_1540310601010{margin-top: 0px !important;}\u00bb el_class=\u00bbintegracion-text\u00bb]<small>Gospodarstwo Herdade do Freixo. Vidigueira, Portugalia<br \/>\n150 ha Plantacja z 2017 r.<\/small>[\/vc_column_text][\/vc_column_inner][vc_column_inner width=\u00bb1\/4&#8243; css=\u00bb.vc_custom_1540310103556{padding-right: 15px !important;padding-left: 15px !important;}\u00bb][vc_single_image image=\u00bb4962&#8243; img_size=\u00bbfull\u00bb alignment=\u00bbcenter\u00bb][\/vc_column_inner][vc_column_inner width=\u00bb1\/4&#8243; css=\u00bb.vc_custom_1540310127936{padding-right: 15px !important;padding-left: 15px !important;}\u00bb][vc_single_image image=\u00bb4961&#8243; img_size=\u00bbfull\u00bb alignment=\u00bbcenter\u00bb css=\u00bb.vc_custom_1540459877702{margin-bottom: 0px !important;}\u00bb][vc_column_text css=\u00bb.vc_custom_1540310608108{margin-top: 0px !important;}\u00bb el_class=\u00bbintegracion-text\u00bb]<small>Gospodarstwo La Guita. Montijo, Badajoz.<br \/>\n150 ha Plantacja z 2018 r.<\/small>[\/vc_column_text][\/vc_column_inner][vc_column_inner width=\u00bb1\/4&#8243;][vc_column_text css=\u00bb.vc_custom_1547494684832{margin-top: 20px !important;}\u00bb el_class=\u00bbterraObjetivoText1&#8243;]Zamierzenie integracji rolniczej polega na wspieraniu rolnik\u00f3w, celem stworzenia zespo\u0142u roboczego, kt\u00f3ry by\u0142by w stanie poprawi\u0107 wydajno\u015b\u0107 p\u00f3l, zapewniaj\u0105c tym samym jako\u015b\u0107 i konkurencyjno\u015b\u0107. [\/vc_column_text][\/vc_column_inner][\/vc_row_inner][\/vc_column][\/vc_row][vc_row css=\u00bb.vc_custom_1539945255660{margin-top: -40px !important;}\u00bb][vc_column css=\u00bb.vc_custom_1538741457091{margin-top: 25px !important;margin-bottom: 25px !important;}\u00bb][vc_column_text]<img decoding=\"async\" class=\"aligncenter wp-image-24008 size-medium\" src=\"https:\/\/www.itac-professional.com\/wp-content\/uploads\/2024\/02\/Importaco_Logotipo_Color_A_RGB-300x83.png\" alt=\"Importaco\" width=\"300\" height=\"83\" srcset=\"https:\/\/www.itac-professional.com\/wp-content\/uploads\/2024\/02\/Importaco_Logotipo_Color_A_RGB-300x83.png 300w, https:\/\/www.itac-professional.com\/wp-content\/uploads\/2024\/02\/Importaco_Logotipo_Color_A_RGB-1024x285.png 1024w, https:\/\/www.itac-professional.com\/wp-content\/uploads\/2024\/02\/Importaco_Logotipo_Color_A_RGB-768x214.png 768w, https:\/\/www.itac-professional.com\/wp-content\/uploads\/2024\/02\/Importaco_Logotipo_Color_A_RGB-1536x428.png 1536w, https:\/\/www.itac-professional.com\/wp-content\/uploads\/2024\/02\/Importaco_Logotipo_Color_A_RGB-2048x570.png 2048w\" sizes=\"(max-width: 300px) 100vw, 300px\" \/>[\/vc_column_text][\/vc_column][\/vc_row]<\/p>\n<\/div>","protected":false},"excerpt":{"rendered":"<p>[vc_row][vc_column][vc_column_text el_class=\u00bbtitulo_empresa\u00bb] FIRMA IMPORTACO TERRA [\/vc_column_text][\/vc_column][\/vc_row][vc_row bg_type=\u00bbimage\u00bb parallax_style=\u00bbvcpb-vz-jquery\u00bb bg_image_new=\u00bbid^2174|url^https:\/\/www.itac-professional.com\/wp-content\/uploads\/2018\/10\/fondo-terra.jpg|caption^null|alt^null|title^fondo-terra|description^null\u00bb bg_image_repeat=\u00bbno-repeat\u00bb disable_on_mobile_img_parallax=\u00bbdisable_on_mobile_img_parallax_value\u00bb css=\u00bb.vc_custom_1540552155235{padding-top: 100px !important;padding-bottom: 150px !important;}\u00bb el_id=\u00bbcabempresa6&#8243;][vc_column][vc_single_image image=\u00bb23694&#8243; img_size=\u00bbmedium\u00bb alignment=\u00bbcenter\u00bb css=\u00bb.vc_custom_1702458877870{margin-top: 25px !important;margin-right: 25px !important;margin-bottom: 25px !important;margin-left: 25px !important;padding-top: 15px !important;padding-right: 15px !important;padding-bottom: 15px !important;padding-left: 15px !important;}\u00bb][\/vc_column][\/vc_row][vc_row full_width=\u00bbstretch_row\u00bb equal_height=\u00bbyes\u00bb css=\u00bb.vc_custom_1539076120137{margin-top: 75px !important;margin-right: 0px !important;margin-bottom: 0px !important;margin-left: 0px !important;padding-top: 0px !important;padding-right: 0px !important;padding-bottom: 0px !important;padding-left: 0px&hellip;<\/p>\n","protected":false},"author":1,"featured_media":0,"parent":4885,"menu_order":0,"comment_status":"closed","ping_status":"closed","template":"","meta":{"_acf_changed":false,"content-type":"","footnotes":"","_links_to":"","_links_to_target":""},"class_list":["post-4952","page","type-page","status-publish","hentry"],"acf":[],"yoast_head":"<!-- This site is optimized with the Yoast SEO plugin v27.3 - https:\/\/yoast.com\/product\/yoast-seo-wordpress\/ -->\n<title>Importaco Terra: cultivo de almendras | Itac Professional<\/title>\n<meta name=\"description\" content=\"W Importaco Terra uprawiamy r\u00f3\u017cne odmiany migda\u0142\u00f3w. Ta integracja rolnicza gwarantuje maksymaln\u0105 jako\u015b\u0107 naszych produkt\u00f3w. Wi\u0119cej na stronie \u2b06\ufe0f\" \/>\n<meta name=\"robots\" content=\"index, follow, max-snippet:-1, max-image-preview:large, max-video-preview:-1\" \/>\n<link rel=\"canonical\" href=\"https:\/\/www.itac-professional.com\/pl\/firma\/importaco-terra\/\" \/>\n<meta property=\"og:locale\" content=\"es_ES\" \/>\n<meta property=\"og:type\" content=\"article\" \/>\n<meta property=\"og:title\" content=\"Importaco Terra: cultivo de almendras | Itac Professional\" \/>\n<meta property=\"og:description\" content=\"W Importaco Terra uprawiamy r\u00f3\u017cne odmiany migda\u0142\u00f3w. Ta integracja rolnicza gwarantuje maksymaln\u0105 jako\u015b\u0107 naszych produkt\u00f3w. Wi\u0119cej na stronie \u2b06\ufe0f\" \/>\n<meta property=\"og:url\" content=\"https:\/\/www.itac-professional.com\/pl\/firma\/importaco-terra\/\" \/>\n<meta property=\"og:site_name\" content=\"ITAC PROFESSIONAL\" \/>\n<meta property=\"article:publisher\" content=\"https:\/\/www.facebook.com\/itacpl\/?__tn__=%2cd%2cP-R&amp;amp%3bamp%3bamp%3beid=ARDlbBGdvN1GldNhuRmgHiU6tnbbCAl9fGzcoMdXJtpaDmSPPUWNWMZggUNgE-uhlBECVQWwd8uysOwe\" \/>\n<meta property=\"article:modified_time\" content=\"2025-07-15T13:49:15+00:00\" \/>\n<meta property=\"og:image\" content=\"https:\/\/www.itac-professional.com\/wp-content\/uploads\/2018\/10\/ICON.png\" \/>\n<meta name=\"twitter:card\" content=\"summary_large_image\" \/>\n<meta name=\"twitter:label1\" content=\"Tiempo de lectura\" \/>\n\t<meta name=\"twitter:data1\" content=\"6 minutos\" \/>\n<script type=\"application\/ld+json\" class=\"yoast-schema-graph\">{\"@context\":\"https:\\\/\\\/schema.org\",\"@graph\":[{\"@type\":\"WebPage\",\"@id\":\"https:\\\/\\\/www.itac-professional.com\\\/pl\\\/firma\\\/importaco-terra\\\/\",\"url\":\"https:\\\/\\\/www.itac-professional.com\\\/pl\\\/firma\\\/importaco-terra\\\/\",\"name\":\"Importaco Terra: cultivo de almendras | Itac Professional\",\"isPartOf\":{\"@id\":\"https:\\\/\\\/www.itac-professional.com\\\/pl\\\/#website\"},\"primaryImageOfPage\":{\"@id\":\"https:\\\/\\\/www.itac-professional.com\\\/pl\\\/firma\\\/importaco-terra\\\/#primaryimage\"},\"image\":{\"@id\":\"https:\\\/\\\/www.itac-professional.com\\\/pl\\\/firma\\\/importaco-terra\\\/#primaryimage\"},\"thumbnailUrl\":\"https:\\\/\\\/www.itac-professional.com\\\/wp-content\\\/uploads\\\/2018\\\/10\\\/ICON.png\",\"datePublished\":\"2019-01-14T19:28:55+00:00\",\"dateModified\":\"2025-07-15T13:49:15+00:00\",\"description\":\"W Importaco Terra uprawiamy r\u00f3\u017cne odmiany migda\u0142\u00f3w. Ta integracja rolnicza gwarantuje maksymaln\u0105 jako\u015b\u0107 naszych produkt\u00f3w. Wi\u0119cej na stronie \u2b06\ufe0f\",\"breadcrumb\":{\"@id\":\"https:\\\/\\\/www.itac-professional.com\\\/pl\\\/firma\\\/importaco-terra\\\/#breadcrumb\"},\"inLanguage\":\"es\",\"potentialAction\":[{\"@type\":\"ReadAction\",\"target\":[\"https:\\\/\\\/www.itac-professional.com\\\/pl\\\/firma\\\/importaco-terra\\\/\"]}]},{\"@type\":\"ImageObject\",\"inLanguage\":\"es\",\"@id\":\"https:\\\/\\\/www.itac-professional.com\\\/pl\\\/firma\\\/importaco-terra\\\/#primaryimage\",\"url\":\"https:\\\/\\\/www.itac-professional.com\\\/wp-content\\\/uploads\\\/2018\\\/10\\\/ICON.png\",\"contentUrl\":\"https:\\\/\\\/www.itac-professional.com\\\/wp-content\\\/uploads\\\/2018\\\/10\\\/ICON.png\"},{\"@type\":\"BreadcrumbList\",\"@id\":\"https:\\\/\\\/www.itac-professional.com\\\/pl\\\/firma\\\/importaco-terra\\\/#breadcrumb\",\"itemListElement\":[{\"@type\":\"ListItem\",\"position\":1,\"name\":\"Inicio\",\"item\":\"https:\\\/\\\/www.itac-professional.com\\\/pl\\\/\"},{\"@type\":\"ListItem\",\"position\":2,\"name\":\"Firma\",\"item\":\"https:\\\/\\\/www.itac-professional.com\\\/pl\\\/firma\\\/\"},{\"@type\":\"ListItem\",\"position\":3,\"name\":\"IMPORTACO TERRA\"}]},{\"@type\":\"WebSite\",\"@id\":\"https:\\\/\\\/www.itac-professional.com\\\/pl\\\/#website\",\"url\":\"https:\\\/\\\/www.itac-professional.com\\\/pl\\\/\",\"name\":\"ITAC PROFESSIONAL\",\"description\":\"Frutos secos, frutas desecadas, snacks ...\",\"publisher\":{\"@id\":\"https:\\\/\\\/www.itac-professional.com\\\/pl\\\/#organization\"},\"potentialAction\":[{\"@type\":\"SearchAction\",\"target\":{\"@type\":\"EntryPoint\",\"urlTemplate\":\"https:\\\/\\\/www.itac-professional.com\\\/pl\\\/?s={search_term_string}\"},\"query-input\":{\"@type\":\"PropertyValueSpecification\",\"valueRequired\":true,\"valueName\":\"search_term_string\"}}],\"inLanguage\":\"es\"},{\"@type\":\"Organization\",\"@id\":\"https:\\\/\\\/www.itac-professional.com\\\/pl\\\/#organization\",\"name\":\"Itac Professional\",\"url\":\"https:\\\/\\\/www.itac-professional.com\\\/pl\\\/\",\"logo\":{\"@type\":\"ImageObject\",\"inLanguage\":\"es\",\"@id\":\"https:\\\/\\\/www.itac-professional.com\\\/pl\\\/#\\\/schema\\\/logo\\\/image\\\/\",\"url\":\"https:\\\/\\\/www.itac-professional.com\\\/wp-content\\\/uploads\\\/2018\\\/10\\\/LOGO-ITACPROF-160.png\",\"contentUrl\":\"https:\\\/\\\/www.itac-professional.com\\\/wp-content\\\/uploads\\\/2018\\\/10\\\/LOGO-ITACPROF-160.png\",\"width\":160,\"height\":80,\"caption\":\"Itac Professional\"},\"image\":{\"@id\":\"https:\\\/\\\/www.itac-professional.com\\\/pl\\\/#\\\/schema\\\/logo\\\/image\\\/\"},\"sameAs\":[\"https:\\\/\\\/www.facebook.com\\\/itacpl\\\/?__tn__=,d,P-R&amp;amp;amp;eid=ARDlbBGdvN1GldNhuRmgHiU6tnbbCAl9fGzcoMdXJtpaDmSPPUWNWMZggUNgE-uhlBECVQWwd8uysOwe\",\"https:\\\/\\\/www.linkedin.com\\\/sharing\\\/share-offsite\\\/?url=https:\\\/\\\/www.itac-professional.com\\\/retail\\\/\"]}]}<\/script>\n<!-- \/ Yoast SEO plugin. -->","yoast_head_json":{"title":"Importaco Terra: cultivo de almendras | Itac Professional","description":"W Importaco Terra uprawiamy r\u00f3\u017cne odmiany migda\u0142\u00f3w. Ta integracja rolnicza gwarantuje maksymaln\u0105 jako\u015b\u0107 naszych produkt\u00f3w. Wi\u0119cej na stronie \u2b06\ufe0f","robots":{"index":"index","follow":"follow","max-snippet":"max-snippet:-1","max-image-preview":"max-image-preview:large","max-video-preview":"max-video-preview:-1"},"canonical":"https:\/\/www.itac-professional.com\/pl\/firma\/importaco-terra\/","og_locale":"es_ES","og_type":"article","og_title":"Importaco Terra: cultivo de almendras | Itac Professional","og_description":"W Importaco Terra uprawiamy r\u00f3\u017cne odmiany migda\u0142\u00f3w. Ta integracja rolnicza gwarantuje maksymaln\u0105 jako\u015b\u0107 naszych produkt\u00f3w. Wi\u0119cej na stronie \u2b06\ufe0f","og_url":"https:\/\/www.itac-professional.com\/pl\/firma\/importaco-terra\/","og_site_name":"ITAC PROFESSIONAL","article_publisher":"https:\/\/www.facebook.com\/itacpl\/?__tn__=%2cd%2cP-R&amp%3bamp%3bamp%3beid=ARDlbBGdvN1GldNhuRmgHiU6tnbbCAl9fGzcoMdXJtpaDmSPPUWNWMZggUNgE-uhlBECVQWwd8uysOwe","article_modified_time":"2025-07-15T13:49:15+00:00","og_image":[{"url":"https:\/\/www.itac-professional.com\/wp-content\/uploads\/2018\/10\/ICON.png","type":"","width":"","height":""}],"twitter_card":"summary_large_image","twitter_misc":{"Tiempo de lectura":"6 minutos"},"schema":{"@context":"https:\/\/schema.org","@graph":[{"@type":"WebPage","@id":"https:\/\/www.itac-professional.com\/pl\/firma\/importaco-terra\/","url":"https:\/\/www.itac-professional.com\/pl\/firma\/importaco-terra\/","name":"Importaco Terra: cultivo de almendras | Itac Professional","isPartOf":{"@id":"https:\/\/www.itac-professional.com\/pl\/#website"},"primaryImageOfPage":{"@id":"https:\/\/www.itac-professional.com\/pl\/firma\/importaco-terra\/#primaryimage"},"image":{"@id":"https:\/\/www.itac-professional.com\/pl\/firma\/importaco-terra\/#primaryimage"},"thumbnailUrl":"https:\/\/www.itac-professional.com\/wp-content\/uploads\/2018\/10\/ICON.png","datePublished":"2019-01-14T19:28:55+00:00","dateModified":"2025-07-15T13:49:15+00:00","description":"W Importaco Terra uprawiamy r\u00f3\u017cne odmiany migda\u0142\u00f3w. Ta integracja rolnicza gwarantuje maksymaln\u0105 jako\u015b\u0107 naszych produkt\u00f3w. Wi\u0119cej na stronie \u2b06\ufe0f","breadcrumb":{"@id":"https:\/\/www.itac-professional.com\/pl\/firma\/importaco-terra\/#breadcrumb"},"inLanguage":"es","potentialAction":[{"@type":"ReadAction","target":["https:\/\/www.itac-professional.com\/pl\/firma\/importaco-terra\/"]}]},{"@type":"ImageObject","inLanguage":"es","@id":"https:\/\/www.itac-professional.com\/pl\/firma\/importaco-terra\/#primaryimage","url":"https:\/\/www.itac-professional.com\/wp-content\/uploads\/2018\/10\/ICON.png","contentUrl":"https:\/\/www.itac-professional.com\/wp-content\/uploads\/2018\/10\/ICON.png"},{"@type":"BreadcrumbList","@id":"https:\/\/www.itac-professional.com\/pl\/firma\/importaco-terra\/#breadcrumb","itemListElement":[{"@type":"ListItem","position":1,"name":"Inicio","item":"https:\/\/www.itac-professional.com\/pl\/"},{"@type":"ListItem","position":2,"name":"Firma","item":"https:\/\/www.itac-professional.com\/pl\/firma\/"},{"@type":"ListItem","position":3,"name":"IMPORTACO TERRA"}]},{"@type":"WebSite","@id":"https:\/\/www.itac-professional.com\/pl\/#website","url":"https:\/\/www.itac-professional.com\/pl\/","name":"ITAC PROFESSIONAL","description":"Frutos secos, frutas desecadas, snacks ...","publisher":{"@id":"https:\/\/www.itac-professional.com\/pl\/#organization"},"potentialAction":[{"@type":"SearchAction","target":{"@type":"EntryPoint","urlTemplate":"https:\/\/www.itac-professional.com\/pl\/?s={search_term_string}"},"query-input":{"@type":"PropertyValueSpecification","valueRequired":true,"valueName":"search_term_string"}}],"inLanguage":"es"},{"@type":"Organization","@id":"https:\/\/www.itac-professional.com\/pl\/#organization","name":"Itac Professional","url":"https:\/\/www.itac-professional.com\/pl\/","logo":{"@type":"ImageObject","inLanguage":"es","@id":"https:\/\/www.itac-professional.com\/pl\/#\/schema\/logo\/image\/","url":"https:\/\/www.itac-professional.com\/wp-content\/uploads\/2018\/10\/LOGO-ITACPROF-160.png","contentUrl":"https:\/\/www.itac-professional.com\/wp-content\/uploads\/2018\/10\/LOGO-ITACPROF-160.png","width":160,"height":80,"caption":"Itac Professional"},"image":{"@id":"https:\/\/www.itac-professional.com\/pl\/#\/schema\/logo\/image\/"},"sameAs":["https:\/\/www.facebook.com\/itacpl\/?__tn__=,d,P-R&amp;amp;amp;eid=ARDlbBGdvN1GldNhuRmgHiU6tnbbCAl9fGzcoMdXJtpaDmSPPUWNWMZggUNgE-uhlBECVQWwd8uysOwe","https:\/\/www.linkedin.com\/sharing\/share-offsite\/?url=https:\/\/www.itac-professional.com\/retail\/"]}]}},"_links":{"self":[{"href":"https:\/\/www.itac-professional.com\/pl\/wp-json\/wp\/v2\/pages\/4952","targetHints":{"allow":["GET"]}}],"collection":[{"href":"https:\/\/www.itac-professional.com\/pl\/wp-json\/wp\/v2\/pages"}],"about":[{"href":"https:\/\/www.itac-professional.com\/pl\/wp-json\/wp\/v2\/types\/page"}],"author":[{"embeddable":true,"href":"https:\/\/www.itac-professional.com\/pl\/wp-json\/wp\/v2\/users\/1"}],"replies":[{"embeddable":true,"href":"https:\/\/www.itac-professional.com\/pl\/wp-json\/wp\/v2\/comments?post=4952"}],"version-history":[{"count":15,"href":"https:\/\/www.itac-professional.com\/pl\/wp-json\/wp\/v2\/pages\/4952\/revisions"}],"predecessor-version":[{"id":4968,"href":"https:\/\/www.itac-professional.com\/pl\/wp-json\/wp\/v2\/pages\/4952\/revisions\/4968"}],"up":[{"embeddable":true,"href":"https:\/\/www.itac-professional.com\/pl\/wp-json\/wp\/v2\/pages\/4885"}],"wp:attachment":[{"href":"https:\/\/www.itac-professional.com\/pl\/wp-json\/wp\/v2\/media?parent=4952"}],"curies":[{"name":"wp","href":"https:\/\/api.w.org\/{rel}","templated":true}]}}